{"id":96,"date":"2022-04-28T15:08:50","date_gmt":"2022-04-28T22:08:50","guid":{"rendered":"https:\/\/beta2.swrforum.com\/?page_id=96"},"modified":"2026-03-30T09:16:37","modified_gmt":"2026-03-30T16:16:37","slug":"reports-and-documents","status":"publish","type":"page","link":"https:\/\/yamhillheadstart.org\/es\/reports-and-documents\/","title":{"rendered":"Informes y Documentos"},"content":{"rendered":"<div class=\"gb-container gb-container-49fe41d3\"><div class=\"gb-inside-container\">\n\n<div style=\"height:50px\" aria-hidden=\"true\" class=\"wp-block-spacer\"><\/div>\n\n\n\n<h1 class=\"wp-block-heading\">Informes y Documentos<\/h1>\n\n\n\n<p class=\"has-medium-font-size\">En cumplimiento de las Normas Federales de Rendimiento de Head Start y como responsabilidad de Head Start of Yamhill County con las familias y los ni\u00f1os a los que sirve, HSYC hace p\u00fablico su Informe Anual. <\/p>\n\n\n\n<p><\/p>\n\n\n\n<p class=\"has-medium-font-size\">Los Est\u00e1ndares de Desempe\u00f1o de Head Start requieren que los programas de Head Start realicen una evaluaci\u00f3n de las necesidades de la comunidad cada cinco a\u00f1os. Esta evaluaci\u00f3n garantiza que el programa armoniza con las necesidades actuales de la comunidad y se base en las fortalezas y los recursos que existen en cada comunidad. Anualmente, los programas deben revisar y actualizar la evaluaci\u00f3n de la comunidad para reflejar cualquier cambio significativo.<\/p>\n\n\n\n<div class=\"wp-block-file\"><a id=\"wp-block-file--media-ea72002c-6c8f-4948-9c0d-eec5c195b169\" href=\"https:\/\/yamhillheadstart.org\/wp-content\/uploads\/2026\/03\/2024-2025-Annual-Report.pdf\" target=\"_blank\" rel=\"noreferrer noopener\">2024-2025 Annual Report<\/a><\/div>\n\n\n\n<div class=\"wp-block-file\"><a id=\"wp-block-file--media-f743846e-4c96-485c-98e7-6601484230b6\" href=\"https:\/\/yamhillheadstart.org\/wp-content\/uploads\/2026\/03\/HSYC-2025-2026-Community-Assessment-FINAL.pdf\" target=\"_blank\" rel=\"noreferrer noopener\">HSYC 2025-2026 Community Assessment<\/a><\/div>\n\n\n\n<p><a rel=\"noreferrer noopener\" href=\"https:\/\/yamhillheadstart.org\/es\/fileobjects\/stream_download\/314\/\" target=\"_blank\"><\/a><\/p>\n\n<\/div><\/div>\n\n\n<p><\/p>","protected":false},"excerpt":{"rendered":"<p>Reports and Documents As a part of the Head Start of Yamhill County&#8217;s accountability to the families and children it serves and in compliance with the Head Start Federal Performance Standards, HSYC makes public its Annual Report. Head Start Performance Standards require Head Start programs to conduct a community needs assessment every five years to &#8230; <a title=\"Reports &#038; Documents\" class=\"read-more\" href=\"https:\/\/yamhillheadstart.org\/es\/reports-and-documents\/\" aria-label=\"More on Reports &#038; Documents\">Read more<\/a><\/p>","protected":false},"author":1,"featured_media":2728,"parent":0,"menu_order":0,"comment_status":"closed","ping_status":"closed","template":"","meta":{"footnotes":""},"class_list":["post-96","page","type-page","status-publish","has-post-thumbnail"],"featured_image_src":"https:\/\/yamhillheadstart.org\/wp-content\/uploads\/2022\/10\/DSC_0075-2-scaled.jpg","_links":{"self":[{"href":"https:\/\/yamhillheadstart.org\/es\/wp-json\/wp\/v2\/pages\/96","targetHints":{"allow":["GET"]}}],"collection":[{"href":"https:\/\/yamhillheadstart.org\/es\/wp-json\/wp\/v2\/pages"}],"about":[{"href":"https:\/\/yamhillheadstart.org\/es\/wp-json\/wp\/v2\/types\/page"}],"author":[{"embeddable":true,"href":"https:\/\/yamhillheadstart.org\/es\/wp-json\/wp\/v2\/users\/1"}],"replies":[{"embeddable":true,"href":"https:\/\/yamhillheadstart.org\/es\/wp-json\/wp\/v2\/comments?post=96"}],"version-history":[{"count":14,"href":"https:\/\/yamhillheadstart.org\/es\/wp-json\/wp\/v2\/pages\/96\/revisions"}],"predecessor-version":[{"id":10622,"href":"https:\/\/yamhillheadstart.org\/es\/wp-json\/wp\/v2\/pages\/96\/revisions\/10622"}],"wp:featuredmedia":[{"embeddable":true,"href":"https:\/\/yamhillheadstart.org\/es\/wp-json\/wp\/v2\/media\/2728"}],"wp:attachment":[{"href":"https:\/\/yamhillheadstart.org\/es\/wp-json\/wp\/v2\/media?parent=96"}],"curies":[{"name":"wp","href":"https:\/\/api.w.org\/{rel}","templated":true}]}}