{"id":885,"date":"2022-05-18T12:51:36","date_gmt":"2022-05-18T19:51:36","guid":{"rendered":"https:\/\/beta2.swrforum.com\/?page_id=885"},"modified":"2025-08-19T13:51:50","modified_gmt":"2025-08-19T20:51:50","slug":"locations","status":"publish","type":"page","link":"https:\/\/yamhillheadstart.org\/es\/locations\/","title":{"rendered":"Ubicaciones"},"content":{"rendered":"<div class=\"gb-container gb-container-8c74a401\"><div class=\"gb-inside-container\">\n\n<div style=\"height:50px\" aria-hidden=\"true\" class=\"wp-block-spacer\"><\/div>\n\n\n\n<h2 class=\"wp-block-heading\">Vis\u00edtenos<\/h2>\n\n\n\n<p class=\"has-medium-font-size\">Tenemos cuatro ubicaciones, todas en el condado de Yamhill, Oreg\u00f3n. A continuaci\u00f3n puede encontrar la ubicaci\u00f3n m\u00e1s cercana a usted. Nos encantar\u00eda que se uniera a nosotros y nos permitiera asociarnos con usted durante los primeros a\u00f1os de crianza.<\/p>\n\n<\/div><\/div>\n\n<div class=\"gb-container gb-container-18175229\"><div class=\"gb-inside-container\">\n<div class=\"gb-grid-wrapper gb-grid-wrapper-85d5bf76\">\n<div class=\"gb-grid-column gb-grid-column-8ce2e410\"><div class=\"gb-container gb-container-8ce2e410\"><div class=\"gb-inside-container\">\n\n<figure class=\"wp-block-image size-full\"><img loading=\"lazy\" decoding=\"async\" width=\"500\" height=\"300\" src=\"https:\/\/yamhill.demo.webriculture.com\/wp-content\/uploads\/2022\/06\/newberg.jpg\" alt=\"\" class=\"wp-image-1524\" srcset=\"https:\/\/yamhillheadstart.org\/wp-content\/uploads\/2022\/06\/newberg.jpg 500w, https:\/\/yamhillheadstart.org\/wp-content\/uploads\/2022\/06\/newberg-300x180.jpg 300w, https:\/\/yamhillheadstart.org\/wp-content\/uploads\/2022\/06\/newberg-18x12.jpg 18w\" sizes=\"auto, (max-width: 500px) 100vw, 500px\" \/><\/figure>\n\n<\/div><\/div><\/div>\n\n<div class=\"gb-grid-column gb-grid-column-55e07664\"><div class=\"gb-container gb-container-55e07664\"><div class=\"gb-inside-container\">\n<div class=\"gb-container gb-container-2b98659e\"><div class=\"gb-inside-container\">\n\n<h4 class=\"wp-block-heading has-global-color-10-color has-text-color\">Newberg Center<\/h4>\n\n\n\n<p>Head Start of Yamhill County<br><a href=\"https:\/\/www.google.com\/maps\/place\/Head+Start+Yamhill+County\/@45.3156028,-122.9524745,17z\/data=!3m1!4b1!4m5!3m4!1s0x54956a8afb1feba7:0x4bf1d9fd8ccf4e7d!8m2!3d45.3155382!4d-122.9502587\"><i class=\"fas fa-map-marker-alt\"><\/i> 2813 Crestview Drive<br>Newberg, Oregon 97132<\/a><\/p>\n\n\n\n<p>Tel\u00e9fono <a href=\"tel:503-487-6936\">503-487-6936<\/a><br>Fax: 503-487-6937<\/p>\n\n<\/div><\/div>\n<\/div><\/div><\/div>\n<\/div>\n<\/div><\/div>\n\n<div class=\"gb-container gb-container-37091afe\"><div class=\"gb-inside-container\">\n<div class=\"gb-grid-wrapper gb-grid-wrapper-c5106020\">\n<div class=\"gb-grid-column gb-grid-column-963e4b73\"><div class=\"gb-container gb-container-963e4b73\"><div class=\"gb-inside-container\">\n\n<figure class=\"wp-block-image size-full\"><img loading=\"lazy\" decoding=\"async\" width=\"500\" height=\"300\" src=\"https:\/\/yamhill.demo.webriculture.com\/wp-content\/uploads\/2022\/06\/newberg.jpg\" alt=\"\" class=\"wp-image-1524\" srcset=\"https:\/\/yamhillheadstart.org\/wp-content\/uploads\/2022\/06\/newberg.jpg 500w, https:\/\/yamhillheadstart.org\/wp-content\/uploads\/2022\/06\/newberg-300x180.jpg 300w, https:\/\/yamhillheadstart.org\/wp-content\/uploads\/2022\/06\/newberg-18x12.jpg 18w\" sizes=\"auto, (max-width: 500px) 100vw, 500px\" \/><\/figure>\n\n<\/div><\/div><\/div>\n\n<div class=\"gb-grid-column gb-grid-column-af760f88\"><div class=\"gb-container gb-container-af760f88\"><div class=\"gb-inside-container\">\n<div class=\"gb-container gb-container-f0ccc26b\"><div class=\"gb-inside-container\">\n\n<h4 class=\"wp-block-heading has-global-color-10-color has-text-color\">Newberg Toddler Center<\/h4>\n\n\n\n<p>Head Start of Yamhill County<br><a href=\"https:\/\/www.google.com\/maps\/place\/Head+Start+Yamhill+County\/@45.3156028,-122.9524745,17z\/data=!3m1!4b1!4m5!3m4!1s0x54956a8afb1feba7:0x4bf1d9fd8ccf4e7d!8m2!3d45.3155382!4d-122.9502587\"><i class=\"fas fa-map-marker-alt\"><\/i> 2813 Crestview Drive<br>Newberg, Oregon 97132<\/a><\/p>\n\n\n\n<p>Tel\u00e9fono <a href=\"tel:971-706-2344\">&nbsp;971-706-2344<\/a><br>Tel\u00e9fono &nbsp;<a href=\"tel:9717062339\">971-706-2339<\/a><\/p>\n\n<\/div><\/div>\n<\/div><\/div><\/div>\n<\/div>\n<\/div><\/div>\n\n<div class=\"gb-container gb-container-9364b54f\"><div class=\"gb-inside-container\">\n<div class=\"gb-grid-wrapper gb-grid-wrapper-2ba3ea5f\">\n<div class=\"gb-grid-column gb-grid-column-6196c9cf\"><div class=\"gb-container gb-container-6196c9cf\"><div class=\"gb-inside-container\">\n\n<figure class=\"wp-block-image size-full\"><img loading=\"lazy\" decoding=\"async\" width=\"500\" height=\"300\" src=\"https:\/\/yamhill.demo.webriculture.com\/wp-content\/uploads\/2022\/06\/sharidan.jpg\" alt=\"\" class=\"wp-image-1525\" srcset=\"https:\/\/yamhillheadstart.org\/wp-content\/uploads\/2022\/06\/sharidan.jpg 500w, https:\/\/yamhillheadstart.org\/wp-content\/uploads\/2022\/06\/sharidan-300x180.jpg 300w, https:\/\/yamhillheadstart.org\/wp-content\/uploads\/2022\/06\/sharidan-18x12.jpg 18w\" sizes=\"auto, (max-width: 500px) 100vw, 500px\" \/><\/figure>\n\n<\/div><\/div><\/div>\n\n<div class=\"gb-grid-column gb-grid-column-85a0eedd\"><div class=\"gb-container gb-container-85a0eedd\"><div class=\"gb-inside-container\">\n<div class=\"gb-container gb-container-d09c42b4\"><div class=\"gb-inside-container\">\n\n<h4 class=\"wp-block-heading has-global-color-10-color has-text-color\">Sheridan Center<\/h4>\n\n\n\n<p>Head Start of Yamhill County<br><a href=\"https:\/\/www.google.com\/maps\/place\/Head+Start+of+Yamhill+County\/@45.0957448,-123.4275099,17z\/data=!3m1!4b1!4m5!3m4!1s0x54eab15fe48ef337:0x838eb911bc0bf00b!8m2!3d45.0957331!4d-123.425313\" data-type=\"URL\" data-id=\"https:\/\/www.google.com\/maps\/place\/Head+Start+of+Yamhill+County\/@45.0957448,-123.4275099,17z\/data=!3m1!4b1!4m5!3m4!1s0x54eab15fe48ef337:0x838eb911bc0bf00b!8m2!3d45.0957331!4d-123.425313\"><\/a><a href=\"https:\/\/www.google.com\/maps\/place\/Head+Start+Yamhill+County\/@45.3156028,-122.9524745,17z\/data=!3m1!4b1!4m5!3m4!1s0x54956a8afb1feba7:0x4bf1d9fd8ccf4e7d!8m2!3d45.3155382!4d-122.9502587\"><i class=\"fas fa-map-marker-alt\"><\/i><\/a> <a href=\"https:\/\/www.google.com\/maps\/place\/Head+Start+of+Yamhill+County\/@45.0957448,-123.4275099,17z\/data=!3m1!4b1!4m5!3m4!1s0x54eab15fe48ef337:0x838eb911bc0bf00b!8m2!3d45.0957331!4d-123.425313\" data-type=\"URL\" data-id=\"https:\/\/www.google.com\/maps\/place\/Head+Start+of+Yamhill+County\/@45.0957448,-123.4275099,17z\/data=!3m1!4b1!4m5!3m4!1s0x54eab15fe48ef337:0x838eb911bc0bf00b!8m2!3d45.0957331!4d-123.425313\">1500 W Main Street<br>Sheridan, Oregon 97378<\/a><\/p>\n\n\n\n<p>Tel\u00e9fono <a href=\"tel:503-843-3525\" data-type=\"tel\" data-id=\"tel:503-843-3525\">503-843-3525<\/a><br>Fax: 503-843-3576<\/p>\n\n<\/div><\/div>\n<\/div><\/div><\/div>\n<\/div>\n<\/div><\/div>\n\n<div class=\"gb-container gb-container-d3f2f4eb\"><div class=\"gb-inside-container\">\n<div class=\"gb-grid-wrapper gb-grid-wrapper-51f0e9bd\">\n<div class=\"gb-grid-column gb-grid-column-9910445b\"><div class=\"gb-container gb-container-9910445b\"><div class=\"gb-inside-container\">\n\n<figure class=\"wp-block-image size-full\"><img loading=\"lazy\" decoding=\"async\" width=\"448\" height=\"321\" src=\"https:\/\/yamhill.demo.webriculture.com\/wp-content\/uploads\/2022\/06\/eichman.jpg\" alt=\"\" class=\"wp-image-1522\" srcset=\"https:\/\/yamhillheadstart.org\/wp-content\/uploads\/2022\/06\/eichman.jpg 448w, https:\/\/yamhillheadstart.org\/wp-content\/uploads\/2022\/06\/eichman-300x215.jpg 300w, https:\/\/yamhillheadstart.org\/wp-content\/uploads\/2022\/06\/eichman-18x12.jpg 18w\" sizes=\"auto, (max-width: 448px) 100vw, 448px\" \/><\/figure>\n\n<\/div><\/div><\/div>\n\n<div class=\"gb-grid-column gb-grid-column-e9822b16\"><div class=\"gb-container gb-container-e9822b16\"><div class=\"gb-inside-container\">\n<div class=\"gb-container gb-container-e676f523\"><div class=\"gb-inside-container\">\n\n<h4 class=\"wp-block-heading has-global-color-10-color has-text-color\">Michael Eichman Center<\/h4>\n\n\n\n<p>Head Start of Yamhill County<br><a href=\"https:\/\/www.google.com\/maps\/place\/Head+Start+of+Yamhill+County\/@45.2095574,-123.1925949,17z\/data=!3m1!4b1!4m5!3m4!1s0x5495493120ea08c9:0x1069cc721a1965f1!8m2!3d45.2094531!4d-123.190381\"><\/a><a href=\"https:\/\/www.google.com\/maps\/place\/Head+Start+Yamhill+County\/@45.3156028,-122.9524745,17z\/data=!3m1!4b1!4m5!3m4!1s0x54956a8afb1feba7:0x4bf1d9fd8ccf4e7d!8m2!3d45.3155382!4d-122.9502587\"><i class=\"fas fa-map-marker-alt\"><\/i><\/a> <a href=\"https:\/\/www.google.com\/maps\/place\/Head+Start+of+Yamhill+County\/@45.2095574,-123.1925949,17z\/data=!3m1!4b1!4m5!3m4!1s0x5495493120ea08c9:0x1069cc721a1965f1!8m2!3d45.2094531!4d-123.190381\">813 NE 2nd Street<br>McMinnville, Oregon 97128<\/a><\/p>\n\n\n\n<p>Tel\u00e9fono <a href=\"tel:503-883-0076\">503-883-0076<\/a><br>Fax: 503-883-0073<\/p>\n\n<\/div><\/div>\n<\/div><\/div><\/div>\n<\/div>\n<\/div><\/div>\n\n<div class=\"gb-container gb-container-3236395f\"><div class=\"gb-inside-container\">\n<div class=\"gb-grid-wrapper gb-grid-wrapper-caee310f\">\n<div class=\"gb-grid-column gb-grid-column-ee02fc00\"><div class=\"gb-container gb-container-ee02fc00\"><div class=\"gb-inside-container\">\n\n<figure class=\"wp-block-image is-resized\"><img loading=\"lazy\" decoding=\"async\" width=\"2560\" height=\"1615\" src=\"https:\/\/yamhillheadstart.org\/wp-content\/uploads\/2023\/11\/DSC_0032e-scaled.jpg\" alt=\"\" class=\"wp-image-5028\" style=\"width:363px;height:auto\" srcset=\"https:\/\/yamhillheadstart.org\/wp-content\/uploads\/2023\/11\/DSC_0032e-scaled.jpg 2560w, https:\/\/yamhillheadstart.org\/wp-content\/uploads\/2023\/11\/DSC_0032e-300x189.jpg 300w, https:\/\/yamhillheadstart.org\/wp-content\/uploads\/2023\/11\/DSC_0032e-1024x646.jpg 1024w, https:\/\/yamhillheadstart.org\/wp-content\/uploads\/2023\/11\/DSC_0032e-768x484.jpg 768w, https:\/\/yamhillheadstart.org\/wp-content\/uploads\/2023\/11\/DSC_0032e-1536x969.jpg 1536w, https:\/\/yamhillheadstart.org\/wp-content\/uploads\/2023\/11\/DSC_0032e-2048x1292.jpg 2048w, https:\/\/yamhillheadstart.org\/wp-content\/uploads\/2023\/11\/DSC_0032e-18x12.jpg 18w\" sizes=\"auto, (max-width: 2560px) 100vw, 2560px\" \/><\/figure>\n\n<\/div><\/div><\/div>\n\n<div class=\"gb-grid-column gb-grid-column-32b80802\"><div class=\"gb-container gb-container-32b80802\"><div class=\"gb-inside-container\">\n<div class=\"gb-container gb-container-438804d9\"><div class=\"gb-inside-container\">\n\n<h4 class=\"wp-block-heading has-global-color-10-color has-text-color\">Lafayette Center<\/h4>\n\n\n\n<p>Head Start of Yamhill County<br><a href=\"https:\/\/www.google.com\/maps\/place\/Head+Start+of+Yamhill+County\/@45.2095574,-123.1925949,17z\/data=!3m1!4b1!4m5!3m4!1s0x5495493120ea08c9:0x1069cc721a1965f1!8m2!3d45.2094531!4d-123.190381\"><\/a><a href=\"https:\/\/www.google.com\/maps\/place\/Head+Start+Yamhill+County\/@45.3156028,-122.9524745,17z\/data=!3m1!4b1!4m5!3m4!1s0x54956a8afb1feba7:0x4bf1d9fd8ccf4e7d!8m2!3d45.3155382!4d-122.9502587\"><i class=\"fas fa-map-marker-alt\"><\/i><\/a> &nbsp;<a href=\"https:\/\/maps.app.goo.gl\/qDptBCiZzqn2n2WG8\" data-type=\"link\" data-id=\"https:\/\/maps.app.goo.gl\/qDptBCiZzqn2n2WG8\">585 3rd&nbsp;Street, Lafayette, OR 97127<\/a><\/p>\n\n\n\n<p>Tel\u00e9fono <a href=\"tel:503-472-2000\">503-472-2000<\/a><br>Fax: 503 472-6539<\/p>\n\n<\/div><\/div>\n<\/div><\/div><\/div>\n<\/div>\n<\/div><\/div>\n\n<div class=\"gb-container gb-container-759bf819\"><div class=\"gb-inside-container\">\n<div class=\"gb-grid-wrapper gb-grid-wrapper-038ac20e\">\n<div class=\"gb-grid-column gb-grid-column-3ac8de86\"><div class=\"gb-container gb-container-3ac8de86\"><div class=\"gb-inside-container\">\n\n<figure class=\"wp-block-image size-full is-resized\"><img loading=\"lazy\" decoding=\"async\" width=\"1920\" height=\"1261\" src=\"https:\/\/yamhillheadstart.org\/wp-content\/uploads\/2025\/08\/Praise.jpg\" alt=\"\" class=\"wp-image-9343\" style=\"width:363px;height:auto\" srcset=\"https:\/\/yamhillheadstart.org\/wp-content\/uploads\/2025\/08\/Praise.jpg 1920w, https:\/\/yamhillheadstart.org\/wp-content\/uploads\/2025\/08\/Praise-300x197.jpg 300w, https:\/\/yamhillheadstart.org\/wp-content\/uploads\/2025\/08\/Praise-1024x673.jpg 1024w, https:\/\/yamhillheadstart.org\/wp-content\/uploads\/2025\/08\/Praise-768x504.jpg 768w, https:\/\/yamhillheadstart.org\/wp-content\/uploads\/2025\/08\/Praise-1536x1009.jpg 1536w, https:\/\/yamhillheadstart.org\/wp-content\/uploads\/2025\/08\/Praise-18x12.jpg 18w\" sizes=\"auto, (max-width: 1920px) 100vw, 1920px\" \/><\/figure>\n\n<\/div><\/div><\/div>\n\n<div class=\"gb-grid-column gb-grid-column-d727819f\"><div class=\"gb-container gb-container-d727819f\"><div class=\"gb-inside-container\">\n<div class=\"gb-container gb-container-39935f87\"><div class=\"gb-inside-container\">\n\n<h4 class=\"wp-block-heading has-global-color-10-color has-text-color\">Praise Church<\/h4>\n\n\n\n<p>Head Start of Yamhill County<br><a href=\"https:\/\/www.google.com\/maps\/place\/Head+Start+of+Yamhill+County\/@45.2095574,-123.1925949,17z\/data=!3m1!4b1!4m5!3m4!1s0x5495493120ea08c9:0x1069cc721a1965f1!8m2!3d45.2094531!4d-123.190381\"><\/a><a href=\"https:\/\/www.google.com\/maps\/place\/930+NE+3rd+St,+McMinnville,+OR+97128\" data-type=\"link\" data-id=\"https:\/\/www.google.com\/maps\/place\/930+NE+3rd+St,+McMinnville,+OR+97128\"><i class=\"fas fa-map-marker-alt\"><\/i> &nbsp;930 NE 3rd Street<br>McMinnville, Oregon 97128 <\/a><\/p>\n\n\n\n<p>Tel\u00e9fono <a href=\"tel:503-472-2000\">&nbsp;<\/a><a href=\"tel:9717062338\">971-706-2338<\/a><br><\/p>\n\n<\/div><\/div>\n<\/div><\/div><\/div>\n<\/div>\n<\/div><\/div>\n\n<div class=\"gb-container gb-container-96726852\"><div class=\"gb-inside-container\">\n<div class=\"gb-grid-wrapper gb-grid-wrapper-05ccd5d8\">\n<div class=\"gb-grid-column gb-grid-column-fec0fd9d\"><div class=\"gb-container gb-container-fec0fd9d\"><div class=\"gb-inside-container\">\n\n<figure class=\"wp-block-image size-full is-resized\"><img loading=\"lazy\" decoding=\"async\" width=\"1920\" height=\"1179\" src=\"https:\/\/yamhillheadstart.org\/wp-content\/uploads\/2025\/08\/Modular.jpg\" alt=\"\" class=\"wp-image-9344\" style=\"width:363px;height:auto\" srcset=\"https:\/\/yamhillheadstart.org\/wp-content\/uploads\/2025\/08\/Modular.jpg 1920w, https:\/\/yamhillheadstart.org\/wp-content\/uploads\/2025\/08\/Modular-300x184.jpg 300w, https:\/\/yamhillheadstart.org\/wp-content\/uploads\/2025\/08\/Modular-1024x629.jpg 1024w, https:\/\/yamhillheadstart.org\/wp-content\/uploads\/2025\/08\/Modular-768x472.jpg 768w, https:\/\/yamhillheadstart.org\/wp-content\/uploads\/2025\/08\/Modular-1536x943.jpg 1536w, https:\/\/yamhillheadstart.org\/wp-content\/uploads\/2025\/08\/Modular-18x12.jpg 18w\" sizes=\"auto, (max-width: 1920px) 100vw, 1920px\" \/><\/figure>\n\n<\/div><\/div><\/div>\n\n<div class=\"gb-grid-column gb-grid-column-ae8651be\"><div class=\"gb-container gb-container-ae8651be\"><div class=\"gb-inside-container\">\n<div class=\"gb-container gb-container-789fa442\"><div class=\"gb-inside-container\">\n\n<h4 class=\"wp-block-heading has-global-color-10-color has-text-color\">McMinnville Early Head Start Center<\/h4>\n\n\n\n<p>Head Start of Yamhill County<br><a href=\"https:\/\/www.google.com\/maps\/place\/Head+Start+of+Yamhill+County\/@45.2095574,-123.1925949,17z\/data=!3m1!4b1!4m5!3m4!1s0x5495493120ea08c9:0x1069cc721a1965f1!8m2!3d45.2094531!4d-123.190381\"><\/a><a href=\"https:\/\/www.google.com\/maps\/place\/800+NE+Lafayette+Ave,+McMinnville,+OR+97128\/\" data-type=\"link\" data-id=\"https:\/\/www.google.com\/maps\/place\/800+NE+Lafayette+Ave,+McMinnville,+OR+97128\/\"><i class=\"fas fa-map-marker-alt\"><\/i> &nbsp;800 NE Lafayette Avenue<\/a><br><a href=\"https:\/\/www.google.com\/maps\/place\/800+NE+Lafayette+Ave,+McMinnville,+OR+97128\/\" data-type=\"link\" data-id=\"https:\/\/www.google.com\/maps\/place\/800+NE+Lafayette+Ave,+McMinnville,+OR+97128\/\">McMinnville, Oregon, 97128<\/a><\/p>\n\n\n\n<p>Tel\u00e9fono <a href=\"tel:503-714-4601\">503-714-4601<\/a><br><\/p>\n\n<\/div><\/div>\n<\/div><\/div><\/div>\n<\/div>\n<\/div><\/div>\n\n\n<p><\/p>","protected":false},"excerpt":{"rendered":"<p>Come Visit Us We have four locations all located here in Yamhill County, Oregon. Look below to find the location nearest you. We would love for you to connect with us and allow for us to partner with you through the early years of parenting.<\/p>","protected":false},"author":1,"featured_media":1839,"parent":0,"menu_order":0,"comment_status":"closed","ping_status":"closed","template":"","meta":{"footnotes":""},"class_list":["post-885","page","type-page","status-publish","has-post-thumbnail"],"featured_image_src":"https:\/\/yamhillheadstart.org\/wp-content\/uploads\/2022\/06\/IMG_3008-2-scaled.jpg","_links":{"self":[{"href":"https:\/\/yamhillheadstart.org\/es\/wp-json\/wp\/v2\/pages\/885","targetHints":{"allow":["GET"]}}],"collection":[{"href":"https:\/\/yamhillheadstart.org\/es\/wp-json\/wp\/v2\/pages"}],"about":[{"href":"https:\/\/yamhillheadstart.org\/es\/wp-json\/wp\/v2\/types\/page"}],"author":[{"embeddable":true,"href":"https:\/\/yamhillheadstart.org\/es\/wp-json\/wp\/v2\/users\/1"}],"replies":[{"embeddable":true,"href":"https:\/\/yamhillheadstart.org\/es\/wp-json\/wp\/v2\/comments?post=885"}],"version-history":[{"count":54,"href":"https:\/\/yamhillheadstart.org\/es\/wp-json\/wp\/v2\/pages\/885\/revisions"}],"predecessor-version":[{"id":9345,"href":"https:\/\/yamhillheadstart.org\/es\/wp-json\/wp\/v2\/pages\/885\/revisions\/9345"}],"wp:featuredmedia":[{"embeddable":true,"href":"https:\/\/yamhillheadstart.org\/es\/wp-json\/wp\/v2\/media\/1839"}],"wp:attachment":[{"href":"https:\/\/yamhillheadstart.org\/es\/wp-json\/wp\/v2\/media?parent=885"}],"curies":[{"name":"wp","href":"https:\/\/api.w.org\/{rel}","templated":true}]}}