{"id":879,"date":"2022-05-18T12:48:56","date_gmt":"2022-05-18T19:48:56","guid":{"rendered":"https:\/\/beta2.swrforum.com\/?page_id=879"},"modified":"2026-04-14T15:39:55","modified_gmt":"2026-04-14T22:39:55","slug":"employee-testimonials","status":"publish","type":"page","link":"https:\/\/yamhillheadstart.org\/es\/employee-testimonials\/","title":{"rendered":"Experiencias de Empleados"},"content":{"rendered":"<div style=\"height:50px\" aria-hidden=\"true\" class=\"wp-block-spacer\"><\/div>\n\n\n\n<h1 class=\"wp-block-heading\">Experiencias de Empleados<\/h1>\n\n\n\n<p class=\"has-medium-font-size\">Head Start of Yamhill County is a human development organization. In the 2024-2025 school year, 57% of our employees were past or current parents\/ grandparents in the program. Hear what working at HSYC has meant to them.<\/p>\n\n\n<div class=\"gb-container gb-container-8fa14c27\"><div class=\"gb-inside-container\">\n\n<iframe loading=\"lazy\" width=\"100%\" height=\"640\" src=\"https:\/\/www.youtube.com\/embed\/SJzRkrVrwJM\" title=\"YouTube video player\" frameborder=\"0\" allow=\"accelerometer; autoplay; clipboard-write; encrypted-media; gyroscope; picture-in-picture; web-share\" allowfullscreen=\"\"><\/iframe>\n\n<\/div><\/div>\n\n<div class=\"gb-container gb-container-60627c3a\"><div class=\"gb-inside-container\">\n<div class=\"gb-grid-wrapper gb-grid-wrapper-2c911905\">\n<div class=\"gb-grid-column gb-grid-column-34e91fca\"><div class=\"gb-container gb-container-34e91fca\"><div class=\"gb-inside-container\">\n\n<blockquote class=\"wp-block-quote is-layout-flow wp-block-quote-is-layout-flow\">\n<p>\u201cSimplemente amo lo que hago y estoy muy agradecida de haber recibido este maravilloso regalo. Solo tengo que agradecer a Head Start of Yamhill County con todo mi coraz\u00f3n\u201d.<\/p>\n<cite>Charlotte<\/cite><\/blockquote>\n\n<\/div><\/div><\/div>\n\n<div class=\"gb-grid-column gb-grid-column-56c166d2\"><div class=\"gb-container gb-container-56c166d2\"><div class=\"gb-inside-container\">\n\n<figure class=\"wp-block-image size-large\"><img loading=\"lazy\" decoding=\"async\" width=\"1024\" height=\"683\" src=\"https:\/\/yamhill.demo.webriculture.com\/wp-content\/uploads\/2022\/09\/DSC_0111-1024x683.jpg\" alt=\"\" class=\"wp-image-2580\" srcset=\"https:\/\/yamhillheadstart.org\/wp-content\/uploads\/2022\/09\/DSC_0111-1024x683.jpg 1024w, https:\/\/yamhillheadstart.org\/wp-content\/uploads\/2022\/09\/DSC_0111-300x200.jpg 300w, https:\/\/yamhillheadstart.org\/wp-content\/uploads\/2022\/09\/DSC_0111-768x512.jpg 768w, https:\/\/yamhillheadstart.org\/wp-content\/uploads\/2022\/09\/DSC_0111-1536x1024.jpg 1536w, https:\/\/yamhillheadstart.org\/wp-content\/uploads\/2022\/09\/DSC_0111-2048x1365.jpg 2048w, https:\/\/yamhillheadstart.org\/wp-content\/uploads\/2022\/09\/DSC_0111-18x12.jpg 18w\" sizes=\"auto, (max-width: 1024px) 100vw, 1024px\" \/><\/figure>\n\n<\/div><\/div><\/div>\n<\/div>\n<\/div><\/div>\n\n<div class=\"gb-container gb-container-1ab12e2a flex-mobile-column-reverse\"><div class=\"gb-inside-container\">\n<div class=\"gb-grid-wrapper gb-grid-wrapper-ba377354 flex-mobile-column-reverse\">\n<div class=\"gb-grid-column gb-grid-column-5bdbb2ff\"><div class=\"gb-container gb-container-5bdbb2ff\"><div class=\"gb-inside-container\">\n\n<figure class=\"wp-block-image size-large\"><img loading=\"lazy\" decoding=\"async\" width=\"1024\" height=\"683\" src=\"https:\/\/yamhill.demo.webriculture.com\/wp-content\/uploads\/2022\/09\/DSC_0084-1024x683.jpg\" alt=\"\" class=\"wp-image-2582\" srcset=\"https:\/\/yamhillheadstart.org\/wp-content\/uploads\/2022\/09\/DSC_0084-1024x683.jpg 1024w, https:\/\/yamhillheadstart.org\/wp-content\/uploads\/2022\/09\/DSC_0084-300x200.jpg 300w, https:\/\/yamhillheadstart.org\/wp-content\/uploads\/2022\/09\/DSC_0084-768x512.jpg 768w, https:\/\/yamhillheadstart.org\/wp-content\/uploads\/2022\/09\/DSC_0084-1536x1024.jpg 1536w, https:\/\/yamhillheadstart.org\/wp-content\/uploads\/2022\/09\/DSC_0084-2048x1365.jpg 2048w, https:\/\/yamhillheadstart.org\/wp-content\/uploads\/2022\/09\/DSC_0084-18x12.jpg 18w\" sizes=\"auto, (max-width: 1024px) 100vw, 1024px\" \/><\/figure>\n\n<\/div><\/div><\/div>\n\n<div class=\"gb-grid-column gb-grid-column-ab87f07e\"><div class=\"gb-container gb-container-ab87f07e\"><div class=\"gb-inside-container\">\n\n<blockquote class=\"wp-block-quote is-layout-flow wp-block-quote-is-layout-flow\">\n<p>\u201cMe encanta mi puesto de Apoyo Familiar porque me ha dado la oportunidad de compartir mi historia con otros padres. Me siento bendecida y agradecida con Head Start of Yamhill County por darme la oportunidad de ser una mejor madre, un mejor miembro de la comunidad y un profesional\u201d.<\/p>\n<cite>Hortensia<\/cite><\/blockquote>\n\n<\/div><\/div><\/div>\n<\/div>\n<\/div><\/div>\n\n<div class=\"gb-container gb-container-1833ea7d\"><div class=\"gb-inside-container\">\n<div class=\"gb-grid-wrapper gb-grid-wrapper-9857b9ea\">\n<div class=\"gb-grid-column gb-grid-column-1edb3542\"><div class=\"gb-container gb-container-1edb3542\"><div class=\"gb-inside-container\">\n\n<blockquote class=\"wp-block-quote is-layout-flow wp-block-quote-is-layout-flow\">\n<p>\u201cHSYC me contrat\u00f3 para ser conductor de autob\u00fas y ser ayudante de maestro. Trabajar con los ni\u00f1os en los salones fue muy gratificante. Observ\u00e1rlos, ense\u00f1\u00e1rles lo que Head Start me ense\u00f1o. Compartir eso con otros padres e hijos Es la experiencia m\u00e1s grandiosa y gratificante compartir eso con otros padres e hijos y transformar sus vidas como se ha transformado la vida de mi familia\u201d.<\/p>\n<cite>Derrick<\/cite><\/blockquote>\n\n<\/div><\/div><\/div>\n\n<div class=\"gb-grid-column gb-grid-column-d3de6749\"><div class=\"gb-container gb-container-d3de6749\"><div class=\"gb-inside-container\">\n\n<figure class=\"wp-block-image size-large\"><img loading=\"lazy\" decoding=\"async\" width=\"1024\" height=\"683\" src=\"https:\/\/yamhill.demo.webriculture.com\/wp-content\/uploads\/2022\/09\/DSC_0351-1024x683.jpg\" alt=\"\" class=\"wp-image-2583\" srcset=\"https:\/\/yamhillheadstart.org\/wp-content\/uploads\/2022\/09\/DSC_0351-1024x683.jpg 1024w, https:\/\/yamhillheadstart.org\/wp-content\/uploads\/2022\/09\/DSC_0351-300x200.jpg 300w, https:\/\/yamhillheadstart.org\/wp-content\/uploads\/2022\/09\/DSC_0351-768x512.jpg 768w, https:\/\/yamhillheadstart.org\/wp-content\/uploads\/2022\/09\/DSC_0351-1536x1024.jpg 1536w, https:\/\/yamhillheadstart.org\/wp-content\/uploads\/2022\/09\/DSC_0351-2048x1365.jpg 2048w, https:\/\/yamhillheadstart.org\/wp-content\/uploads\/2022\/09\/DSC_0351-18x12.jpg 18w\" sizes=\"auto, (max-width: 1024px) 100vw, 1024px\" \/><\/figure>\n\n<\/div><\/div><\/div>\n<\/div>\n<\/div><\/div>\n\n<div class=\"gb-container gb-container-dcc5c829 flex-mobile-column-reverse\"><div class=\"gb-inside-container\">\n<div class=\"gb-grid-wrapper gb-grid-wrapper-6763cff5 flex-mobile-column-reverse\">\n<div class=\"gb-grid-column gb-grid-column-244eb560\"><div class=\"gb-container gb-container-244eb560\"><div class=\"gb-inside-container\">\n\n<figure class=\"wp-block-image size-large\"><img loading=\"lazy\" decoding=\"async\" width=\"1024\" height=\"683\" src=\"https:\/\/yamhill.demo.webriculture.com\/wp-content\/uploads\/2022\/09\/DSC_1119-1024x683.jpg\" alt=\"\" class=\"wp-image-2584\" srcset=\"https:\/\/yamhillheadstart.org\/wp-content\/uploads\/2022\/09\/DSC_1119-1024x683.jpg 1024w, https:\/\/yamhillheadstart.org\/wp-content\/uploads\/2022\/09\/DSC_1119-300x200.jpg 300w, https:\/\/yamhillheadstart.org\/wp-content\/uploads\/2022\/09\/DSC_1119-768x512.jpg 768w, https:\/\/yamhillheadstart.org\/wp-content\/uploads\/2022\/09\/DSC_1119-1536x1024.jpg 1536w, https:\/\/yamhillheadstart.org\/wp-content\/uploads\/2022\/09\/DSC_1119-2048x1365.jpg 2048w, https:\/\/yamhillheadstart.org\/wp-content\/uploads\/2022\/09\/DSC_1119-18x12.jpg 18w\" sizes=\"auto, (max-width: 1024px) 100vw, 1024px\" \/><\/figure>\n\n<\/div><\/div><\/div>\n\n<div class=\"gb-grid-column gb-grid-column-6ffd210c\"><div class=\"gb-container gb-container-6ffd210c\"><div class=\"gb-inside-container\">\n\n<blockquote class=\"wp-block-quote is-layout-flow wp-block-quote-is-layout-flow\">\n<p>\u201cCuando me ofrecieron el puesto de substituta en la oficina no ten\u00eda experiencia, pero estaban dispuestos a darme una oportunidad y capacitarme. Ahora estoy trabajando en la oficina de contabilidad, que es un puesto que nunca cre\u00ed posible para mi, y todo gracias a Head Start of Yamhill County\u201d.<\/p>\n<cite>Melissa<\/cite><\/blockquote>\n\n<\/div><\/div><\/div>\n<\/div>\n<\/div><\/div>\n\n<div class=\"gb-container gb-container-7c88cb2f\"><div class=\"gb-inside-container\">\n<div class=\"gb-grid-wrapper gb-grid-wrapper-eb319974\">\n<div class=\"gb-grid-column gb-grid-column-803e2327\"><div class=\"gb-container gb-container-803e2327\"><div class=\"gb-inside-container\">\n\n<blockquote class=\"wp-block-quote is-layout-flow wp-block-quote-is-layout-flow\">\n<p>\u201cCuando me ofrecieron el puesto de substituta en la oficina no ten\u00eda experiencia, pero estaban dispuestos a darme una oportunidad y capacitarme. Ahora estoy trabajando en la oficina de contabilidad, que es un puesto que nunca cre\u00ed posible para mi, y todo gracias a Head Start of Yamhill County\u201d.<\/p>\n<cite>Martha<\/cite><\/blockquote>\n\n<\/div><\/div><\/div>\n\n<div class=\"gb-grid-column gb-grid-column-39427af6\"><div class=\"gb-container gb-container-39427af6\"><div class=\"gb-inside-container\">\n\n<figure class=\"wp-block-image size-large\"><img loading=\"lazy\" decoding=\"async\" width=\"1024\" height=\"683\" src=\"https:\/\/yamhill.demo.webriculture.com\/wp-content\/uploads\/2022\/09\/DSC_0072-1024x683.jpg\" alt=\"\" class=\"wp-image-2585\" srcset=\"https:\/\/yamhillheadstart.org\/wp-content\/uploads\/2022\/09\/DSC_0072-1024x683.jpg 1024w, https:\/\/yamhillheadstart.org\/wp-content\/uploads\/2022\/09\/DSC_0072-300x200.jpg 300w, https:\/\/yamhillheadstart.org\/wp-content\/uploads\/2022\/09\/DSC_0072-768x512.jpg 768w, https:\/\/yamhillheadstart.org\/wp-content\/uploads\/2022\/09\/DSC_0072-1536x1024.jpg 1536w, https:\/\/yamhillheadstart.org\/wp-content\/uploads\/2022\/09\/DSC_0072-2048x1365.jpg 2048w, https:\/\/yamhillheadstart.org\/wp-content\/uploads\/2022\/09\/DSC_0072-18x12.jpg 18w\" sizes=\"auto, (max-width: 1024px) 100vw, 1024px\" \/><\/figure>\n\n<\/div><\/div><\/div>\n<\/div>\n<\/div><\/div>\n\n<div class=\"gb-container gb-container-c945445b flex-mobile-column-reverse\"><div class=\"gb-inside-container\">\n<div class=\"gb-grid-wrapper gb-grid-wrapper-c5ccd507 flex-mobile-column-reverse\">\n<div class=\"gb-grid-column gb-grid-column-7f0cbbcc\"><div class=\"gb-container gb-container-7f0cbbcc\"><div class=\"gb-inside-container\">\n\n<figure class=\"wp-block-image size-large\"><img loading=\"lazy\" decoding=\"async\" width=\"1024\" height=\"683\" src=\"https:\/\/yamhill.demo.webriculture.com\/wp-content\/uploads\/2022\/09\/DSC_0055-1024x683.jpg\" alt=\"\" class=\"wp-image-2591\" srcset=\"https:\/\/yamhillheadstart.org\/wp-content\/uploads\/2022\/09\/DSC_0055-1024x683.jpg 1024w, https:\/\/yamhillheadstart.org\/wp-content\/uploads\/2022\/09\/DSC_0055-300x200.jpg 300w, https:\/\/yamhillheadstart.org\/wp-content\/uploads\/2022\/09\/DSC_0055-768x512.jpg 768w, https:\/\/yamhillheadstart.org\/wp-content\/uploads\/2022\/09\/DSC_0055-1536x1024.jpg 1536w, https:\/\/yamhillheadstart.org\/wp-content\/uploads\/2022\/09\/DSC_0055-2048x1365.jpg 2048w, https:\/\/yamhillheadstart.org\/wp-content\/uploads\/2022\/09\/DSC_0055-18x12.jpg 18w\" sizes=\"auto, (max-width: 1024px) 100vw, 1024px\" \/><\/figure>\n\n<\/div><\/div><\/div>\n\n<div class=\"gb-grid-column gb-grid-column-600e3b38\"><div class=\"gb-container gb-container-600e3b38\"><div class=\"gb-inside-container\">\n\n<blockquote class=\"wp-block-quote is-layout-flow wp-block-quote-is-layout-flow\">\n<p>\u201cTodo el conocimiento y la educaci\u00f3n que tengo es gracias al apoyo de HSYC. Estaba segura de que quer\u00eda ser maestra y estaba muy segura de que este era el lugar donde quer\u00eda trabajar porque creo en nuestra misi\u00f3n y realmente amo la forma en que mi cultura puede proyectarse en el sal\u00f3n de clases. Siempre ha habido ayuda y apoyo a mi puesto y a m\u00ed personalmente\u201d.<\/p>\n<cite>Ana<\/cite><\/blockquote>\n\n<\/div><\/div><\/div>\n<\/div>\n<\/div><\/div>\n\n<div class=\"gb-container gb-container-bf30dbc5\"><div class=\"gb-inside-container\">\n<div class=\"gb-grid-wrapper gb-grid-wrapper-436af26f\">\n<div class=\"gb-grid-column gb-grid-column-7f16f0ba\"><div class=\"gb-container gb-container-7f16f0ba\"><div class=\"gb-inside-container\">\n\n<blockquote class=\"wp-block-quote is-layout-flow wp-block-quote-is-layout-flow\">\n<p>\u201cMe encanta este trabajo por todas las cosas que ha hecho por m\u00ed y por mi familia y tambi\u00e9n porque me gusta ver a familias como yo aprovechar las oportunidades para crecer y tener \u00e9xito. Este trabajo es realmente mi pasi\u00f3n y se lo debo todo a Head Start. Espero trabajar aqu\u00ed y seguir ayudando a familias como la m\u00eda durante mucho tiempo\u201d.<\/p>\n<cite>Aimee<\/cite><\/blockquote>\n\n<\/div><\/div><\/div>\n\n<div class=\"gb-grid-column gb-grid-column-2f04942c\"><div class=\"gb-container gb-container-2f04942c\"><div class=\"gb-inside-container\">\n\n<figure class=\"wp-block-image size-large\"><img loading=\"lazy\" decoding=\"async\" width=\"1024\" height=\"683\" src=\"https:\/\/yamhill.demo.webriculture.com\/wp-content\/uploads\/2022\/09\/DSC_0250-1024x683.jpg\" alt=\"\" class=\"wp-image-2587\" srcset=\"https:\/\/yamhillheadstart.org\/wp-content\/uploads\/2022\/09\/DSC_0250-1024x683.jpg 1024w, https:\/\/yamhillheadstart.org\/wp-content\/uploads\/2022\/09\/DSC_0250-300x200.jpg 300w, https:\/\/yamhillheadstart.org\/wp-content\/uploads\/2022\/09\/DSC_0250-768x512.jpg 768w, https:\/\/yamhillheadstart.org\/wp-content\/uploads\/2022\/09\/DSC_0250-1536x1024.jpg 1536w, https:\/\/yamhillheadstart.org\/wp-content\/uploads\/2022\/09\/DSC_0250-2048x1365.jpg 2048w, https:\/\/yamhillheadstart.org\/wp-content\/uploads\/2022\/09\/DSC_0250-18x12.jpg 18w\" sizes=\"auto, (max-width: 1024px) 100vw, 1024px\" \/><\/figure>\n\n<\/div><\/div><\/div>\n<\/div>\n<\/div><\/div>\n\n<div class=\"gb-container gb-container-dcbe3132 flex-mobile-column-reverse\"><div class=\"gb-inside-container\">\n<div class=\"gb-grid-wrapper gb-grid-wrapper-3919d687 flex-mobile-column-reverse\">\n<div class=\"gb-grid-column gb-grid-column-03916059\"><div class=\"gb-container gb-container-03916059\"><div class=\"gb-inside-container\">\n\n<figure class=\"wp-block-image size-large\"><img loading=\"lazy\" decoding=\"async\" width=\"1024\" height=\"683\" src=\"https:\/\/yamhill.demo.webriculture.com\/wp-content\/uploads\/2022\/09\/DSC_0163-1024x683.jpg\" alt=\"\" class=\"wp-image-2588\" srcset=\"https:\/\/yamhillheadstart.org\/wp-content\/uploads\/2022\/09\/DSC_0163-1024x683.jpg 1024w, https:\/\/yamhillheadstart.org\/wp-content\/uploads\/2022\/09\/DSC_0163-300x200.jpg 300w, https:\/\/yamhillheadstart.org\/wp-content\/uploads\/2022\/09\/DSC_0163-768x512.jpg 768w, https:\/\/yamhillheadstart.org\/wp-content\/uploads\/2022\/09\/DSC_0163-1536x1024.jpg 1536w, https:\/\/yamhillheadstart.org\/wp-content\/uploads\/2022\/09\/DSC_0163-2048x1365.jpg 2048w, https:\/\/yamhillheadstart.org\/wp-content\/uploads\/2022\/09\/DSC_0163-18x12.jpg 18w\" sizes=\"auto, (max-width: 1024px) 100vw, 1024px\" \/><\/figure>\n\n<\/div><\/div><\/div>\n\n<div class=\"gb-grid-column gb-grid-column-3b88a75f\"><div class=\"gb-container gb-container-3b88a75f\"><div class=\"gb-inside-container\">\n\n<blockquote class=\"wp-block-quote is-layout-flow wp-block-quote-is-layout-flow\">\n<p>\u201cTrabajo para HSYC porque realmente creo en lo que hace la organizaci\u00f3n y lo que hago es tratar de ayudar a los dem\u00e1s de la manera en que me ayudaron como padre en el programa\u201d.<\/p>\n<cite>Rafael<\/cite><\/blockquote>\n\n<\/div><\/div><\/div>\n<\/div>\n<\/div><\/div>","protected":false},"excerpt":{"rendered":"<p>Employee Testimonials Head Start of Yamhill County is a human development organization. In the 2024-2025 school year, 57% of our employees were past or current parents\/ grandparents in the program. Hear what working at HSYC has meant to them.<\/p>","protected":false},"author":1,"featured_media":2647,"parent":0,"menu_order":0,"comment_status":"closed","ping_status":"closed","template":"","meta":{"footnotes":""},"class_list":["post-879","page","type-page","status-publish","has-post-thumbnail"],"featured_image_src":"https:\/\/yamhillheadstart.org\/wp-content\/uploads\/2022\/09\/Banner-24.jpg","_links":{"self":[{"href":"https:\/\/yamhillheadstart.org\/es\/wp-json\/wp\/v2\/pages\/879","targetHints":{"allow":["GET"]}}],"collection":[{"href":"https:\/\/yamhillheadstart.org\/es\/wp-json\/wp\/v2\/pages"}],"about":[{"href":"https:\/\/yamhillheadstart.org\/es\/wp-json\/wp\/v2\/types\/page"}],"author":[{"embeddable":true,"href":"https:\/\/yamhillheadstart.org\/es\/wp-json\/wp\/v2\/users\/1"}],"replies":[{"embeddable":true,"href":"https:\/\/yamhillheadstart.org\/es\/wp-json\/wp\/v2\/comments?post=879"}],"version-history":[{"count":28,"href":"https:\/\/yamhillheadstart.org\/es\/wp-json\/wp\/v2\/pages\/879\/revisions"}],"predecessor-version":[{"id":10761,"href":"https:\/\/yamhillheadstart.org\/es\/wp-json\/wp\/v2\/pages\/879\/revisions\/10761"}],"wp:featuredmedia":[{"embeddable":true,"href":"https:\/\/yamhillheadstart.org\/es\/wp-json\/wp\/v2\/media\/2647"}],"wp:attachment":[{"href":"https:\/\/yamhillheadstart.org\/es\/wp-json\/wp\/v2\/media?parent=879"}],"curies":[{"name":"wp","href":"https:\/\/api.w.org\/{rel}","templated":true}]}}