{"id":873,"date":"2022-05-18T12:46:49","date_gmt":"2022-05-18T19:46:49","guid":{"rendered":"https:\/\/beta2.swrforum.com\/?page_id=873"},"modified":"2025-06-05T15:30:46","modified_gmt":"2025-06-05T22:30:46","slug":"parent-policy-council","status":"publish","type":"page","link":"https:\/\/yamhillheadstart.org\/es\/parent-policy-council\/","title":{"rendered":"Consejo de Pol\u00edtica para Padres"},"content":{"rendered":"<div style=\"height:50px\" aria-hidden=\"true\" class=\"wp-block-spacer\"><\/div>\n\n\n\n<h1 class=\"wp-block-heading\">\u00bfQue es el Consejo de Pol\u00edtica?<\/h1>\n\n\n\n<p class=\"has-medium-font-size\">El Consejo de Pol\u00edtica (PC) es un grupo de padres de Head Start y miembros de la comunidad que se eligen para reunirse mensualmente. Revisan y aprueban pol\u00edticas, oportunidades de financiamiento, presupuestos y el dise\u00f1o de programas. Las reuniones se llevan a cabo el 2<sup>do<\/sup> Monday of each month from 5:30-7:00PM. Translation is available.<\/p>\n\n\n<div class=\"gb-container gb-container-36f7e787\"><div class=\"gb-inside-container\">\n<div class=\"gb-grid-wrapper gb-grid-wrapper-ff408923\">\n<div class=\"gb-grid-column gb-grid-column-9f5cfd75\"><div class=\"gb-container gb-container-9f5cfd75\"><div class=\"gb-inside-container\">\n\n<h3 class=\"wp-block-heading\"><strong>\u00bfPor qu\u00e9 unirme al Consejo de Pol\u00edtica?<\/strong><\/h3>\n\n\n<ul style=\"padding-left: 1.1em; text-align: left; --ub-list-item-icon-top: 3px;; --ub-list-item-icon-size: 0.9em; --ub-list-item-background-image: url('data:image\/svg+xml;utf8,&lt;svg xmlns=&quot;http:\/\/www.w3.org\/2000\/svg&quot; viewBox=&quot;0 0 320 512&quot;&gt;&lt;path fill=&quot;%23000000&quot; d=&quot;M310.6 233.4c12.5 12.5 12.5 32.8 0 45.3l-192 192c-12.5 12.5-32.8 12.5-45.3 0s-12.5-32.8 0-45.3L242.7 256 73.4 86.6c-12.5-12.5-12.5-32.8 0-45.3s32.8-12.5 45.3 0l192 192z&quot;&gt;&lt;\/path&gt;&lt;\/svg&gt;'); --ub-list-item-fa-li-top: 3px; --ub-list-item-spacing: 0px; \" class=\"wp-block-ub-styled-list ub_styled_list\" id=\"ub_styled_list-8e0c0366-4113-4fc2-a9ce-5e40e36671d8\"><div class=\"ub-block-list__layout\" style=\"text-align: left; column-count: 1; --ub-list-mobile-column-count: 1; \">\n<li class=\"ub_styled_list_item\" style=\"--ub-list-item-icon-top: 3px; --ub-list-item-icon-size: 0.9em; --ub-list-item-background-image: url('data:image\/svg+xml;utf8,&lt;svg xmlns=&quot;http:\/\/www.w3.org\/2000\/svg&quot; viewBox=&quot;0 0 512 512&quot;&gt;&lt;path fill=&quot;%23000000&quot; d=&quot;M470.6 105.4c12.5 12.5 12.5 32.8 0 45.3l-256 256c-12.5 12.5-32.8 12.5-45.3 0l-128-128c-12.5-12.5-12.5-32.8 0-45.3s32.8-12.5 45.3 0L192 338.7 425.4 105.4c12.5-12.5 32.8-12.5 45.3 0z&quot;&gt;&lt;\/path&gt;&lt;\/svg&gt;'); \" id=\"ub-styled-list-item-7020c2f0-cb8f-499b-bc5a-41e3b45cbca5\">\n\t\t\t<div class=\"ub_list_item_content\">\n\t\t\t\t<span class=\"ub_list_item_icon\">\n\t\t\t\t\t<svg width=\"0.9em\" height=\"0.9em\" xmlns=\"http:\/\/www.w3.org\/2000\/svg\" viewbox=\"0 0 512 512\"><path fill=\"#000000\" d=\"M470.6 105.4c12.5 12.5 12.5 32.8 0 45.3l-256 256c-12.5 12.5-32.8 12.5-45.3 0l-128-128c-12.5-12.5-12.5-32.8 0-45.3s32.8-12.5 45.3 0L192 338.7 425.4 105.4c12.5-12.5 32.8-12.5 45.3 0z\"><\/path><\/svg>\n\t\t\t\t<\/span>\n\t\t\t\t<span class=\"ub_list_item_text\">Representar los intereses e ideas de las familias de HSYC.<\/span>\n\t\t\t<\/div>\n\t\t\t\n\t\t<\/li>\n\n<li class=\"ub_styled_list_item\" style=\"--ub-list-item-icon-top: 3px; --ub-list-item-icon-size: 0.9em; --ub-list-item-background-image: url('data:image\/svg+xml;utf8,&lt;svg xmlns=&quot;http:\/\/www.w3.org\/2000\/svg&quot; viewBox=&quot;0 0 512 512&quot;&gt;&lt;path fill=&quot;%23000000&quot; d=&quot;M470.6 105.4c12.5 12.5 12.5 32.8 0 45.3l-256 256c-12.5 12.5-32.8 12.5-45.3 0l-128-128c-12.5-12.5-12.5-32.8 0-45.3s32.8-12.5 45.3 0L192 338.7 425.4 105.4c12.5-12.5 32.8-12.5 45.3 0z&quot;&gt;&lt;\/path&gt;&lt;\/svg&gt;'); \" id=\"ub-styled-list-item-be3fb82c-6875-42c0-aa15-bded82b1b886\">\n\t\t\t<div class=\"ub_list_item_content\">\n\t\t\t\t<span class=\"ub_list_item_icon\">\n\t\t\t\t\t<svg width=\"0.9em\" height=\"0.9em\" xmlns=\"http:\/\/www.w3.org\/2000\/svg\" viewbox=\"0 0 512 512\"><path fill=\"#000000\" d=\"M470.6 105.4c12.5 12.5 12.5 32.8 0 45.3l-256 256c-12.5 12.5-32.8 12.5-45.3 0l-128-128c-12.5-12.5-12.5-32.8 0-45.3s32.8-12.5 45.3 0L192 338.7 425.4 105.4c12.5-12.5 32.8-12.5 45.3 0z\"><\/path><\/svg>\n\t\t\t\t<\/span>\n\t\t\t\t<span class=\"ub_list_item_text\">Influir en las decisiones y pol\u00edticas del programa.<\/span>\n\t\t\t<\/div>\n\t\t\t\n\t\t<\/li>\n\n<li class=\"ub_styled_list_item\" style=\"--ub-list-item-icon-top: 3px; --ub-list-item-icon-size: 0.9em; --ub-list-item-background-image: url('data:image\/svg+xml;utf8,&lt;svg xmlns=&quot;http:\/\/www.w3.org\/2000\/svg&quot; viewBox=&quot;0 0 512 512&quot;&gt;&lt;path fill=&quot;%23000000&quot; d=&quot;M470.6 105.4c12.5 12.5 12.5 32.8 0 45.3l-256 256c-12.5 12.5-32.8 12.5-45.3 0l-128-128c-12.5-12.5-12.5-32.8 0-45.3s32.8-12.5 45.3 0L192 338.7 425.4 105.4c12.5-12.5 32.8-12.5 45.3 0z&quot;&gt;&lt;\/path&gt;&lt;\/svg&gt;'); \" id=\"ub-styled-list-item-4548e578-39f3-4a79-92ce-aec659cd5fc6\">\n\t\t\t<div class=\"ub_list_item_content\">\n\t\t\t\t<span class=\"ub_list_item_icon\">\n\t\t\t\t\t<svg width=\"0.9em\" height=\"0.9em\" xmlns=\"http:\/\/www.w3.org\/2000\/svg\" viewbox=\"0 0 512 512\"><path fill=\"#000000\" d=\"M470.6 105.4c12.5 12.5 12.5 32.8 0 45.3l-256 256c-12.5 12.5-32.8 12.5-45.3 0l-128-128c-12.5-12.5-12.5-32.8 0-45.3s32.8-12.5 45.3 0L192 338.7 425.4 105.4c12.5-12.5 32.8-12.5 45.3 0z\"><\/path><\/svg>\n\t\t\t\t<\/span>\n\t\t\t\t<span class=\"ub_list_item_text\">Participar en comit\u00e9s y sesiones de trabajo.<\/span>\n\t\t\t<\/div>\n\t\t\t\n\t\t<\/li>\n\n<li class=\"ub_styled_list_item\" style=\"--ub-list-item-icon-top: 3px; --ub-list-item-icon-size: 0.9em; --ub-list-item-background-image: url('data:image\/svg+xml;utf8,&lt;svg xmlns=&quot;http:\/\/www.w3.org\/2000\/svg&quot; viewBox=&quot;0 0 512 512&quot;&gt;&lt;path fill=&quot;%23000000&quot; d=&quot;M470.6 105.4c12.5 12.5 12.5 32.8 0 45.3l-256 256c-12.5 12.5-32.8 12.5-45.3 0l-128-128c-12.5-12.5-12.5-32.8 0-45.3s32.8-12.5 45.3 0L192 338.7 425.4 105.4c12.5-12.5 32.8-12.5 45.3 0z&quot;&gt;&lt;\/path&gt;&lt;\/svg&gt;'); \" id=\"ub-styled-list-item-0a24ca23-12af-4fa8-8f7a-18f4cff380bc\">\n\t\t\t<div class=\"ub_list_item_content\">\n\t\t\t\t<span class=\"ub_list_item_icon\">\n\t\t\t\t\t<svg width=\"0.9em\" height=\"0.9em\" xmlns=\"http:\/\/www.w3.org\/2000\/svg\" viewbox=\"0 0 512 512\"><path fill=\"#000000\" d=\"M470.6 105.4c12.5 12.5 12.5 32.8 0 45.3l-256 256c-12.5 12.5-32.8 12.5-45.3 0l-128-128c-12.5-12.5-12.5-32.8 0-45.3s32.8-12.5 45.3 0L192 338.7 425.4 105.4c12.5-12.5 32.8-12.5 45.3 0z\"><\/path><\/svg>\n\t\t\t\t<\/span>\n\t\t\t\t<span class=\"ub_list_item_text\">Oportunidades para representar a HSYC en conferencias a nivel estatal y nacional.<\/span>\n\t\t\t<\/div>\n\t\t\t\n\t\t<\/li>\n<\/div><\/ul>\n<\/div><\/div><\/div>\n\n<div class=\"gb-grid-column gb-grid-column-f1d75e49\"><div class=\"gb-container gb-container-f1d75e49\"><div class=\"gb-inside-container\">\n\n<figure class=\"wp-block-image size-large\"><img loading=\"lazy\" decoding=\"async\" width=\"1024\" height=\"606\" src=\"https:\/\/yamhill.demo.webriculture.com\/wp-content\/uploads\/2022\/08\/Capital-2019-Capital-steps-2-1024x606.jpg\" alt=\"\" class=\"wp-image-2551\" srcset=\"https:\/\/yamhillheadstart.org\/wp-content\/uploads\/2022\/08\/Capital-2019-Capital-steps-2-1024x606.jpg 1024w, https:\/\/yamhillheadstart.org\/wp-content\/uploads\/2022\/08\/Capital-2019-Capital-steps-2-300x177.jpg 300w, https:\/\/yamhillheadstart.org\/wp-content\/uploads\/2022\/08\/Capital-2019-Capital-steps-2-768x454.jpg 768w, https:\/\/yamhillheadstart.org\/wp-content\/uploads\/2022\/08\/Capital-2019-Capital-steps-2-18x12.jpg 18w, https:\/\/yamhillheadstart.org\/wp-content\/uploads\/2022\/08\/Capital-2019-Capital-steps-2.jpg 1334w\" sizes=\"auto, (max-width: 1024px) 100vw, 1024px\" \/><\/figure>\n\n<\/div><\/div><\/div>\n<\/div>\n<\/div><\/div>\n\n\n<h3 class=\"wp-block-heading\"><strong>Obtenga m\u00e1s informaci\u00f3n sobre nuestro Consejo de Pol\u00edtica <\/strong><\/h3>\n\n\n<div class=\"gb-container gb-container-f316cea0\"><div class=\"gb-inside-container\">\n<div class=\"wp-block-ub-tabbed-content wp-block-ub-tabbed-content-underline wp-block-ub-tabbed-content-holder wp-block-ub-tabbed-content-horizontal-holder-mobile wp-block-ub-tabbed-content-horizontal-holder-tablet\" id=\"ub-tabbed-content-2851e737-e7e9-4eb4-9d8b-b2301f512f4f\" style=\"\">\n\t\t\t<div class=\"wp-block-ub-tabbed-content-tab-holder horizontal-tab-width-mobile horizontal-tab-width-tablet\">\n\t\t\t\t<div role=\"tablist\" class=\"wp-block-ub-tabbed-content-tabs-title wp-block-ub-tabbed-content-tabs-title-mobile-horizontal-tab wp-block-ub-tabbed-content-tabs-title-tablet-horizontal-tab\" style=\"justify-content: flex-start; \"><div role=\"tab\" id=\"ub-tabbed-content-2851e737-e7e9-4eb4-9d8b-b2301f512f4f-tab-0\" aria-controls=\"ub-tabbed-content-2851e737-e7e9-4eb4-9d8b-b2301f512f4f-panel-0\" aria-selected=\"true\" class=\"wp-block-ub-tabbed-content-tab-title-wrap active\" style=\"--ub-tabbed-title-background-color: inherit; --ub-tabbed-title-color: #0366d6; --ub-tabbed-active-title-color: #0366d6; --ub-tabbed-active-title-background-color: inherit; text-align: left; \" tabindex=\"-1\">\n\t\t\t\t<div class=\"wp-block-ub-tabbed-content-tab-title\">Ver en ingles<\/div>\n\t\t\t<\/div><div role=\"tab\" id=\"ub-tabbed-content-2851e737-e7e9-4eb4-9d8b-b2301f512f4f-tab-1\" aria-controls=\"ub-tabbed-content-2851e737-e7e9-4eb4-9d8b-b2301f512f4f-panel-1\" aria-selected=\"false\" class=\"wp-block-ub-tabbed-content-tab-title-wrap\" style=\"--ub-tabbed-title-background-color: inherit; --ub-tabbed-title-color: var(--contrast); --ub-tabbed-active-title-color: #0366d6; --ub-tabbed-active-title-background-color: inherit; text-align: left; \" tabindex=\"-1\">\n\t\t\t\t<div class=\"wp-block-ub-tabbed-content-tab-title\">Ver en espa\u00f1ol<\/div>\n\t\t\t<\/div><\/div>\n\t\t\t<\/div>\n\t\t\t<div class=\"wp-block-ub-tabbed-content-tabs-content\" style=\"\"><div role=\"tabpanel\" class=\"wp-block-ub-tabbed-content-tab-content-wrap active\" id=\"ub-tabbed-content-2851e737-e7e9-4eb4-9d8b-b2301f512f4f-panel-0\" aria-labelledby=\"ub-tabbed-content-2851e737-e7e9-4eb4-9d8b-b2301f512f4f-tab-0\" tabindex=\"0\">\n\n<p><\/p>\n\n\n\n<iframe loading=\"lazy\" width=\"100%\" height=\"600\" src=\"https:\/\/www.youtube.com\/embed\/2p2bsv2jKyk?si=e5dWck6V3Ph0lhPn&amp;rel=0\" title=\"YouTube video player\" frameborder=\"0\" allow=\"accelerometer; autoplay; clipboard-write; encrypted-media; gyroscope; picture-in-picture; web-share\" allowfullscreen><\/iframe>\n\n\n\n<div style=\"height:30px\" aria-hidden=\"true\" class=\"wp-block-spacer\"><\/div>\n\n\n\n<figure class=\"wp-block-embed is-type-video is-provider-youtube wp-block-embed-youtube wp-embed-aspect-16-9 wp-has-aspect-ratio\"><div class=\"wp-block-embed__wrapper\">\n<iframe loading=\"lazy\" title=\"Policy Council English\" width=\"1200\" height=\"675\" src=\"https:\/\/www.youtube.com\/embed\/vECuGLOBWQI?feature=oembed\" frameborder=\"0\" allow=\"accelerometer; autoplay; clipboard-write; encrypted-media; gyroscope; picture-in-picture; web-share\" referrerpolicy=\"strict-origin-when-cross-origin\" allowfullscreen><\/iframe>\n<\/div><\/figure>\n\n\n\n<div style=\"height:30px\" aria-hidden=\"true\" class=\"wp-block-spacer\"><\/div>\n\n\n\n<iframe loading=\"lazy\" width=\"100%\" height=\"600\" src=\"https:\/\/www.youtube.com\/embed\/V6fXlLKHQOM?si=XWBFgK6xtIHY8rng&amp;rel=0\" title=\"YouTube video player\" frameborder=\"0\" allow=\"accelerometer; autoplay; clipboard-write; encrypted-media; gyroscope; picture-in-picture; web-share\" allowfullscreen><\/iframe>\n\n<\/div><div role=\"tabpanel\" class=\"wp-block-ub-tabbed-content-tab-content-wrap ub-hide\" id=\"ub-tabbed-content-2851e737-e7e9-4eb4-9d8b-b2301f512f4f-panel-1\" aria-labelledby=\"ub-tabbed-content-2851e737-e7e9-4eb4-9d8b-b2301f512f4f-tab-1\" tabindex=\"0\">\n\n<p><\/p>\n\n\n\n<figure class=\"wp-block-embed is-type-video is-provider-youtube wp-block-embed-youtube wp-embed-aspect-16-9 wp-has-aspect-ratio\"><div class=\"wp-block-embed__wrapper\">\n<iframe loading=\"lazy\" title=\"Consejo de Politica\" width=\"1200\" height=\"675\" src=\"https:\/\/www.youtube.com\/embed\/HAgc9IoEYfc?feature=oembed\" frameborder=\"0\" allow=\"accelerometer; autoplay; clipboard-write; encrypted-media; gyroscope; picture-in-picture; web-share\" referrerpolicy=\"strict-origin-when-cross-origin\" allowfullscreen><\/iframe>\n<\/div><\/figure>\n\n<\/div><\/div>\n\t\t<\/div>\n<\/div><\/div>","protected":false},"excerpt":{"rendered":"<p>What is Policy Council? Policy Council is a group of elected Head Start parents and community members who meet monthly to review and approve policies, funding opportunities, budgets, and program design. Meetings are held on the 2nd Monday of each month from 5:30-7:00PM. Translation is available. Learn more about our Policy Council<\/p>","protected":false},"author":1,"featured_media":2635,"parent":0,"menu_order":0,"comment_status":"closed","ping_status":"closed","template":"","meta":{"footnotes":""},"class_list":["post-873","page","type-page","status-publish","has-post-thumbnail"],"featured_image_src":"https:\/\/yamhillheadstart.org\/wp-content\/uploads\/2022\/09\/Banner-19-2-scaled.jpg","_links":{"self":[{"href":"https:\/\/yamhillheadstart.org\/es\/wp-json\/wp\/v2\/pages\/873","targetHints":{"allow":["GET"]}}],"collection":[{"href":"https:\/\/yamhillheadstart.org\/es\/wp-json\/wp\/v2\/pages"}],"about":[{"href":"https:\/\/yamhillheadstart.org\/es\/wp-json\/wp\/v2\/types\/page"}],"author":[{"embeddable":true,"href":"https:\/\/yamhillheadstart.org\/es\/wp-json\/wp\/v2\/users\/1"}],"replies":[{"embeddable":true,"href":"https:\/\/yamhillheadstart.org\/es\/wp-json\/wp\/v2\/comments?post=873"}],"version-history":[{"count":24,"href":"https:\/\/yamhillheadstart.org\/es\/wp-json\/wp\/v2\/pages\/873\/revisions"}],"predecessor-version":[{"id":8782,"href":"https:\/\/yamhillheadstart.org\/es\/wp-json\/wp\/v2\/pages\/873\/revisions\/8782"}],"wp:featuredmedia":[{"embeddable":true,"href":"https:\/\/yamhillheadstart.org\/es\/wp-json\/wp\/v2\/media\/2635"}],"wp:attachment":[{"href":"https:\/\/yamhillheadstart.org\/es\/wp-json\/wp\/v2\/media?parent=873"}],"curies":[{"name":"wp","href":"https:\/\/api.w.org\/{rel}","templated":true}]}}