{"id":871,"date":"2022-05-18T12:46:30","date_gmt":"2022-05-18T19:46:30","guid":{"rendered":"https:\/\/beta2.swrforum.com\/?page_id=871"},"modified":"2024-06-28T10:20:48","modified_gmt":"2024-06-28T17:20:48","slug":"learning","status":"publish","type":"page","link":"https:\/\/yamhillheadstart.org\/es\/learning\/","title":{"rendered":"Aprendizaje"},"content":{"rendered":"<div style=\"height:50px\" aria-hidden=\"true\" class=\"wp-block-spacer\"><\/div>\n\n\n\n<h1 class=\"wp-block-heading\">Aprendizaje<\/h1>\n\n\n<div class=\"gb-container gb-container-a8605464\"><div class=\"gb-inside-container\">\n<div class=\"gb-grid-wrapper gb-grid-wrapper-f37b2fef\">\n<div class=\"gb-grid-column gb-grid-column-21d60a10\"><div class=\"gb-container gb-container-21d60a10\"><div class=\"gb-inside-container\">\n\n<h2 class=\"wp-block-heading\"><strong>Aprender en el sal\u00f3n<\/strong><\/h2>\n\n\n\n<p class=\"has-medium-font-size\">El programa educativo de HSYC est\u00e1 dise\u00f1ado para satisfacer las necesidades individuales de cada ni\u00f1o y prepararlo para la escuela y la vida. Cada ni\u00f1o recibe una variedad de experiencias de aprendizaje para fomentar el crecimiento intelectual, social y emocional a medida que aprende sobre sus sentimientos y las formas apropiadas de expresarlos. Los ni\u00f1os participan en juegos adentro y afuera en entornos de aprendizaje seguros y de alta calidad que promueven el desarrollo de la alfabetizaci\u00f3n, el lenguaje, los conceptos num\u00e9ricos, la indagaci\u00f3n y las habilidades de pensamiento cr\u00edtico. Se hace todo lo posible para proporcionar un ambiente de aula que sea culturalmente c\u00f3modo para todas las familias.<\/p>\n\n<\/div><\/div><\/div>\n\n<div class=\"gb-grid-column gb-grid-column-073928c5\"><div class=\"gb-container gb-container-073928c5\"><div class=\"gb-inside-container\">\n\n<figure class=\"wp-block-image size-full\"><img loading=\"lazy\" decoding=\"async\" width=\"480\" height=\"501\" src=\"https:\/\/yamhillheadstart.org\/wp-content\/uploads\/2023\/01\/thumbnail_IMG_8880-2.jpg\" alt=\"\" class=\"wp-image-3308\" srcset=\"https:\/\/yamhillheadstart.org\/wp-content\/uploads\/2023\/01\/thumbnail_IMG_8880-2.jpg 480w, https:\/\/yamhillheadstart.org\/wp-content\/uploads\/2023\/01\/thumbnail_IMG_8880-2-287x300.jpg 287w, https:\/\/yamhillheadstart.org\/wp-content\/uploads\/2023\/01\/thumbnail_IMG_8880-2-11x12.jpg 11w\" sizes=\"auto, (max-width: 480px) 100vw, 480px\" \/><\/figure>\n\n<\/div><\/div><\/div>\n<\/div>\n<\/div><\/div>\n\n<div class=\"gb-container gb-container-1964a2e6\"><div class=\"gb-inside-container\">\n<div class=\"gb-grid-wrapper gb-grid-wrapper-788fe9ba flex-mobile-column-reverse\">\n<div class=\"gb-grid-column gb-grid-column-0e4f1abf\"><div class=\"gb-container gb-container-0e4f1abf\"><div class=\"gb-inside-container\">\n\n<figure class=\"wp-block-image size-large\"><img loading=\"lazy\" decoding=\"async\" width=\"865\" height=\"1024\" src=\"https:\/\/yamhill.demo.webriculture.com\/wp-content\/uploads\/2022\/08\/MSD-Science-Experiment-3.9.22-2-865x1024.jpg\" alt=\"\" class=\"wp-image-2549\" srcset=\"https:\/\/yamhillheadstart.org\/wp-content\/uploads\/2022\/08\/MSD-Science-Experiment-3.9.22-2-865x1024.jpg 865w, https:\/\/yamhillheadstart.org\/wp-content\/uploads\/2022\/08\/MSD-Science-Experiment-3.9.22-2-253x300.jpg 253w, https:\/\/yamhillheadstart.org\/wp-content\/uploads\/2022\/08\/MSD-Science-Experiment-3.9.22-2-768x909.jpg 768w, https:\/\/yamhillheadstart.org\/wp-content\/uploads\/2022\/08\/MSD-Science-Experiment-3.9.22-2-10x12.jpg 10w, https:\/\/yamhillheadstart.org\/wp-content\/uploads\/2022\/08\/MSD-Science-Experiment-3.9.22-2.jpg 959w\" sizes=\"auto, (max-width: 865px) 100vw, 865px\" \/><\/figure>\n\n<\/div><\/div><\/div>\n\n<div class=\"gb-grid-column gb-grid-column-ff9dfc8d\"><div class=\"gb-container gb-container-ff9dfc8d\"><div class=\"gb-inside-container\">\n\n<h2 class=\"wp-block-heading\"><strong>Plan de estudios y evaluaci\u00f3n<\/strong><\/h2>\n\n\n\n<p class=\"has-medium-font-size\"><strong>Plan de estudios creativo:<\/strong> HSYC identifica al Curr\u00edculo Creativo ( Creative Curriculum ) como nuestro plan de estudios principal para las edades de 0 a 5 a\u00f1os. A lo largo del a\u00f1o escolar, HSYC utiliza las pautas ambientales del Creative Curriculum para ayudar a los maestros a dise\u00f1ar su salon. Estas configuraciones intencionales de salon  est\u00e1n dise\u00f1adas para reforzar el aprendizaje basado en el juego y apoyar las pr\u00e1cticas de ense\u00f1anza.<\/p>\n\n\n\n<p class=\"has-medium-font-size\"><strong>Segundo Paso:<\/strong> HSYC tambi\u00e9n incorpora Segundo Paso (Second Step) en nuestros salones. Segundo Paso es un enfoque hol\u00edstico para construir comunidades de apoyo para cada ni\u00f1o a trav\u00e9s del aprendizaje socioemocional.<\/p>\n\n\n\n<p class=\"has-medium-font-size\"><strong>Disciplina Consciente: <\/strong>Head Start utiliza la Disciplina Consciente (Conscious Discipline) para promover relaciones positivas. En nuestras aulas, todos pueden aprender a utilizar habilidades sociales saludables y tener comportamientos seguros. La Disciplina Consciente apoya a todos los ni\u00f1os para que aprendan las habilidades sociales, emocionales y de comportamiento que necesitan para tener \u00e9xito. Hay 7 habilidades que se pueden utilizar tanto en el hogar como en la escuela y en todas las edades o niveles de desarrollo. Como padres de ni\u00f1os peque\u00f1os en este programa, aprender\u00e1n m\u00e1s sobre la Disciplina Consciente y estrategias para usarla en casa. <\/p>\n\n\n\n<p class=\"has-medium-font-size\"><strong>Growing Early Mindsets (GEM):<\/strong> GEM (desarollando mentalidades tempranas) empodera a los estudiantes peque\u00f1os. Es un programa basado en la alfabetizaci\u00f3n que combina el desarollo mental, el aprendizaje socioemocional, y la atenci\u00f3n consciente.<\/p>\n\n\n\n<p class=\"has-medium-font-size\"><strong>Perfil de Desarrollo de Resultados Deseados:<\/strong> HSYC utiliza la herramienta de evaluaci\u00f3n erfil de desarrollo de resultados deseados (DRDP, por sus siglas en ingl\u00e9s) que nos ayuda a evaluar el progreso del desarrollo de los ni\u00f1os durante todo el a\u00f1o y el tiempo que pasan los ni\u00f1os mientras participan en los servicios de HSYC. Las actividades en el hogar y en el aula brindan la oportunidad para que el personal y los padres realicen observaciones enfocadas en todas las \u00e1reas del desarrollo de los ni\u00f1os, incluido el lenguaje, la alfabetizaci\u00f3n, las matem\u00e1ticas, el desarrollo social y emocional, los enfoques del aprendizaje, las ciencias, las habilidades f\u00edsicas y las artes creativas. <\/p>\n\n\n\n<p class=\"has-medium-font-size\"><strong>Cuestionario de Edades y Etapas (ASQ):<\/strong> El ASQ es una serie de cuestionarios completados con los padres que brindan una verificaci\u00f3n r\u00e1pida del desarrollo temprano en las edades de 1 mes a 5 a\u00f1os. Los resultados ayudan a determinar si el desarrollo de un ni\u00f1o est\u00e1 seg\u00fan lo previsto o si es posible que sea necesaria una evaluaci\u00f3n adicional con un profesional.<\/p>\n\n<\/div><\/div><\/div>\n<\/div>\n<\/div><\/div>\n\n<div class=\"gb-container gb-container-731cfba5\"><div class=\"gb-inside-container\">\n<div class=\"gb-grid-wrapper gb-grid-wrapper-df2bea9f\">\n<div class=\"gb-grid-column gb-grid-column-b727a7b7\"><div class=\"gb-container gb-container-b727a7b7\"><div class=\"gb-inside-container\">\n\n<h2 class=\"wp-block-heading\"><strong>Aprender en casa<\/strong><\/h2>\n\n\n\n<p class=\"has-medium-font-size\">Los padres de ni\u00f1os en nuestro programa reciben estrategias que pueden usarse para apoyar el comportamiento de los ni\u00f1os en todas las edades o niveles de desarrollo. Los Apoyos de Intervenci\u00f3n para el Comportamiento Positivo (PBIS) se basan en tres ideas principales:<\/p>\n\n\n\n<ol class=\"wp-block-list\">\n<li class=\"has-medium-font-size\">Los ni\u00f1os necesitan saber qu\u00e9 se espera de ellos.<\/li>\n\n\n\n<li class=\"has-medium-font-size\">Los ni\u00f1os necesitan que se les ense\u00f1e directamente la forma correcta de comportarse.<\/li>\n\n\n\n<li class=\"has-medium-font-size\">El comportamiento apropiado necesita ser alentado y reconocido.<\/li>\n<\/ol>\n\n\n\n<p class=\"has-medium-font-size\">En HSYC, creemos que PBIS es una excelente manera de ayudar a todos los ni\u00f1os a aprender las habilidades que necesitan para tener \u00e9xito socioemocional y en su conducta.<\/p>\n\n<\/div><\/div><\/div>\n\n<div class=\"gb-grid-column gb-grid-column-865c50fa\"><div class=\"gb-container gb-container-865c50fa\"><div class=\"gb-inside-container\">\n\n<figure class=\"wp-block-image size-large\"><img loading=\"lazy\" decoding=\"async\" width=\"1024\" height=\"940\" src=\"https:\/\/yamhill.demo.webriculture.com\/wp-content\/uploads\/2022\/06\/DSC_0331-2-1024x940.jpg\" alt=\"\" class=\"wp-image-1803\" srcset=\"https:\/\/yamhillheadstart.org\/wp-content\/uploads\/2022\/06\/DSC_0331-2-1024x940.jpg 1024w, https:\/\/yamhillheadstart.org\/wp-content\/uploads\/2022\/06\/DSC_0331-2-300x275.jpg 300w, https:\/\/yamhillheadstart.org\/wp-content\/uploads\/2022\/06\/DSC_0331-2-768x705.jpg 768w, https:\/\/yamhillheadstart.org\/wp-content\/uploads\/2022\/06\/DSC_0331-2-1536x1410.jpg 1536w, https:\/\/yamhillheadstart.org\/wp-content\/uploads\/2022\/06\/DSC_0331-2-2048x1880.jpg 2048w, https:\/\/yamhillheadstart.org\/wp-content\/uploads\/2022\/06\/DSC_0331-2-13x12.jpg 13w\" sizes=\"auto, (max-width: 1024px) 100vw, 1024px\" \/><\/figure>\n\n<\/div><\/div><\/div>\n<\/div>\n<\/div><\/div>\n\n<div class=\"gb-container gb-container-132fec66\"><div class=\"gb-inside-container\">\n<div class=\"gb-grid-wrapper gb-grid-wrapper-282b4c74 flex-mobile-column-reverse\">\n<div class=\"gb-grid-column gb-grid-column-8e2d2f06\"><div class=\"gb-container gb-container-8e2d2f06\"><div class=\"gb-inside-container\">\n\n<figure class=\"wp-block-image size-large\"><img loading=\"lazy\" decoding=\"async\" width=\"976\" height=\"1024\" src=\"https:\/\/yamhill.demo.webriculture.com\/wp-content\/uploads\/2022\/06\/Victoria33-976x1024.jpg\" alt=\"\" class=\"wp-image-1812\" srcset=\"https:\/\/yamhillheadstart.org\/wp-content\/uploads\/2022\/06\/Victoria33-976x1024.jpg 976w, https:\/\/yamhillheadstart.org\/wp-content\/uploads\/2022\/06\/Victoria33-286x300.jpg 286w, https:\/\/yamhillheadstart.org\/wp-content\/uploads\/2022\/06\/Victoria33-768x806.jpg 768w, https:\/\/yamhillheadstart.org\/wp-content\/uploads\/2022\/06\/Victoria33-11x12.jpg 11w, https:\/\/yamhillheadstart.org\/wp-content\/uploads\/2022\/06\/Victoria33.jpg 1262w\" sizes=\"auto, (max-width: 976px) 100vw, 976px\" \/><\/figure>\n\n<\/div><\/div><\/div>\n\n<div class=\"gb-grid-column gb-grid-column-393956a5\"><div class=\"gb-container gb-container-393956a5\"><div class=\"gb-inside-container\">\n\n<h2 class=\"wp-block-heading\"><strong>Habilidades RIDE<\/strong><\/h2>\n\n\n\n<p class=\"has-medium-font-size\">R - Reflexione sobre el habla de su hijo<\/p>\n\n\n\n<p class=\"has-medium-font-size\">I - Imite su juego<\/p>\n\n\n\n<p class=\"has-medium-font-size\">D - Describa lo que est\u00e1 haciendo su hijo<\/p>\n\n\n\n<p class=\"has-medium-font-size\">E - Disfrute de su tiempo juntos<\/p>\n\n\n\n<p class=\"has-medium-font-size\">Cuando los adultos utilizan estas estrategias de ense\u00f1anza social y emocional logran:<\/p>\n\n\n\n<ul class=\"wp-block-list\">\n<li class=\"has-medium-font-size\">Interactuar con los ni\u00f1os para desarrollar su autoestima.<\/li>\n\n\n\n<li class=\"has-medium-font-size\">Demostrar que escuchan activamente a los ni\u00f1os.<\/li>\n\n\n\n<li class=\"has-medium-font-size\">Mostrar empat\u00eda y comprensi\u00f3n de los sentimientos de los ni\u00f1os.<\/li>\n\n\n\n<li class=\"has-medium-font-size\">Muestre sensibilidad a las necesidades individuales de los ni\u00f1os.<\/li>\n\n\n\n<li class=\"has-medium-font-size\">Fomentar la confianza en la autonom\u00eda.<\/li>\n\n\n\n<li class=\"has-medium-font-size\">Aprovechar la presencia de los compa\u00f1eros.<\/li>\n\n\n\n<li class=\"has-medium-font-size\">Utilizar el modelado, las indicaciones y el refuerzo de las interacciones de manera efectiva.<\/li>\n<\/ul>\n\n<\/div><\/div><\/div>\n<\/div>\n<\/div><\/div>","protected":false},"excerpt":{"rendered":"<p>Aprendizaje<\/p>","protected":false},"author":1,"featured_media":4782,"parent":0,"menu_order":0,"comment_status":"closed","ping_status":"closed","template":"","meta":{"footnotes":""},"class_list":["post-871","page","type-page","status-publish","has-post-thumbnail"],"featured_image_src":"https:\/\/yamhillheadstart.org\/wp-content\/uploads\/2023\/09\/Picture3.jpg","_links":{"self":[{"href":"https:\/\/yamhillheadstart.org\/es\/wp-json\/wp\/v2\/pages\/871","targetHints":{"allow":["GET"]}}],"collection":[{"href":"https:\/\/yamhillheadstart.org\/es\/wp-json\/wp\/v2\/pages"}],"about":[{"href":"https:\/\/yamhillheadstart.org\/es\/wp-json\/wp\/v2\/types\/page"}],"author":[{"embeddable":true,"href":"https:\/\/yamhillheadstart.org\/es\/wp-json\/wp\/v2\/users\/1"}],"replies":[{"embeddable":true,"href":"https:\/\/yamhillheadstart.org\/es\/wp-json\/wp\/v2\/comments?post=871"}],"version-history":[{"count":26,"href":"https:\/\/yamhillheadstart.org\/es\/wp-json\/wp\/v2\/pages\/871\/revisions"}],"predecessor-version":[{"id":6314,"href":"https:\/\/yamhillheadstart.org\/es\/wp-json\/wp\/v2\/pages\/871\/revisions\/6314"}],"wp:featuredmedia":[{"embeddable":true,"href":"https:\/\/yamhillheadstart.org\/es\/wp-json\/wp\/v2\/media\/4782"}],"wp:attachment":[{"href":"https:\/\/yamhillheadstart.org\/es\/wp-json\/wp\/v2\/media?parent=871"}],"curies":[{"name":"wp","href":"https:\/\/api.w.org\/{rel}","templated":true}]}}