{"id":857,"date":"2022-05-18T12:35:02","date_gmt":"2022-05-18T19:35:02","guid":{"rendered":"https:\/\/beta2.swrforum.com\/?page_id=857"},"modified":"2025-01-08T13:47:13","modified_gmt":"2025-01-08T20:47:13","slug":"health-safety","status":"publish","type":"page","link":"https:\/\/yamhillheadstart.org\/es\/health-safety\/","title":{"rendered":"Salud y Seguridad"},"content":{"rendered":"<div style=\"height:50px\" aria-hidden=\"true\" class=\"wp-block-spacer\"><\/div>\n\n\n\n<h1 class=\"wp-block-heading\">La salud y segurirdad<\/h1>\n\n\n<div class=\"gb-container gb-container-e74574d5\"><div class=\"gb-inside-container\">\n<div class=\"gb-grid-wrapper gb-grid-wrapper-2f69caa8\">\n<div class=\"gb-grid-column gb-grid-column-bf84595d\"><div class=\"gb-container gb-container-bf84595d\"><div class=\"gb-inside-container\">\n\n<h2 class=\"wp-block-heading\"><strong>Salud <\/strong><\/h2>\n\n\n\n<h3 class=\"wp-block-heading\">Qu\u00e9 tener en mente antes de enviar a su hijo a la escuela <\/h3>\n\n\n\n<p class=\"has-medium-font-size\">No env\u00ede a su hijo si est\u00e1 enfermo o ha tenido s\u00edntomas en las \u00faltimas 24 horas. Los s\u00edntomas pueden incluir:<\/p>\n\n\n<ul style=\"padding-left: 1.1em; text-align: left; --ub-list-item-icon-top: 3px;; --ub-list-item-icon-size: 0.9em; --ub-list-item-background-image: url('data:image\/svg+xml;utf8,&lt;svg xmlns=&quot;http:\/\/www.w3.org\/2000\/svg&quot; viewBox=&quot;0 0 256 512&quot;&gt;&lt;path fill=&quot;%23ar(--global-color-10)&quot; d=&quot;M246.6 233.4c12.5 12.5 12.5 32.8 0 45.3l-160 160c-12.5 12.5-32.8 12.5-45.3 0s-12.5-32.8 0-45.3L178.7 256 41.4 118.6c-12.5-12.5-12.5-32.8 0-45.3s32.8-12.5 45.3 0l160 160z&quot;&gt;&lt;\/path&gt;&lt;\/svg&gt;'); --ub-list-item-fa-li-top: 3px; --ub-list-item-spacing: 12px; \" class=\"wp-block-ub-styled-list ub_styled_list\" id=\"ub_styled_list-116c35be-621d-4ea7-9d08-a4993d48e490\"><div class=\"ub-block-list__layout\" style=\"text-align: left; column-count: 1; --ub-list-mobile-column-count: 1; \">\n<li class=\"ub_styled_list_item\" style=\"--ub-list-item-icon-top: 3px; --ub-list-item-icon-size: 0.9em; --ub-list-item-background-image: url('data:image\/svg+xml;utf8,&lt;svg xmlns=&quot;http:\/\/www.w3.org\/2000\/svg&quot; viewBox=&quot;0 0 512 512&quot;&gt;&lt;path fill=&quot;%23000000&quot; d=&quot;M470.6 105.4c12.5 12.5 12.5 32.8 0 45.3l-256 256c-12.5 12.5-32.8 12.5-45.3 0l-128-128c-12.5-12.5-12.5-32.8 0-45.3s32.8-12.5 45.3 0L192 338.7 425.4 105.4c12.5-12.5 32.8-12.5 45.3 0z&quot;&gt;&lt;\/path&gt;&lt;\/svg&gt;'); \" id=\"ub-styled-list-item-75dfec7a-37c6-4a9f-bfd9-fbac6f691eff\">\n\t\t\t<div class=\"ub_list_item_content\">\n\t\t\t\t<span class=\"ub_list_item_icon\">\n\t\t\t\t\t<svg width=\"0.9em\" height=\"0.9em\" xmlns=\"http:\/\/www.w3.org\/2000\/svg\" viewbox=\"0 0 512 512\"><path fill=\"#000000\" d=\"M470.6 105.4c12.5 12.5 12.5 32.8 0 45.3l-256 256c-12.5 12.5-32.8 12.5-45.3 0l-128-128c-12.5-12.5-12.5-32.8 0-45.3s32.8-12.5 45.3 0L192 338.7 425.4 105.4c12.5-12.5 32.8-12.5 45.3 0z\"><\/path><\/svg>\n\t\t\t\t<\/span>\n\t\t\t\t<span class=\"ub_list_item_text\">RESFR\u00cdADOS\/GRIPA: Incluyendo tos, secreci\u00f3n nasal, dolor de cabeza y\/o dolores corporales<\/span>\n\t\t\t<\/div>\n\t\t\t\n\t\t<\/li>\n\n<li class=\"ub_styled_list_item\" style=\"--ub-list-item-icon-top: 3px; --ub-list-item-icon-size: 0.9em; --ub-list-item-background-image: url('data:image\/svg+xml;utf8,&lt;svg xmlns=&quot;http:\/\/www.w3.org\/2000\/svg&quot; viewBox=&quot;0 0 512 512&quot;&gt;&lt;path fill=&quot;%23000000&quot; d=&quot;M470.6 105.4c12.5 12.5 12.5 32.8 0 45.3l-256 256c-12.5 12.5-32.8 12.5-45.3 0l-128-128c-12.5-12.5-12.5-32.8 0-45.3s32.8-12.5 45.3 0L192 338.7 425.4 105.4c12.5-12.5 32.8-12.5 45.3 0z&quot;&gt;&lt;\/path&gt;&lt;\/svg&gt;'); \" id=\"ub-styled-list-item-e6daedf4-eb6e-4aa1-b0b2-2b1b890869a5\">\n\t\t\t<div class=\"ub_list_item_content\">\n\t\t\t\t<span class=\"ub_list_item_icon\">\n\t\t\t\t\t<svg width=\"0.9em\" height=\"0.9em\" xmlns=\"http:\/\/www.w3.org\/2000\/svg\" viewbox=\"0 0 512 512\"><path fill=\"#000000\" d=\"M470.6 105.4c12.5 12.5 12.5 32.8 0 45.3l-256 256c-12.5 12.5-32.8 12.5-45.3 0l-128-128c-12.5-12.5-12.5-32.8 0-45.3s32.8-12.5 45.3 0L192 338.7 425.4 105.4c12.5-12.5 32.8-12.5 45.3 0z\"><\/path><\/svg>\n\t\t\t\t<\/span>\n\t\t\t\t<span class=\"ub_list_item_text\">DOLOR DE GARGANTA, V\u00d3MITO, DIARREA: Se debe contactar a un m\u00e9dico si no mejora despu\u00e9s de 24 horas. <strong>A child with diarrhea may return 48 hours after diarrhea resolves or with written clearance from a licensed healthcare provider.\u202f<\/strong><\/span>\n\t\t\t<\/div>\n\t\t\t\n\t\t<\/li>\n\n<li class=\"ub_styled_list_item\" style=\"--ub-list-item-icon-top: 3px; --ub-list-item-icon-size: 0.9em; --ub-list-item-background-image: url('data:image\/svg+xml;utf8,&lt;svg xmlns=&quot;http:\/\/www.w3.org\/2000\/svg&quot; viewBox=&quot;0 0 512 512&quot;&gt;&lt;path fill=&quot;%23000000&quot; d=&quot;M470.6 105.4c12.5 12.5 12.5 32.8 0 45.3l-256 256c-12.5 12.5-32.8 12.5-45.3 0l-128-128c-12.5-12.5-12.5-32.8 0-45.3s32.8-12.5 45.3 0L192 338.7 425.4 105.4c12.5-12.5 32.8-12.5 45.3 0z&quot;&gt;&lt;\/path&gt;&lt;\/svg&gt;'); \" id=\"ub-styled-list-item-1847dacb-2cc8-4bbb-ab8a-f28bb90dc716\">\n\t\t\t<div class=\"ub_list_item_content\">\n\t\t\t\t<span class=\"ub_list_item_icon\">\n\t\t\t\t\t<svg width=\"0.9em\" height=\"0.9em\" xmlns=\"http:\/\/www.w3.org\/2000\/svg\" viewbox=\"0 0 512 512\"><path fill=\"#000000\" d=\"M470.6 105.4c12.5 12.5 12.5 32.8 0 45.3l-256 256c-12.5 12.5-32.8 12.5-45.3 0l-128-128c-12.5-12.5-12.5-32.8 0-45.3s32.8-12.5 45.3 0L192 338.7 425.4 105.4c12.5-12.5 32.8-12.5 45.3 0z\"><\/path><\/svg>\n\t\t\t\t<\/span>\n\t\t\t\t<span class=\"ub_list_item_text\">FIEBRE: Un ni\u00f1o con fiebre de 100.4\u00baF o m\u00e1s no debe ser enviado a la escuela. La fiebre es una advertencia de que algo anda mal en el cuerpo. <\/span>\n\t\t\t<\/div>\n\t\t\t\n\t\t<\/li>\n\n<li class=\"ub_styled_list_item\" style=\"--ub-list-item-icon-top: 3px; --ub-list-item-icon-size: 0.9em; --ub-list-item-background-image: url('data:image\/svg+xml;utf8,&lt;svg xmlns=&quot;http:\/\/www.w3.org\/2000\/svg&quot; viewBox=&quot;0 0 512 512&quot;&gt;&lt;path fill=&quot;%23000000&quot; d=&quot;M470.6 105.4c12.5 12.5 12.5 32.8 0 45.3l-256 256c-12.5 12.5-32.8 12.5-45.3 0l-128-128c-12.5-12.5-12.5-32.8 0-45.3s32.8-12.5 45.3 0L192 338.7 425.4 105.4c12.5-12.5 32.8-12.5 45.3 0z&quot;&gt;&lt;\/path&gt;&lt;\/svg&gt;'); \" id=\"ub-styled-list-item-4a1ffc01-58ac-4abf-93aa-5eafdb7de424\">\n\t\t\t<div class=\"ub_list_item_content\">\n\t\t\t\t<span class=\"ub_list_item_icon\">\n\t\t\t\t\t<svg width=\"0.9em\" height=\"0.9em\" xmlns=\"http:\/\/www.w3.org\/2000\/svg\" viewbox=\"0 0 512 512\"><path fill=\"#000000\" d=\"M470.6 105.4c12.5 12.5 12.5 32.8 0 45.3l-256 256c-12.5 12.5-32.8 12.5-45.3 0l-128-128c-12.5-12.5-12.5-32.8 0-45.3s32.8-12.5 45.3 0L192 338.7 425.4 105.4c12.5-12.5 32.8-12.5 45.3 0z\"><\/path><\/svg>\n\t\t\t\t<\/span>\n\t\t\t\t<span class=\"ub_list_item_text\">RONCHAS, SARPULLIDO: No env\u00ede a un ni\u00f1o con ronchas o sarpullido a la escuela hasta que un m\u00e9dico o una enfermera le hayan dicho que es seguro hacerlo. Debemos tener una nota de su m\u00e9dico que indique que el ni\u00f1o puede regresar a la escuela y que las ronchas no est\u00e1n relacionadas con una enfermedad contagiosa. El sarpullido puede ser el primer signo de una enfermedad contagiosa.<\/span>\n\t\t\t<\/div>\n\t\t\t\n\t\t<\/li>\n<\/div><\/ul>\n<\/div><\/div><\/div>\n\n<div class=\"gb-grid-column gb-grid-column-28dfcb38\"><div class=\"gb-container gb-container-28dfcb38\"><div class=\"gb-inside-container\">\n\n<figure class=\"wp-block-image size-large\"><img loading=\"lazy\" decoding=\"async\" width=\"683\" height=\"1024\" src=\"https:\/\/yamhill.demo.webriculture.com\/wp-content\/uploads\/2022\/08\/DSC_0245-683x1024.jpg\" alt=\"\" class=\"wp-image-2538\" srcset=\"https:\/\/yamhillheadstart.org\/wp-content\/uploads\/2022\/08\/DSC_0245-683x1024.jpg 683w, https:\/\/yamhillheadstart.org\/wp-content\/uploads\/2022\/08\/DSC_0245-200x300.jpg 200w, https:\/\/yamhillheadstart.org\/wp-content\/uploads\/2022\/08\/DSC_0245-768x1152.jpg 768w, https:\/\/yamhillheadstart.org\/wp-content\/uploads\/2022\/08\/DSC_0245-1024x1536.jpg 1024w, https:\/\/yamhillheadstart.org\/wp-content\/uploads\/2022\/08\/DSC_0245-1365x2048.jpg 1365w, https:\/\/yamhillheadstart.org\/wp-content\/uploads\/2022\/08\/DSC_0245-8x12.jpg 8w, https:\/\/yamhillheadstart.org\/wp-content\/uploads\/2022\/08\/DSC_0245-scaled.jpg 1707w\" sizes=\"auto, (max-width: 683px) 100vw, 683px\" \/><\/figure>\n\n<\/div><\/div><\/div>\n<\/div>\n\n\n<iframe loading=\"lazy\" style=\"padding-top: 2em; padding-bottom: 1em;\" width=\"100%\" height=\"640\" src=\"https:\/\/www.youtube.com\/embed\/K9jNsHykHXk?si=PYh5e2zETF72KKEW&#038;rel=0\" title=\"YouTube video player\" frameborder=\"0\" allow=\"accelerometer; autoplay; clipboard-write; encrypted-media; gyroscope; picture-in-picture; web-share\" allowfullscreen=\"\"><\/iframe>\n\n\n\n<iframe loading=\"lazy\" style=\"padding-top: 2em; padding-bottom: 1em;\" width=\"100%\" height=\"640\" src=\"https:\/\/www.youtube.com\/embed\/uKyJQ7rJG70?si=uaFe74PZk5nLbr8Y&#038;rel=0\" title=\"YouTube video player\" frameborder=\"0\" allow=\"accelerometer; autoplay; clipboard-write; encrypted-media; gyroscope; picture-in-picture; web-share\" allowfullscreen=\"\"><\/iframe>\n\n<\/div><\/div>\n\n<div class=\"gb-container gb-container-4e2916f1\"><div class=\"gb-inside-container\">\n<div class=\"gb-grid-wrapper gb-grid-wrapper-f95f297f flex-mobile-column-reverse\">\n<div class=\"gb-grid-column gb-grid-column-3258afad\"><div class=\"gb-container gb-container-3258afad\"><div class=\"gb-inside-container\">\n\n<figure class=\"wp-block-image size-large\"><img loading=\"lazy\" decoding=\"async\" width=\"1024\" height=\"768\" src=\"https:\/\/yamhill.demo.webriculture.com\/wp-content\/uploads\/2022\/08\/IMG_2436-1024x768.jpg\" alt=\"\" class=\"wp-image-2540\" srcset=\"https:\/\/yamhillheadstart.org\/wp-content\/uploads\/2022\/08\/IMG_2436-1024x768.jpg 1024w, https:\/\/yamhillheadstart.org\/wp-content\/uploads\/2022\/08\/IMG_2436-300x225.jpg 300w, https:\/\/yamhillheadstart.org\/wp-content\/uploads\/2022\/08\/IMG_2436-768x576.jpg 768w, https:\/\/yamhillheadstart.org\/wp-content\/uploads\/2022\/08\/IMG_2436-1536x1152.jpg 1536w, https:\/\/yamhillheadstart.org\/wp-content\/uploads\/2022\/08\/IMG_2436-2048x1536.jpg 2048w, https:\/\/yamhillheadstart.org\/wp-content\/uploads\/2022\/08\/IMG_2436-16x12.jpg 16w\" sizes=\"auto, (max-width: 1024px) 100vw, 1024px\" \/><\/figure>\n\n<\/div><\/div><\/div>\n\n<div class=\"gb-grid-column gb-grid-column-e058fa4f\"><div class=\"gb-container gb-container-e058fa4f\"><div class=\"gb-inside-container\">\n\n<h2 class=\"wp-block-heading\"><strong>Entrenamiento para ir al ba\u00f1o<\/strong><\/h2>\n\n\n\n<p class=\"has-medium-font-size\">HSYC no requiere que los ni\u00f1os est\u00e9n entrenados para ir al ba\u00f1o antes de la inscripci\u00f3n. Sin embargo, como organizaci\u00f3n, apoyaremos y trabajaremos con las familias de manera individual para apoyar a los ni\u00f1os en su \"preparaci\u00f3n\" y progreso en el entrenamiento para ir al ba\u00f1o.<\/p>\n\n<\/div><\/div><\/div>\n<\/div>\n<\/div><\/div>\n\n<div class=\"gb-container gb-container-456fb240\"><div class=\"gb-inside-container\">\n<div class=\"gb-grid-wrapper gb-grid-wrapper-2deab5f5\">\n<div class=\"gb-grid-column gb-grid-column-a2353cf0\"><div class=\"gb-container gb-container-a2353cf0\"><div class=\"gb-inside-container\">\n\n<h2 class=\"wp-block-heading\"><strong>Seguridad <\/strong><\/h2>\n\n\n\n<p class=\"has-medium-font-size\">La seguridad de su hijo es una prioridad en HSYC. Estamos autorizados por Child Care Licensing y <a href=\"https:\/\/oregonspark.org\/\">SPARK<\/a> ha calificado a todos nuestros centros con 5 estrellas. Adem\u00e1s, todo el personal de los salones est\u00e1 certificado en CPR pedi\u00e1trica y primeros auxilios.<\/p>\n\n<\/div><\/div><\/div>\n\n<div class=\"gb-grid-column gb-grid-column-901e64b0\"><div class=\"gb-container gb-container-901e64b0\"><div class=\"gb-inside-container\">\n\n<figure class=\"wp-block-image size-large\"><img loading=\"lazy\" decoding=\"async\" width=\"1024\" height=\"864\" src=\"https:\/\/yamhill.demo.webriculture.com\/wp-content\/uploads\/2022\/09\/DSC_0186-2-1024x864.jpg\" alt=\"\" class=\"wp-image-2554\" srcset=\"https:\/\/yamhillheadstart.org\/wp-content\/uploads\/2022\/09\/DSC_0186-2-1024x864.jpg 1024w, https:\/\/yamhillheadstart.org\/wp-content\/uploads\/2022\/09\/DSC_0186-2-300x253.jpg 300w, https:\/\/yamhillheadstart.org\/wp-content\/uploads\/2022\/09\/DSC_0186-2-768x648.jpg 768w, https:\/\/yamhillheadstart.org\/wp-content\/uploads\/2022\/09\/DSC_0186-2-1536x1296.jpg 1536w, https:\/\/yamhillheadstart.org\/wp-content\/uploads\/2022\/09\/DSC_0186-2-2048x1728.jpg 2048w, https:\/\/yamhillheadstart.org\/wp-content\/uploads\/2022\/09\/DSC_0186-2-14x12.jpg 14w\" sizes=\"auto, (max-width: 1024px) 100vw, 1024px\" \/><\/figure>\n\n<\/div><\/div><\/div>\n<\/div>\n<\/div><\/div>","protected":false},"excerpt":{"rendered":"<p>La salud y segurirdad<\/p>","protected":false},"author":1,"featured_media":3345,"parent":0,"menu_order":0,"comment_status":"closed","ping_status":"closed","template":"","meta":{"footnotes":""},"class_list":["post-857","page","type-page","status-publish","has-post-thumbnail"],"featured_image_src":"https:\/\/yamhillheadstart.org\/wp-content\/uploads\/2023\/01\/DSC_0573-scaled.jpg","_links":{"self":[{"href":"https:\/\/yamhillheadstart.org\/es\/wp-json\/wp\/v2\/pages\/857","targetHints":{"allow":["GET"]}}],"collection":[{"href":"https:\/\/yamhillheadstart.org\/es\/wp-json\/wp\/v2\/pages"}],"about":[{"href":"https:\/\/yamhillheadstart.org\/es\/wp-json\/wp\/v2\/types\/page"}],"author":[{"embeddable":true,"href":"https:\/\/yamhillheadstart.org\/es\/wp-json\/wp\/v2\/users\/1"}],"replies":[{"embeddable":true,"href":"https:\/\/yamhillheadstart.org\/es\/wp-json\/wp\/v2\/comments?post=857"}],"version-history":[{"count":29,"href":"https:\/\/yamhillheadstart.org\/es\/wp-json\/wp\/v2\/pages\/857\/revisions"}],"predecessor-version":[{"id":7764,"href":"https:\/\/yamhillheadstart.org\/es\/wp-json\/wp\/v2\/pages\/857\/revisions\/7764"}],"wp:featuredmedia":[{"embeddable":true,"href":"https:\/\/yamhillheadstart.org\/es\/wp-json\/wp\/v2\/media\/3345"}],"wp:attachment":[{"href":"https:\/\/yamhillheadstart.org\/es\/wp-json\/wp\/v2\/media?parent=857"}],"curies":[{"name":"wp","href":"https:\/\/api.w.org\/{rel}","templated":true}]}}