{"id":66,"date":"2022-04-28T14:45:58","date_gmt":"2022-04-28T21:45:58","guid":{"rendered":"https:\/\/beta2.swrforum.com\/?page_id=66"},"modified":"2024-06-27T16:55:25","modified_gmt":"2024-06-27T23:55:25","slug":"welcome-to-hsyc","status":"publish","type":"page","link":"https:\/\/yamhillheadstart.org\/es\/welcome-to-hsyc\/","title":{"rendered":"Bienvenido a HSYC"},"content":{"rendered":"<div style=\"height:50px\" aria-hidden=\"true\" class=\"wp-block-spacer\"><\/div>\n\n\n\n<h1 class=\"wp-block-heading\">\u00a1Bienvenido!<\/h1>\n\n\n<div class=\"gb-container gb-container-376b2ce4\"><div class=\"gb-inside-container\">\n\n<div style=\"height:50px\" aria-hidden=\"true\" class=\"wp-block-spacer\"><\/div>\n\n\n<div class=\"gb-container gb-container-518dc5b8\"><div class=\"gb-inside-container\">\n<div class=\"gb-grid-wrapper gb-grid-wrapper-7fcd3687\">\n<div class=\"gb-grid-column gb-grid-column-8192dd9d\"><div class=\"gb-container gb-container-8192dd9d\"><div class=\"gb-inside-container\">\n\n<h2 class=\"wp-block-heading\"><strong>Nuestro proposito<\/strong><\/h2>\n\n\n\n<p class=\"has-medium-font-size\">Head Start of Yamhill County brinda servicios para ni\u00f1os en un programa integral de atenci\u00f3n y educaci\u00f3n centrado en la familia. Nuestro programa preescolar atiende a ni\u00f1os de tres a cinco a\u00f1os. Nuestro programa para ni\u00f1os de dos a\u00f1os es para los de 24 meses antes del 1 de septiembre y los prepara para el preescolar. Nuestro programa Early Head Start atiende a personas embarazadas, beb\u00e9s y ni\u00f1os peque\u00f1os. Las familias son elegibles para nuestros programas si cumplen con los pautas federales de pobreza, reciben apoyo p\u00fablico, tienen un ni\u00f1o en cuidado de crianza y\/o cumplen con ciertos criterios de situaci\u00f3n de vida.<\/p>\n\n\n\n<p class=\"has-medium-font-size\">La base de nuestro programa es la participaci\u00f3n y la educaci\u00f3n de los padres, que son vitales para alcanzar la meta nacional de Head Start de competencia social y acad\u00e9mica para ni\u00f1os de familias de bajos ingresos. Somos una organizaci\u00f3n de desarrollo humano. \u00a1Ayudamos a las familias a tener \u00e9xito!<\/p>\n\n<\/div><\/div><\/div>\n\n<div class=\"gb-grid-column gb-grid-column-a387bb23\"><div class=\"gb-container gb-container-a387bb23\"><div class=\"gb-inside-container\">\n\n<figure class=\"wp-block-image size-large\"><img loading=\"lazy\" decoding=\"async\" width=\"705\" height=\"1024\" src=\"https:\/\/yamhill.demo.webriculture.com\/wp-content\/uploads\/2022\/09\/20210929_121646-2-705x1024.jpg\" alt=\"\" class=\"wp-image-2593\" srcset=\"https:\/\/yamhillheadstart.org\/wp-content\/uploads\/2022\/09\/20210929_121646-2-705x1024.jpg 705w, https:\/\/yamhillheadstart.org\/wp-content\/uploads\/2022\/09\/20210929_121646-2-207x300.jpg 207w, https:\/\/yamhillheadstart.org\/wp-content\/uploads\/2022\/09\/20210929_121646-2-768x1115.jpg 768w, https:\/\/yamhillheadstart.org\/wp-content\/uploads\/2022\/09\/20210929_121646-2-1058x1536.jpg 1058w, https:\/\/yamhillheadstart.org\/wp-content\/uploads\/2022\/09\/20210929_121646-2-1410x2048.jpg 1410w, https:\/\/yamhillheadstart.org\/wp-content\/uploads\/2022\/09\/20210929_121646-2-8x12.jpg 8w, https:\/\/yamhillheadstart.org\/wp-content\/uploads\/2022\/09\/20210929_121646-2-scaled.jpg 1763w\" sizes=\"auto, (max-width: 705px) 100vw, 705px\" \/><\/figure>\n\n<\/div><\/div><\/div>\n<\/div>\n<\/div><\/div>\n\n<div class=\"gb-container gb-container-d1fbc5bb\"><div class=\"gb-inside-container\">\n<div class=\"gb-grid-wrapper gb-grid-wrapper-5e418207 flex-mobile-column-reverse\">\n<div class=\"gb-grid-column gb-grid-column-db5d6352\"><div class=\"gb-container gb-container-db5d6352\"><div class=\"gb-inside-container\">\n\n<figure class=\"wp-block-image size-large\"><img loading=\"lazy\" decoding=\"async\" width=\"1024\" height=\"683\" src=\"https:\/\/yamhill.demo.webriculture.com\/wp-content\/uploads\/2022\/09\/DSC_0480-1024x683.jpg\" alt=\"\" class=\"wp-image-2595\" srcset=\"https:\/\/yamhillheadstart.org\/wp-content\/uploads\/2022\/09\/DSC_0480-1024x683.jpg 1024w, https:\/\/yamhillheadstart.org\/wp-content\/uploads\/2022\/09\/DSC_0480-300x200.jpg 300w, https:\/\/yamhillheadstart.org\/wp-content\/uploads\/2022\/09\/DSC_0480-768x512.jpg 768w, https:\/\/yamhillheadstart.org\/wp-content\/uploads\/2022\/09\/DSC_0480-1536x1024.jpg 1536w, https:\/\/yamhillheadstart.org\/wp-content\/uploads\/2022\/09\/DSC_0480-2048x1365.jpg 2048w, https:\/\/yamhillheadstart.org\/wp-content\/uploads\/2022\/09\/DSC_0480-18x12.jpg 18w\" sizes=\"auto, (max-width: 1024px) 100vw, 1024px\" \/><\/figure>\n\n<\/div><\/div><\/div>\n\n<div class=\"gb-grid-column gb-grid-column-4946cfaf\"><div class=\"gb-container gb-container-4946cfaf\"><div class=\"gb-inside-container\">\n\n<h2 class=\"wp-block-heading\"><strong>Nuestra historia<\/strong><\/h2>\n\n\n\n<p class=\"has-medium-font-size\">Desde 1985, HSYC ha implementado una gesti\u00f3n eficaz de programas, toma de decisiones compartida, participaci\u00f3n de los padres y servicios de alta calidad para ni\u00f1os y familias. Actualmente atendemos a 184 ni\u00f1os de 3 a 5 a\u00f1os en el programa preescolar, 64 ni\u00f1os peque\u00f1os y 66 familias embarazadas, beb\u00e9s y ni\u00f1os de dos a\u00f1os en el programa Early Head Start.<\/p>\n\n<\/div><\/div><\/div>\n<\/div>\n<\/div><\/div>\n\n<div class=\"gb-container gb-container-6602e520\"><div class=\"gb-inside-container\">\n<div class=\"gb-grid-wrapper gb-grid-wrapper-d217e01f\">\n<div class=\"gb-grid-column gb-grid-column-1257899a\"><div class=\"gb-container gb-container-1257899a\"><div class=\"gb-inside-container\">\n\n<h2 class=\"wp-block-heading\"><strong>Nuestra misi\u00f3n<\/strong><\/h2>\n\n\n\n<p class=\"has-medium-font-size\">Estamos comprometidos a ser una comunidad de aprendizaje \u00e9xitosa que incluye:<\/p>\n\n\n<ul style=\"padding-left: 1.1em; text-align: left; --ub-list-item-icon-top: 3px;; --ub-list-item-icon-size: 0.9em; --ub-list-item-background-image: url('data:image\/svg+xml;utf8,&lt;svg xmlns=&quot;http:\/\/www.w3.org\/2000\/svg&quot; viewBox=&quot;0 0 256 512&quot;&gt;&lt;path fill=&quot;%23000000&quot; d=&quot;M246.6 233.4c12.5 12.5 12.5 32.8 0 45.3l-160 160c-12.5 12.5-32.8 12.5-45.3 0s-12.5-32.8 0-45.3L178.7 256 41.4 118.6c-12.5-12.5-12.5-32.8 0-45.3s32.8-12.5 45.3 0l160 160z&quot;&gt;&lt;\/path&gt;&lt;\/svg&gt;'); --ub-list-item-fa-li-top: 3px; --ub-list-item-spacing: 0px; \" class=\"wp-block-ub-styled-list ub_styled_list\" id=\"ub_styled_list-b8114836-b808-4821-a5f5-921916687db0\"><div class=\"ub-block-list__layout\" style=\"text-align: left; column-count: 1; --ub-list-mobile-column-count: 1; \">\n<li class=\"ub_styled_list_item\" style=\"--ub-list-item-icon-top: 3px; --ub-list-item-icon-size: 0.9em; --ub-list-item-background-image: url('data:image\/svg+xml;utf8,&lt;svg xmlns=&quot;http:\/\/www.w3.org\/2000\/svg&quot; viewBox=&quot;0 0 512 512&quot;&gt;&lt;path fill=&quot;%23000000&quot; d=&quot;M470.6 105.4c12.5 12.5 12.5 32.8 0 45.3l-256 256c-12.5 12.5-32.8 12.5-45.3 0l-128-128c-12.5-12.5-12.5-32.8 0-45.3s32.8-12.5 45.3 0L192 338.7 425.4 105.4c12.5-12.5 32.8-12.5 45.3 0z&quot;&gt;&lt;\/path&gt;&lt;\/svg&gt;'); \" id=\"ub-styled-list-item-6fa4df01-c0ea-4c57-845e-2d499e02fd3b\">\n\t\t\t<div class=\"ub_list_item_content\">\n\t\t\t\t<span class=\"ub_list_item_icon\">\n\t\t\t\t\t<svg width=\"0.9em\" height=\"0.9em\" xmlns=\"http:\/\/www.w3.org\/2000\/svg\" viewbox=\"0 0 512 512\"><path fill=\"#000000\" d=\"M470.6 105.4c12.5 12.5 12.5 32.8 0 45.3l-256 256c-12.5 12.5-32.8 12.5-45.3 0l-128-128c-12.5-12.5-12.5-32.8 0-45.3s32.8-12.5 45.3 0L192 338.7 425.4 105.4c12.5-12.5 32.8-12.5 45.3 0z\"><\/path><\/svg>\n\t\t\t\t<\/span>\n\t\t\t\t<span class=\"ub_list_item_text\">Una asociaci\u00f3n con los padres y sus ni\u00f1os<\/span>\n\t\t\t<\/div>\n\t\t\t\n\t\t<\/li>\n\n<li class=\"ub_styled_list_item\" style=\"--ub-list-item-icon-top: 3px; --ub-list-item-icon-size: 0.9em; --ub-list-item-background-image: url('data:image\/svg+xml;utf8,&lt;svg xmlns=&quot;http:\/\/www.w3.org\/2000\/svg&quot; viewBox=&quot;0 0 512 512&quot;&gt;&lt;path fill=&quot;%23000000&quot; d=&quot;M470.6 105.4c12.5 12.5 12.5 32.8 0 45.3l-256 256c-12.5 12.5-32.8 12.5-45.3 0l-128-128c-12.5-12.5-12.5-32.8 0-45.3s32.8-12.5 45.3 0L192 338.7 425.4 105.4c12.5-12.5 32.8-12.5 45.3 0z&quot;&gt;&lt;\/path&gt;&lt;\/svg&gt;'); \" id=\"ub-styled-list-item-4999f09c-c97c-495f-8fd2-9d94e0212c5f\">\n\t\t\t<div class=\"ub_list_item_content\">\n\t\t\t\t<span class=\"ub_list_item_icon\">\n\t\t\t\t\t<svg width=\"0.9em\" height=\"0.9em\" xmlns=\"http:\/\/www.w3.org\/2000\/svg\" viewbox=\"0 0 512 512\"><path fill=\"#000000\" d=\"M470.6 105.4c12.5 12.5 12.5 32.8 0 45.3l-256 256c-12.5 12.5-32.8 12.5-45.3 0l-128-128c-12.5-12.5-12.5-32.8 0-45.3s32.8-12.5 45.3 0L192 338.7 425.4 105.4c12.5-12.5 32.8-12.5 45.3 0z\"><\/path><\/svg>\n\t\t\t\t<\/span>\n\t\t\t\t<span class=\"ub_list_item_text\">Celebraci\u00f3n la diversidad<\/span>\n\t\t\t<\/div>\n\t\t\t\n\t\t<\/li>\n\n<li class=\"ub_styled_list_item\" style=\"--ub-list-item-icon-top: 3px; --ub-list-item-icon-size: 0.9em; --ub-list-item-background-image: url('data:image\/svg+xml;utf8,&lt;svg xmlns=&quot;http:\/\/www.w3.org\/2000\/svg&quot; viewBox=&quot;0 0 512 512&quot;&gt;&lt;path fill=&quot;%23000000&quot; d=&quot;M470.6 105.4c12.5 12.5 12.5 32.8 0 45.3l-256 256c-12.5 12.5-32.8 12.5-45.3 0l-128-128c-12.5-12.5-12.5-32.8 0-45.3s32.8-12.5 45.3 0L192 338.7 425.4 105.4c12.5-12.5 32.8-12.5 45.3 0z&quot;&gt;&lt;\/path&gt;&lt;\/svg&gt;'); \" id=\"ub-styled-list-item-c08fe033-2748-4aca-bff6-0b6995079db5\">\n\t\t\t<div class=\"ub_list_item_content\">\n\t\t\t\t<span class=\"ub_list_item_icon\">\n\t\t\t\t\t<svg width=\"0.9em\" height=\"0.9em\" xmlns=\"http:\/\/www.w3.org\/2000\/svg\" viewbox=\"0 0 512 512\"><path fill=\"#000000\" d=\"M470.6 105.4c12.5 12.5 12.5 32.8 0 45.3l-256 256c-12.5 12.5-32.8 12.5-45.3 0l-128-128c-12.5-12.5-12.5-32.8 0-45.3s32.8-12.5 45.3 0L192 338.7 425.4 105.4c12.5-12.5 32.8-12.5 45.3 0z\"><\/path><\/svg>\n\t\t\t\t<\/span>\n\t\t\t\t<span class=\"ub_list_item_text\">Un ambiente de apoyo, respeto, y confianza<\/span>\n\t\t\t<\/div>\n\t\t\t\n\t\t<\/li>\n<\/div><\/ul>\n\n\n<p class=\"has-medium-font-size\">Donde cada persona se siente segura y como parte de la comunidad.<\/p>\n\n<\/div><\/div><\/div>\n\n<div class=\"gb-grid-column gb-grid-column-d12129cb\"><div class=\"gb-container gb-container-d12129cb\"><div class=\"gb-inside-container\">\n\n<figure class=\"wp-block-image size-large\"><img loading=\"lazy\" decoding=\"async\" width=\"1024\" height=\"599\" src=\"https:\/\/yamhill.demo.webriculture.com\/wp-content\/uploads\/2022\/09\/PXL_20220608_165154312-2-1024x599.jpg\" alt=\"\" class=\"wp-image-2596\" srcset=\"https:\/\/yamhillheadstart.org\/wp-content\/uploads\/2022\/09\/PXL_20220608_165154312-2-1024x599.jpg 1024w, https:\/\/yamhillheadstart.org\/wp-content\/uploads\/2022\/09\/PXL_20220608_165154312-2-300x176.jpg 300w, https:\/\/yamhillheadstart.org\/wp-content\/uploads\/2022\/09\/PXL_20220608_165154312-2-768x450.jpg 768w, https:\/\/yamhillheadstart.org\/wp-content\/uploads\/2022\/09\/PXL_20220608_165154312-2-1536x899.jpg 1536w, https:\/\/yamhillheadstart.org\/wp-content\/uploads\/2022\/09\/PXL_20220608_165154312-2-2048x1199.jpg 2048w, https:\/\/yamhillheadstart.org\/wp-content\/uploads\/2022\/09\/PXL_20220608_165154312-2-18x12.jpg 18w\" sizes=\"auto, (max-width: 1024px) 100vw, 1024px\" \/><\/figure>\n\n<\/div><\/div><\/div>\n<\/div>\n<\/div><\/div>\n\n<div class=\"gb-container gb-container-acaabf7f\"><div class=\"gb-inside-container\">\n<div class=\"gb-grid-wrapper gb-grid-wrapper-4fa4247c flex-mobile-column-reverse\">\n<div class=\"gb-grid-column gb-grid-column-1196ce49\"><div class=\"gb-container gb-container-1196ce49\"><div class=\"gb-inside-container\">\n\n<figure class=\"wp-block-image size-large\"><img loading=\"lazy\" decoding=\"async\" width=\"1024\" height=\"683\" src=\"https:\/\/yamhill.demo.webriculture.com\/wp-content\/uploads\/2022\/09\/DSC_0861-1024x683.jpg\" alt=\"\" class=\"wp-image-2597\" srcset=\"https:\/\/yamhillheadstart.org\/wp-content\/uploads\/2022\/09\/DSC_0861-1024x683.jpg 1024w, https:\/\/yamhillheadstart.org\/wp-content\/uploads\/2022\/09\/DSC_0861-300x200.jpg 300w, https:\/\/yamhillheadstart.org\/wp-content\/uploads\/2022\/09\/DSC_0861-768x512.jpg 768w, https:\/\/yamhillheadstart.org\/wp-content\/uploads\/2022\/09\/DSC_0861-1536x1024.jpg 1536w, https:\/\/yamhillheadstart.org\/wp-content\/uploads\/2022\/09\/DSC_0861-2048x1365.jpg 2048w, https:\/\/yamhillheadstart.org\/wp-content\/uploads\/2022\/09\/DSC_0861-18x12.jpg 18w\" sizes=\"auto, (max-width: 1024px) 100vw, 1024px\" \/><\/figure>\n\n<\/div><\/div><\/div>\n\n<div class=\"gb-grid-column gb-grid-column-03d8fbd4\"><div class=\"gb-container gb-container-03d8fbd4\"><div class=\"gb-inside-container\">\n\n<h2 class=\"wp-block-heading\"><strong>Nuestra vision<\/strong><\/h2>\n\n\n\n<p class=\"has-medium-font-size\">Las familias y ni\u00f1os desde el nacimiento hasta los cinco a\u00f1os est\u00e1n preparados para convertirse en aprendices de por vida en un ambiente seguro y saludable.<\/p>\n\n\n\n<p class=\"has-medium-font-size\">Las familias y la comunidad se comprometen a apoyar y promover el desarrollo saludable, la preparaci\u00f3n escolar, y el bienestar de los ni\u00f1os peque\u00f1os y las familias con ni\u00f1os peque\u00f1os.<\/p>\n\n<\/div><\/div><\/div>\n<\/div>\n<\/div><\/div>\n\n<div class=\"gb-container gb-container-10e62b51\"><div class=\"gb-inside-container\">\n<div class=\"gb-grid-wrapper gb-grid-wrapper-c64d5675\">\n<div class=\"gb-grid-column gb-grid-column-cc3700e0\"><div class=\"gb-container gb-container-cc3700e0\"><div class=\"gb-inside-container\">\n\n<h2 class=\"wp-block-heading\"><strong>Nuestra filosof\u00eda<\/strong><\/h2>\n\n\n\n<p class=\"has-medium-font-size\">Head Start ayuda a identificar oportunidades para el \u00e9xito. Brindamos un enfoque exhaustivo y robusto de servicios para atender mejor a los m\u00e1s vulnerables de nuestra comunidad. Lo logramos al construir sobre fortalezas y relaciones respetuosas, y esforz\u00e1ndonos por inculcar un amor por el aprendizaje de por vida para todos.<\/p>\n\n<\/div><\/div><\/div>\n\n<div class=\"gb-grid-column gb-grid-column-818380a8\"><div class=\"gb-container gb-container-818380a8\"><div class=\"gb-inside-container\">\n\n<figure class=\"wp-block-image size-large\"><img loading=\"lazy\" decoding=\"async\" width=\"1024\" height=\"658\" src=\"https:\/\/yamhill.demo.webriculture.com\/wp-content\/uploads\/2022\/09\/20220513_114354-1024x658.jpg\" alt=\"\" class=\"wp-image-2598\" srcset=\"https:\/\/yamhillheadstart.org\/wp-content\/uploads\/2022\/09\/20220513_114354-1024x658.jpg 1024w, https:\/\/yamhillheadstart.org\/wp-content\/uploads\/2022\/09\/20220513_114354-300x193.jpg 300w, https:\/\/yamhillheadstart.org\/wp-content\/uploads\/2022\/09\/20220513_114354-768x494.jpg 768w, https:\/\/yamhillheadstart.org\/wp-content\/uploads\/2022\/09\/20220513_114354-1536x987.jpg 1536w, https:\/\/yamhillheadstart.org\/wp-content\/uploads\/2022\/09\/20220513_114354-2048x1316.jpg 2048w, https:\/\/yamhillheadstart.org\/wp-content\/uploads\/2022\/09\/20220513_114354-18x12.jpg 18w\" sizes=\"auto, (max-width: 1024px) 100vw, 1024px\" \/><\/figure>\n\n<\/div><\/div><\/div>\n<\/div>\n<\/div><\/div>\n<\/div><\/div>","protected":false},"excerpt":{"rendered":"<p>\u00a1Bienvenido!<\/p>","protected":false},"author":1,"featured_media":2649,"parent":0,"menu_order":0,"comment_status":"closed","ping_status":"closed","template":"","meta":{"footnotes":""},"class_list":["post-66","page","type-page","status-publish","has-post-thumbnail"],"featured_image_src":"https:\/\/yamhillheadstart.org\/wp-content\/uploads\/2022\/09\/Banner-11.1-2-scaled.jpg","_links":{"self":[{"href":"https:\/\/yamhillheadstart.org\/es\/wp-json\/wp\/v2\/pages\/66","targetHints":{"allow":["GET"]}}],"collection":[{"href":"https:\/\/yamhillheadstart.org\/es\/wp-json\/wp\/v2\/pages"}],"about":[{"href":"https:\/\/yamhillheadstart.org\/es\/wp-json\/wp\/v2\/types\/page"}],"author":[{"embeddable":true,"href":"https:\/\/yamhillheadstart.org\/es\/wp-json\/wp\/v2\/users\/1"}],"replies":[{"embeddable":true,"href":"https:\/\/yamhillheadstart.org\/es\/wp-json\/wp\/v2\/comments?post=66"}],"version-history":[{"count":25,"href":"https:\/\/yamhillheadstart.org\/es\/wp-json\/wp\/v2\/pages\/66\/revisions"}],"predecessor-version":[{"id":6263,"href":"https:\/\/yamhillheadstart.org\/es\/wp-json\/wp\/v2\/pages\/66\/revisions\/6263"}],"wp:featuredmedia":[{"embeddable":true,"href":"https:\/\/yamhillheadstart.org\/es\/wp-json\/wp\/v2\/media\/2649"}],"wp:attachment":[{"href":"https:\/\/yamhillheadstart.org\/es\/wp-json\/wp\/v2\/media?parent=66"}],"curies":[{"name":"wp","href":"https:\/\/api.w.org\/{rel}","templated":true}]}}