{"id":6313,"date":"2022-06-17T13:21:49","date_gmt":"2022-06-17T20:21:49","guid":{"rendered":"https:\/\/yamhillheadstart.org\/?page_id=6313"},"modified":"2024-07-01T11:39:01","modified_gmt":"2024-07-01T18:39:01","slug":"toddler","status":"publish","type":"page","link":"https:\/\/yamhillheadstart.org\/es\/toddler\/","title":{"rendered":"Dos A\u00f1os"},"content":{"rendered":"<div style=\"height:50px\" aria-hidden=\"true\" class=\"wp-block-spacer\"><\/div>\n\n\n\n<h1 class=\"wp-block-heading\">Dos A\u00f1os<\/h1>\n\n\n\n<p class=\"has-medium-font-size\">Nuestro programa para ni\u00f1os de dos a\u00f1os es un programa gratuito durante todo el a\u00f1o para ni\u00f1os de 24 meses antes del 1 de septiembre. El programa tiene como objetivo apoyar el aprendizaje de los ni\u00f1os en el hogar y en grupos peque\u00f1os el a\u00f1o antes del programa preescolar.<\/p>\n\n\n<div class=\"gb-container gb-container-331271f7\"><div class=\"gb-inside-container\">\n<div class=\"gb-grid-wrapper gb-grid-wrapper-ad3e776b\">\n<div class=\"gb-grid-column gb-grid-column-78956b56\"><div class=\"gb-container gb-container-78956b56\"><div class=\"gb-inside-container\">\n\n<figure class=\"wp-block-image size-large is-resized\"><img loading=\"lazy\" decoding=\"async\" width=\"1024\" height=\"768\" src=\"https:\/\/yamhillheadstart.org\/wp-content\/uploads\/2024\/07\/IMG_3306-1024x768.jpg\" alt=\"\" class=\"wp-image-6379\" srcset=\"https:\/\/yamhillheadstart.org\/wp-content\/uploads\/2024\/07\/IMG_3306-1024x768.jpg 1024w, https:\/\/yamhillheadstart.org\/wp-content\/uploads\/2024\/07\/IMG_3306-300x225.jpg 300w, https:\/\/yamhillheadstart.org\/wp-content\/uploads\/2024\/07\/IMG_3306-768x576.jpg 768w, https:\/\/yamhillheadstart.org\/wp-content\/uploads\/2024\/07\/IMG_3306-1536x1151.jpg 1536w, https:\/\/yamhillheadstart.org\/wp-content\/uploads\/2024\/07\/IMG_3306-16x12.jpg 16w\" sizes=\"auto, (max-width: 1024px) 100vw, 1024px\" \/><\/figure>\n\n<\/div><\/div><\/div>\n\n<div class=\"gb-grid-column gb-grid-column-53bdaec2\"><div class=\"gb-container gb-container-53bdaec2\"><div class=\"gb-inside-container\">\n\n<p class=\"has-medium-font-size\">Las familias reciben visitas mensuales de un maestro que brinda informaci\u00f3n sobre el desarrollo integral de los ni\u00f1os de dos a\u00f1os y apoya las conexiones entre las experiencias de aprendizaje en el hogar y el aula. Grupos de ocho ni\u00f1os asisten a clases dos veces por semana durante cuatro horas al d\u00eda. Estas oportunidades ayudan a los ni\u00f1os a desarrollar habilidades socioemocionales y a iniciarse en el aprendizaje a trav\u00e9s del juego intencional. Los participantes tienen prioridad para nuestro programa preescolar. <\/p>\n\n\n<div class=\"gb-button-wrapper gb-button-wrapper-c7403efd\">\n\n<a class=\"gb-button gb-button-f442a9d2 gb-button-text\" href=\"\/es\/enrollment-application\/\">Aplicar para mi hijo(a)<\/a>\n\n<\/div>\n<\/div><\/div><\/div>\n<\/div>\n<\/div><\/div>","protected":false},"excerpt":{"rendered":"<p>Toddler Our Toddler Program is a free year-round program for children 24 months by September 1st. The program is intended to support children&#8217;s learning in the home and in small group settings the year prior to our preschool program.<\/p>","protected":false},"author":1,"featured_media":347,"parent":0,"menu_order":0,"comment_status":"closed","ping_status":"closed","template":"","meta":{"footnotes":""},"class_list":["post-6313","page","type-page","status-publish","has-post-thumbnail"],"featured_image_src":"https:\/\/yamhillheadstart.org\/wp-content\/uploads\/2022\/04\/slides_56707_ToddlerWithFlower.jpg","_links":{"self":[{"href":"https:\/\/yamhillheadstart.org\/es\/wp-json\/wp\/v2\/pages\/6313","targetHints":{"allow":["GET"]}}],"collection":[{"href":"https:\/\/yamhillheadstart.org\/es\/wp-json\/wp\/v2\/pages"}],"about":[{"href":"https:\/\/yamhillheadstart.org\/es\/wp-json\/wp\/v2\/types\/page"}],"author":[{"embeddable":true,"href":"https:\/\/yamhillheadstart.org\/es\/wp-json\/wp\/v2\/users\/1"}],"replies":[{"embeddable":true,"href":"https:\/\/yamhillheadstart.org\/es\/wp-json\/wp\/v2\/comments?post=6313"}],"version-history":[{"count":3,"href":"https:\/\/yamhillheadstart.org\/es\/wp-json\/wp\/v2\/pages\/6313\/revisions"}],"predecessor-version":[{"id":6380,"href":"https:\/\/yamhillheadstart.org\/es\/wp-json\/wp\/v2\/pages\/6313\/revisions\/6380"}],"wp:featuredmedia":[{"embeddable":true,"href":"https:\/\/yamhillheadstart.org\/es\/wp-json\/wp\/v2\/media\/347"}],"wp:attachment":[{"href":"https:\/\/yamhillheadstart.org\/es\/wp-json\/wp\/v2\/media?parent=6313"}],"curies":[{"name":"wp","href":"https:\/\/api.w.org\/{rel}","templated":true}]}}