{"id":63,"date":"2022-04-28T21:14:35","date_gmt":"2022-04-28T21:14:35","guid":{"rendered":"https:\/\/beta2.swrforum.com\/?page_id=63"},"modified":"2022-09-20T10:57:27","modified_gmt":"2022-09-20T17:57:27","slug":"home","status":"publish","type":"page","link":"https:\/\/yamhillheadstart.org\/es\/","title":{"rendered":"Inicio"},"content":{"rendered":"<div style=\"height:66px\" aria-hidden=\"true\" class=\"wp-block-spacer hide-on-mobile\"><\/div>\n\n\n<div class=\"gb-container gb-container-eda1e94c\"><div class=\"gb-inside-container\">\n<div class=\"gb-grid-wrapper gb-grid-wrapper-b2586751\">\n<div class=\"gb-grid-column gb-grid-column-9d60dbc3\"><div class=\"gb-container gb-container-9d60dbc3\"><div class=\"gb-inside-container\">\n\n<h1 class=\"gb-headline gb-headline-c4f107e2 gb-headline-text\">Nuestra vision<\/h1>\n\n\n\n<hr class=\"wp-block-separator has-css-opacity is-style-default\"\/>\n\n\n\n<p style=\"font-size:22px\">Los ni\u00f1os y las familias desde el nacimiento hasta los cinco a\u00f1os est\u00e1n preparados para convertirse en aprendices de por vida, en un entorno seguro y saludable. Las familias y la comunidad se comprometen a apoyar y promover el desarrollo saludable, la preparaci\u00f3n escolar, y el bienestar de los ni\u00f1os peque\u00f1os y las familias con ni\u00f1os peque\u00f1os.<\/p>\n\n<\/div><\/div><\/div>\n\n<div class=\"gb-grid-column gb-grid-column-b5ebc466\"><div class=\"gb-container gb-container-b5ebc466\"><div class=\"gb-inside-container\"><\/div><\/div><\/div>\n<\/div>\n<\/div><\/div>\n\n\n<div style=\"height:66px\" aria-hidden=\"true\" class=\"wp-block-spacer\"><\/div>\n\n\n<div class=\"gb-grid-wrapper gb-grid-wrapper-2e508b7e home-button-grid reusable-block-circles\">\n<div class=\"gb-grid-column gb-grid-column-1c4902e9\"><div class=\"gb-container gb-container-1c4902e9\"><div class=\"gb-inside-container\">\n\n<div class=\"wp-block-buttons is-vertical is-content-justification-center is-nowrap is-layout-flex wp-container-core-buttons-is-layout-534da0b3 wp-block-buttons-is-layout-flex\">\n<div class=\"wp-block-button has-custom-width wp-block-button__width-75 has-custom-font-size home-button has-medium-font-size\"><a class=\"wp-block-button__link\" href=\"\/es\/announcements\/\" style=\"border-radius:5px\"><i class=\"fas fa-bullhorn\"><\/i> Anuncios<\/a><\/div>\n<\/div>\n\n<\/div><\/div><\/div>\n\n<div class=\"gb-grid-column gb-grid-column-82d554ab\"><div class=\"gb-container gb-container-82d554ab\"><div class=\"gb-inside-container\">\n\n<div class=\"wp-block-buttons is-vertical is-content-justification-center is-layout-flex wp-container-core-buttons-is-layout-9a7cdcfd wp-block-buttons-is-layout-flex\">\n<div class=\"wp-block-button has-custom-width wp-block-button__width-75 has-custom-font-size home-button has-medium-font-size\"><a class=\"wp-block-button__link\" href=\"\/es\/all-programs\/\" style=\"border-radius:5px\"><i class=\"fas fa-hands-helping\"><\/i> Servicios<\/a><\/div>\n<\/div>\n\n<\/div><\/div><\/div>\n\n<div class=\"gb-grid-column gb-grid-column-c2024de2\"><div class=\"gb-container gb-container-c2024de2\"><div class=\"gb-inside-container\">\n\n<div class=\"wp-block-buttons is-vertical is-content-justification-center is-nowrap is-layout-flex wp-container-core-buttons-is-layout-534da0b3 wp-block-buttons-is-layout-flex\">\n<div class=\"wp-block-button has-custom-width wp-block-button__width-75 has-custom-font-size home-button has-medium-font-size\"><a class=\"wp-block-button__link\" href=\"\/es\/current-job-openings\/\" style=\"border-radius:5px\"><i class=\"fas fa-users\"><\/i> \u00a1Unase a nosotros!<\/a><\/div>\n<\/div>\n\n<\/div><\/div><\/div>\n<\/div>\n\n\n<div style=\"height:66px\" aria-hidden=\"true\" class=\"wp-block-spacer\"><\/div>\n\n\n<div class=\"gb-container gb-container-2a4216d6\"><div class=\"gb-inside-container\">\n<div class=\"gb-grid-wrapper gb-grid-wrapper-69513bc9\">\n<div class=\"gb-grid-column gb-grid-column-c18a0e24\"><div class=\"gb-container gb-container-c18a0e24 text-center-important\"><div class=\"gb-inside-container\">\n\n<figure class=\"wp-block-image size-full is-style-default\"><img loading=\"lazy\" decoding=\"async\" width=\"380\" height=\"212\" src=\"https:\/\/beta2.swrforum.com\/wp-content\/uploads\/2022\/06\/Capture.png\" alt=\"\" class=\"wp-image-1137\" srcset=\"https:\/\/yamhillheadstart.org\/wp-content\/uploads\/2022\/06\/Capture.png 380w, https:\/\/yamhillheadstart.org\/wp-content\/uploads\/2022\/06\/Capture-300x167.png 300w\" sizes=\"auto, (max-width: 380px) 100vw, 380px\" \/><\/figure>\n\n<\/div><\/div><\/div>\n\n<div class=\"gb-grid-column gb-grid-column-154f7353\"><div class=\"gb-container gb-container-154f7353\"><div class=\"gb-inside-container\">\n\n<p style=\"font-size:28px\">Head Start of Yamhill County es un programa integral de aprendizaje temprano que ofrece servicios preescolares y familiares gratuitos para futuras mam\u00e1s y familias con ni\u00f1os de 0 a 5 a\u00f1os que califican.<\/p>\n\n\n\n<p><\/p>\n\n<\/div><\/div><\/div>\n<\/div>\n<\/div><\/div>\n\n\n<div style=\"height:50px\" aria-hidden=\"true\" class=\"wp-block-spacer\"><\/div>\n\n\n<div class=\"gb-grid-wrapper gb-grid-wrapper-d97bc3d5 home-button-grid\">\n<div class=\"gb-grid-column gb-grid-column-2d4b23be\"><div class=\"gb-container gb-container-2d4b23be\"><div class=\"gb-inside-container\">\n\n<div class=\"wp-block-buttons is-vertical is-content-justification-center is-nowrap is-layout-flex wp-container-core-buttons-is-layout-534da0b3 wp-block-buttons-is-layout-flex\">\n<div class=\"wp-block-button has-custom-width wp-block-button__width-75 has-custom-font-size home-button has-medium-font-size\"><a class=\"wp-block-button__link\" href=\"\/es\/menu\/\" style=\"border-radius:5px\"><i class=\"fas fa-utensils\"><\/i> Men\u00fa<\/a><\/div>\n<\/div>\n\n<\/div><\/div><\/div>\n\n<div class=\"gb-grid-column gb-grid-column-909e5858\"><div class=\"gb-container gb-container-909e5858\"><div class=\"gb-inside-container\">\n\n<div class=\"wp-block-buttons is-vertical is-content-justification-center is-nowrap is-layout-flex wp-container-core-buttons-is-layout-534da0b3 wp-block-buttons-is-layout-flex\">\n<div class=\"wp-block-button has-custom-width wp-block-button__width-75 has-custom-font-size home-button has-medium-font-size\"><a class=\"wp-block-button__link\" href=\"\/es\/events\/\" style=\"border-radius:5px\"><i class=\"fas fa-calendar-alt\"><\/i> Calendario<\/a><\/div>\n<\/div>\n\n<\/div><\/div><\/div>\n\n<div class=\"gb-grid-column gb-grid-column-d9c94a2e\"><div class=\"gb-container gb-container-d9c94a2e\"><div class=\"gb-inside-container\">\n\n<div class=\"wp-block-buttons is-vertical is-content-justification-center is-layout-flex wp-container-core-buttons-is-layout-9a7cdcfd wp-block-buttons-is-layout-flex\">\n<div class=\"wp-block-button has-custom-width wp-block-button__width-75 has-custom-font-size home-button has-medium-font-size\"><a class=\"wp-block-button__link\" href=\"\/es\/parent-policy-council\/\" style=\"border-radius:5px\"><i class=\"fas fa-users\"><\/i> Consejo de Pol\u00edtica<\/a><\/div>\n<\/div>\n\n<\/div><\/div><\/div>\n<\/div>","protected":false},"excerpt":{"rendered":"","protected":false},"author":1,"featured_media":0,"parent":0,"menu_order":0,"comment_status":"closed","ping_status":"closed","template":"","meta":{"footnotes":""},"class_list":["post-63","page","type-page","status-publish"],"featured_image_src":null,"_links":{"self":[{"href":"https:\/\/yamhillheadstart.org\/es\/wp-json\/wp\/v2\/pages\/63","targetHints":{"allow":["GET"]}}],"collection":[{"href":"https:\/\/yamhillheadstart.org\/es\/wp-json\/wp\/v2\/pages"}],"about":[{"href":"https:\/\/yamhillheadstart.org\/es\/wp-json\/wp\/v2\/types\/page"}],"author":[{"embeddable":true,"href":"https:\/\/yamhillheadstart.org\/es\/wp-json\/wp\/v2\/users\/1"}],"replies":[{"embeddable":true,"href":"https:\/\/yamhillheadstart.org\/es\/wp-json\/wp\/v2\/comments?post=63"}],"version-history":[{"count":179,"href":"https:\/\/yamhillheadstart.org\/es\/wp-json\/wp\/v2\/pages\/63\/revisions"}],"predecessor-version":[{"id":2608,"href":"https:\/\/yamhillheadstart.org\/es\/wp-json\/wp\/v2\/pages\/63\/revisions\/2608"}],"wp:attachment":[{"href":"https:\/\/yamhillheadstart.org\/es\/wp-json\/wp\/v2\/media?parent=63"}],"curies":[{"name":"wp","href":"https:\/\/api.w.org\/{rel}","templated":true}]}}