{"id":597,"date":"2022-05-06T11:36:58","date_gmt":"2022-05-06T18:36:58","guid":{"rendered":"https:\/\/beta2.swrforum.com\/?page_id=597"},"modified":"2025-08-18T13:03:58","modified_gmt":"2025-08-18T20:03:58","slug":"things-you-should-know","status":"publish","type":"page","link":"https:\/\/yamhillheadstart.org\/es\/things-you-should-know\/","title":{"rendered":"Lo Que Debe Saber"},"content":{"rendered":"<div style=\"height:50px\" aria-hidden=\"true\" class=\"wp-block-spacer\"><\/div>\n\n\n\n<h1 class=\"wp-block-heading\">Lo Que Debe Saber<\/h1>\n\n\n<div class=\"gb-grid-wrapper gb-grid-wrapper-f305c4ff\">\n<div class=\"gb-grid-column gb-grid-column-da9fb0a4\"><div class=\"gb-container gb-container-da9fb0a4\"><div class=\"gb-inside-container\">\n<div class=\"gb-container gb-container-ff3c8046\"><div class=\"gb-inside-container\">\n<div class=\"wp-block-ub-content-toggle wp-block-ub-content-toggle-block\" id=\"ub-content-toggle-block-ee0be997-f160-4f2a-850e-d69ae1c729b3\" data-mobilecollapse=\"false\" data-desktopcollapse=\"true\" data-preventcollapse=\"false\" data-showonlyone=\"true\">\n<div class=\"wp-block-ub-content-toggle-accordion\" style=\"border-color: #f1f1f1; \" id=\"ub-content-toggle-panel-block-\">\n\t\t\t<div class=\"wp-block-ub-content-toggle-accordion-title-wrap\" style=\"background-color: #f1f1f1;\" aria-controls=\"ub-content-toggle-panel-0-ee0be997-f160-4f2a-850e-d69ae1c729b3\" tabindex=\"0\">\n\t\t\t<p class=\"wp-block-ub-content-toggle-accordion-title ub-content-toggle-title-ee0be997-f160-4f2a-850e-d69ae1c729b3\" style=\"color: #000000; \">Derechos de padres<\/p>\n\t\t\t<div class=\"wp-block-ub-content-toggle-accordion-toggle-wrap right\" style=\"color: #000000;\"><span class=\"wp-block-ub-content-toggle-accordion-state-indicator wp-block-ub-chevron-down\"><\/span><\/div>\n\t\t<\/div>\n\t\t\t<div role=\"region\" aria-expanded=\"false\" class=\"wp-block-ub-content-toggle-accordion-content-wrap ub-hide\" id=\"ub-content-toggle-panel-0-ee0be997-f160-4f2a-850e-d69ae1c729b3\">\n\n<p>Head Start valora a cada padre\/tutor como la persona m\u00e1s importante que puede marcar la diferencia en la vida de su hijo. Debido a esto, queremos que conozca sus derechos como padre\/tutor de Head Start. Tiene derecho a:<\/p>\n\n\n<div style=\"padding-left: 1em; text-align: left; --ub-list-item-icon-top: 0px;; --ub-list-item-icon-size: 0.8em; --ub-list-item-background-image: url('data:image\/svg+xml;utf8,&lt;svg xmlns=&quot;http:\/\/www.w3.org\/2000\/svg&quot; viewBox=&quot;0 0 512 512&quot;&gt;&lt;path fill=&quot;%23ar(--accent-3)&quot; d=&quot;M470.6 105.4c12.5 12.5 12.5 32.8 0 45.3l-256 256c-12.5 12.5-32.8 12.5-45.3 0l-128-128c-12.5-12.5-12.5-32.8 0-45.3s32.8-12.5 45.3 0L192 338.7 425.4 105.4c12.5-12.5 32.8-12.5 45.3 0z&quot;&gt;&lt;\/path&gt;&lt;\/svg&gt;'); \" class=\"wp-block-ub-styled-list ub_styled_list_sublist\" id=\"ub_styled_list-c6ab7d38-3679-4ee1-96f2-6e2039b488ba\"><ul class=\"fa-ul\"><li>Ser bienvenido en el sal\u00f3n de clases<\/li><li>Ser informado regularmente sobre el progreso de su hijo en Head Start<\/li><li>Ser tratado siempre con respeto y dignidad<\/li><li>Ser informado (a trav\u00e9s de visitas de hogar, boletines, reuniones de padres, etc.) sobre los recursos comunitarios relacionados con la salud, la educaci\u00f3n y la mejora de la vida familiar<\/li><li>Participar en las decisiones importantes que afectan la planificaci\u00f3n y las operaciones del programa a trav\u00e9s de las Reuniones del Centro de Padres y el Consejo de Pol\u00edtica<\/li><li>Estar seguro de que los archivos de su hijo se mantendr\u00e1n confidenciales y en un archivero cerrado con llave (solo el personal de Head Start que es responsable de su hijo y usted, el padre\/tutor del ni\u00f1o, puede ver los archivos de su hijo)<\/li><li>Que se le pida firmar un permisdo antes de que cualquier informaci\u00f3n sobre su hijo o su familia se comparta con otra agencia (excepto en la denuncia obligatoria del abuso infantil)<\/li><\/ul><\/div>\n<\/div>\n\t\t<\/div>\n\n<div class=\"wp-block-ub-content-toggle-accordion\" style=\"border-color: #f1f1f1; \" id=\"ub-content-toggle-panel-block-\">\n\t\t\t<div class=\"wp-block-ub-content-toggle-accordion-title-wrap\" style=\"background-color: #f1f1f1;\" aria-controls=\"ub-content-toggle-panel-1-ee0be997-f160-4f2a-850e-d69ae1c729b3\" tabindex=\"0\">\n\t\t\t<p class=\"wp-block-ub-content-toggle-accordion-title ub-content-toggle-title-ee0be997-f160-4f2a-850e-d69ae1c729b3\" style=\"color: #000000; \">Pol\u00edticas y procedimientos<\/p>\n\t\t\t<div class=\"wp-block-ub-content-toggle-accordion-toggle-wrap right\" style=\"color: #000000;\"><span class=\"wp-block-ub-content-toggle-accordion-state-indicator wp-block-ub-chevron-down\"><\/span><\/div>\n\t\t<\/div>\n\t\t\t<div role=\"region\" aria-expanded=\"false\" class=\"wp-block-ub-content-toggle-accordion-content-wrap ub-hide\" id=\"ub-content-toggle-panel-1-ee0be997-f160-4f2a-850e-d69ae1c729b3\">\n\n<div class=\"wp-block-file\"><a id=\"wp-block-file--media-9d598985-65ca-4fca-8d5d-c94ce0438035\" href=\"https:\/\/yamhillheadstart.org\/wp-content\/uploads\/2025\/08\/What-should-my-child-wear.pdf\" target=\"_blank\" rel=\"noreferrer noopener\">\u00bfComo debo vestir a mi hijo?<\/a><\/div>\n\n\n\n<div class=\"wp-block-file\"><a id=\"wp-block-file--media-9069e507-86d2-4cbf-8ffe-5eb4f070e656\" href=\"https:\/\/yamhillheadstart.org\/wp-content\/uploads\/2025\/08\/Inclement-Weather-Procedure.pdf\" target=\"_blank\" rel=\"noreferrer noopener\">Procedimiento de inclemencias del clima<\/a><\/div>\n\n\n\n<div class=\"wp-block-file\"><a id=\"wp-block-file--media-0dfd45dd-54c3-4a35-badf-b9d669b7d902\" href=\"https:\/\/yamhillheadstart.org\/wp-content\/uploads\/2025\/08\/Tobacco-Free-Policy.pdf\" target=\"_blank\" rel=\"noreferrer noopener\">Pol\u00edtica Libre de Tabaco<\/a><\/div>\n\n\n\n<div class=\"wp-block-file\"><a id=\"wp-block-file--media-82c807d4-d012-4061-aca6-9a620d7a07dd\" href=\"https:\/\/yamhillheadstart.org\/wp-content\/uploads\/2025\/08\/Holidays-at-Head-Start.pdf\" target=\"_blank\" rel=\"noreferrer noopener\">Dias Festivos en Head Start<\/a><\/div>\n\n<\/div>\n\t\t<\/div>\n\n<div class=\"wp-block-ub-content-toggle-accordion\" style=\"border-color: #f1f1f1; \" id=\"ub-content-toggle-panel-block-\">\n\t\t\t<div class=\"wp-block-ub-content-toggle-accordion-title-wrap\" style=\"background-color: #f1f1f1;\" aria-controls=\"ub-content-toggle-panel-2-ee0be997-f160-4f2a-850e-d69ae1c729b3\" tabindex=\"0\">\n\t\t\t<p class=\"wp-block-ub-content-toggle-accordion-title ub-content-toggle-title-ee0be997-f160-4f2a-850e-d69ae1c729b3\" style=\"color: #000000; \">Orientaci\u00f3n para padres<\/p>\n\t\t\t<div class=\"wp-block-ub-content-toggle-accordion-toggle-wrap right\" style=\"color: #000000;\"><span class=\"wp-block-ub-content-toggle-accordion-state-indicator wp-block-ub-chevron-down\"><\/span><\/div>\n\t\t<\/div>\n\t\t\t<div role=\"region\" aria-expanded=\"false\" class=\"wp-block-ub-content-toggle-accordion-content-wrap ub-hide\" id=\"ub-content-toggle-panel-2-ee0be997-f160-4f2a-850e-d69ae1c729b3\">\n\n<p>Estar bien informado es la mejor manera de garantizar una experiencia exitosa en Head Start of Yamhill County para usted y su hijo. A todas las familias inscritas se les requiere revisar la orientaci\u00f3n de los padres. <\/p>\n\n\n\n<figure class=\"wp-block-embed is-type-video is-provider-youtube wp-block-embed-youtube wp-embed-aspect-16-9 wp-has-aspect-ratio\"><div class=\"wp-block-embed__wrapper\">\n<iframe loading=\"lazy\" title=\"HSYC Orientation English\" width=\"1200\" height=\"675\" src=\"https:\/\/www.youtube.com\/embed\/sVO5GbR9jsk?feature=oembed\" frameborder=\"0\" allow=\"accelerometer; autoplay; clipboard-write; encrypted-media; gyroscope; picture-in-picture; web-share\" referrerpolicy=\"strict-origin-when-cross-origin\" allowfullscreen><\/iframe>\n<\/div><figcaption class=\"wp-element-caption\">Orientaci\u00f3n anual en ingl\u00e9s<\/figcaption><\/figure>\n\n\n\n<figure class=\"wp-block-embed is-type-video is-provider-youtube wp-block-embed-youtube wp-embed-aspect-16-9 wp-has-aspect-ratio\"><div class=\"wp-block-embed__wrapper\">\n<iframe loading=\"lazy\" title=\"HSYC Orientation Spanish\" width=\"1200\" height=\"675\" src=\"https:\/\/www.youtube.com\/embed\/ElmA010vbAs?feature=oembed\" frameborder=\"0\" allow=\"accelerometer; autoplay; clipboard-write; encrypted-media; gyroscope; picture-in-picture; web-share\" referrerpolicy=\"strict-origin-when-cross-origin\" allowfullscreen><\/iframe>\n<\/div><figcaption class=\"wp-element-caption\">Orientacion Anual en Espa\u00f1ol<\/figcaption><\/figure>\n\n\n\n<figure class=\"wp-block-embed is-type-rich is-provider-embed-handler wp-block-embed-embed-handler wp-embed-aspect-4-3 wp-has-aspect-ratio\"><div class=\"wp-block-embed__wrapper\">\n<iframe loading=\"lazy\" title=\"Annual Pedestrian Training\" width=\"1200\" height=\"900\" src=\"https:\/\/www.youtube.com\/embed\/JsZ-3Ar0RSQ?feature=oembed\" frameborder=\"0\" allow=\"accelerometer; autoplay; clipboard-write; encrypted-media; gyroscope; picture-in-picture; web-share\" referrerpolicy=\"strict-origin-when-cross-origin\" allowfullscreen><\/iframe>\n<\/div><figcaption class=\"wp-element-caption\">Capacitaci\u00f3n anual para peatones en ingl\u00e9s<\/figcaption><\/figure>\n\n\n\n<figure class=\"wp-block-embed is-type-video is-provider-youtube wp-block-embed-youtube wp-embed-aspect-4-3 wp-has-aspect-ratio\"><div class=\"wp-block-embed__wrapper\">\n<iframe loading=\"lazy\" title=\"Spanish Annual Pedestrian Training\" width=\"1200\" height=\"900\" src=\"https:\/\/www.youtube.com\/embed\/rkqGR45yCCY?feature=oembed\" frameborder=\"0\" allow=\"accelerometer; autoplay; clipboard-write; encrypted-media; gyroscope; picture-in-picture; web-share\" referrerpolicy=\"strict-origin-when-cross-origin\" allowfullscreen><\/iframe>\n<\/div><figcaption class=\"wp-element-caption\">Capacitaci\u00f3n anual para peatones en espa\u00f1ol<\/figcaption><\/figure>\n\n<\/div>\n\t\t<\/div>\n\n<div class=\"wp-block-ub-content-toggle-accordion\" style=\"border-color: #f1f1f1; \" id=\"ub-content-toggle-panel-block-\">\n\t\t\t<div class=\"wp-block-ub-content-toggle-accordion-title-wrap\" style=\"background-color: #f1f1f1;\" aria-controls=\"ub-content-toggle-panel-3-ee0be997-f160-4f2a-850e-d69ae1c729b3\" tabindex=\"0\">\n\t\t\t<p class=\"wp-block-ub-content-toggle-accordion-title ub-content-toggle-title-ee0be997-f160-4f2a-850e-d69ae1c729b3\" style=\"color: #000000; \">Horarios de clase<\/p>\n\t\t\t<div class=\"wp-block-ub-content-toggle-accordion-toggle-wrap right\" style=\"color: #000000;\"><span class=\"wp-block-ub-content-toggle-accordion-state-indicator wp-block-ub-chevron-down\"><\/span><\/div>\n\t\t<\/div>\n\t\t\t<div role=\"region\" aria-expanded=\"false\" class=\"wp-block-ub-content-toggle-accordion-content-wrap ub-hide\" id=\"ub-content-toggle-panel-3-ee0be997-f160-4f2a-850e-d69ae1c729b3\">\n\n<div class=\"wp-block-file\"><a id=\"wp-block-file--media-786e8f6f-98f6-408d-a976-527859696bc7\" href=\"https:\/\/yamhillheadstart.org\/wp-content\/uploads\/2025\/08\/HSYC-Class-Times-2025-2026.pdf\" target=\"_blank\" rel=\"noreferrer noopener\">HSYC Class Times 2025-2026<\/a><\/div>\n\n<\/div>\n\t\t<\/div>\n<\/div>\n<\/div><\/div>\n<\/div><\/div><\/div>\n\n<div class=\"gb-grid-column gb-grid-column-d8ae015e\"><div class=\"gb-container gb-container-d8ae015e\"><div class=\"gb-inside-container\">\n<div class=\"gb-container gb-container-a80a07a5\"><div class=\"gb-inside-container\">\n\n<figure class=\"wp-block-gallery has-nested-images columns-default is-cropped wp-block-gallery-1 is-layout-flex wp-block-gallery-is-layout-flex\">\n<figure class=\"wp-block-image size-large\"><img loading=\"lazy\" decoding=\"async\" width=\"1024\" height=\"768\" data-id=\"1839\" src=\"https:\/\/yamhill.demo.webriculture.com\/wp-content\/uploads\/2022\/06\/IMG_3008-2-1024x768.jpg\" alt=\"\" class=\"wp-image-1839\" srcset=\"https:\/\/yamhillheadstart.org\/wp-content\/uploads\/2022\/06\/IMG_3008-2-1024x768.jpg 1024w, https:\/\/yamhillheadstart.org\/wp-content\/uploads\/2022\/06\/IMG_3008-2-300x225.jpg 300w, https:\/\/yamhillheadstart.org\/wp-content\/uploads\/2022\/06\/IMG_3008-2-768x576.jpg 768w, https:\/\/yamhillheadstart.org\/wp-content\/uploads\/2022\/06\/IMG_3008-2-1536x1152.jpg 1536w, https:\/\/yamhillheadstart.org\/wp-content\/uploads\/2022\/06\/IMG_3008-2-2048x1536.jpg 2048w, https:\/\/yamhillheadstart.org\/wp-content\/uploads\/2022\/06\/IMG_3008-2-16x12.jpg 16w\" sizes=\"auto, (max-width: 1024px) 100vw, 1024px\" \/><\/figure>\n<\/figure>\n\n<\/div><\/div>\n<\/div><\/div><\/div>\n<\/div>","protected":false},"excerpt":{"rendered":"<p>Lo Que Debe Saber<\/p>","protected":false},"author":1,"featured_media":2583,"parent":0,"menu_order":0,"comment_status":"closed","ping_status":"closed","template":"","meta":{"footnotes":""},"class_list":["post-597","page","type-page","status-publish","has-post-thumbnail"],"featured_image_src":"https:\/\/yamhillheadstart.org\/wp-content\/uploads\/2022\/09\/DSC_0351-scaled.jpg","_links":{"self":[{"href":"https:\/\/yamhillheadstart.org\/es\/wp-json\/wp\/v2\/pages\/597","targetHints":{"allow":["GET"]}}],"collection":[{"href":"https:\/\/yamhillheadstart.org\/es\/wp-json\/wp\/v2\/pages"}],"about":[{"href":"https:\/\/yamhillheadstart.org\/es\/wp-json\/wp\/v2\/types\/page"}],"author":[{"embeddable":true,"href":"https:\/\/yamhillheadstart.org\/es\/wp-json\/wp\/v2\/users\/1"}],"replies":[{"embeddable":true,"href":"https:\/\/yamhillheadstart.org\/es\/wp-json\/wp\/v2\/comments?post=597"}],"version-history":[{"count":59,"href":"https:\/\/yamhillheadstart.org\/es\/wp-json\/wp\/v2\/pages\/597\/revisions"}],"predecessor-version":[{"id":9333,"href":"https:\/\/yamhillheadstart.org\/es\/wp-json\/wp\/v2\/pages\/597\/revisions\/9333"}],"wp:featuredmedia":[{"embeddable":true,"href":"https:\/\/yamhillheadstart.org\/es\/wp-json\/wp\/v2\/media\/2583"}],"wp:attachment":[{"href":"https:\/\/yamhillheadstart.org\/es\/wp-json\/wp\/v2\/media?parent=597"}],"curies":[{"name":"wp","href":"https:\/\/api.w.org\/{rel}","templated":true}]}}