{"id":592,"date":"2022-05-06T11:17:02","date_gmt":"2022-05-06T18:17:02","guid":{"rendered":"https:\/\/beta2.swrforum.com\/?page_id=592"},"modified":"2025-08-18T11:16:48","modified_gmt":"2025-08-18T18:16:48","slug":"parent-involvement","status":"publish","type":"page","link":"https:\/\/yamhillheadstart.org\/es\/parent-involvement\/","title":{"rendered":"Participaci\u00f3n de Padres"},"content":{"rendered":"<div style=\"height:50px\" aria-hidden=\"true\" class=\"wp-block-spacer\"><\/div>\n\n\n\n<h1 class=\"wp-block-heading\">Participaci\u00f3n de Padres<\/h1>\n\n\n\n<p class=\"has-medium-font-size\">Creemos que los padres son la influencia m\u00e1s importante en el desarrollo de un ni\u00f1o. La participaci\u00f3n de los padres es una parte esencial de cada programa Head Start. La participaci\u00f3n de padres significa que las familias toman un papel activo en la educaci\u00f3n y el desarrollo de sus hijos, ayudando a tomar decisiones sobre el programa en colaboraci\u00f3n con otros padres, el personal y los coordinadores del programa.<\/p>\n\n\n<div class=\"gb-container gb-container-ceb13eb0\"><div class=\"gb-inside-container\">\n<div class=\"gb-grid-wrapper gb-grid-wrapper-180839e5\">\n<div class=\"gb-grid-column gb-grid-column-7b4a5abb\"><div class=\"gb-container gb-container-7b4a5abb\"><div class=\"gb-inside-container\">\n\n<h2 class=\"wp-block-heading\"><strong>Grupos de padres<\/strong><\/h2>\n\n\n\n<p class=\"has-medium-font-size\">Ofrecemos una variedad de grupos de padres durante todo el a\u00f1o, as\u00ed como reuniones de padres para cada clase. Estas reuniones son una forma divertida para que los padres disfruten de conocer a otros padres del sal\u00f3n de sus hijos, exploren un tema juntos y reciban informaci\u00f3n del maestro.<\/p>\n\n\n\n<p class=\"has-medium-font-size\">Head Start of Yamhill County colabora con&nbsp;<a rel=\"noreferrer noopener\" href=\"https:\/\/www.midvalleyparenting.org\/\" target=\"_blank\">Mid-Valley Parenting<\/a>&nbsp;para ofrecer clases gratuitas adicionales para padres.&nbsp;<\/p>\n\n<\/div><\/div><\/div>\n\n<div class=\"gb-grid-column gb-grid-column-8a584b9f\"><div class=\"gb-container gb-container-8a584b9f\"><div class=\"gb-inside-container\">\n\n<figure class=\"wp-block-image size-large\"><img loading=\"lazy\" decoding=\"async\" width=\"1024\" height=\"777\" src=\"https:\/\/yamhill.demo.webriculture.com\/wp-content\/uploads\/2022\/08\/DSC_0016-2-1024x777.jpg\" alt=\"\" class=\"wp-image-2544\" srcset=\"https:\/\/yamhillheadstart.org\/wp-content\/uploads\/2022\/08\/DSC_0016-2-1024x777.jpg 1024w, https:\/\/yamhillheadstart.org\/wp-content\/uploads\/2022\/08\/DSC_0016-2-300x228.jpg 300w, https:\/\/yamhillheadstart.org\/wp-content\/uploads\/2022\/08\/DSC_0016-2-768x583.jpg 768w, https:\/\/yamhillheadstart.org\/wp-content\/uploads\/2022\/08\/DSC_0016-2-1536x1166.jpg 1536w, https:\/\/yamhillheadstart.org\/wp-content\/uploads\/2022\/08\/DSC_0016-2-2048x1555.jpg 2048w, https:\/\/yamhillheadstart.org\/wp-content\/uploads\/2022\/08\/DSC_0016-2-16x12.jpg 16w\" sizes=\"auto, (max-width: 1024px) 100vw, 1024px\" \/><\/figure>\n\n<\/div><\/div><\/div>\n<\/div>\n<\/div><\/div>\n\n<div class=\"gb-container gb-container-c86b865b\"><div class=\"gb-inside-container\">\n<div class=\"gb-grid-wrapper gb-grid-wrapper-aadb1336 flex-mobile-column-reverse\">\n<div class=\"gb-grid-column gb-grid-column-8f416296\"><div class=\"gb-container gb-container-8f416296\"><div class=\"gb-inside-container\">\n\n<figure class=\"wp-block-image size-large\"><img loading=\"lazy\" decoding=\"async\" width=\"1024\" height=\"768\" src=\"https:\/\/yamhillheadstart.org\/wp-content\/uploads\/2023\/01\/IMG_1242-1024x768.jpg\" alt=\"\" class=\"wp-image-3305\" srcset=\"https:\/\/yamhillheadstart.org\/wp-content\/uploads\/2023\/01\/IMG_1242-1024x768.jpg 1024w, https:\/\/yamhillheadstart.org\/wp-content\/uploads\/2023\/01\/IMG_1242-300x225.jpg 300w, https:\/\/yamhillheadstart.org\/wp-content\/uploads\/2023\/01\/IMG_1242-768x576.jpg 768w, https:\/\/yamhillheadstart.org\/wp-content\/uploads\/2023\/01\/IMG_1242-1536x1151.jpg 1536w, https:\/\/yamhillheadstart.org\/wp-content\/uploads\/2023\/01\/IMG_1242-16x12.jpg 16w\" sizes=\"auto, (max-width: 1024px) 100vw, 1024px\" \/><\/figure>\n\n<\/div><\/div><\/div>\n\n<div class=\"gb-grid-column gb-grid-column-023d39c1\"><div class=\"gb-container gb-container-023d39c1\"><div class=\"gb-inside-container\">\n\n<h2 class=\"wp-block-heading\"><strong>Participaci\u00f3n en el salon<\/strong><\/h2>\n\n\n\n<p class=\"has-medium-font-size\">Head Start anima a todos los padres y tutores a participar en la experiencia educativa de sus hijos. Puede pasar en cualquier momento para observar, disfrutar de una comida con su hijo y\/o participar como voluntario. Si est\u00e1 interesado en ser voluntario en la clase de su hijo de manera regular, comun\u00edquese con el maestro de su hijo.<\/p>\n\n<\/div><\/div><\/div>\n<\/div>\n<\/div><\/div>\n\n<div class=\"gb-container gb-container-6b99c2e9\"><div class=\"gb-inside-container\">\n<div class=\"gb-grid-wrapper gb-grid-wrapper-f1f9ce65\">\n<div class=\"gb-grid-column gb-grid-column-7839339e\"><div class=\"gb-container gb-container-7839339e\"><div class=\"gb-inside-container\">\n\n<h2 class=\"wp-block-heading\"><strong>Participaci\u00f3n masculina<\/strong><\/h2>\n\n\n\n<p class=\"has-medium-font-size\">Reconocemos el valor de cada pieza de la red de apoyo de un ni\u00f1o para construir una buena base de vida. Un recurso importante para esta base son los dones que los padres, las figuras paternas y otros hombres significativos aportan a la vida de un ni\u00f1o. Brindamos oportunidades para fortalecer estos lazos a trav\u00e9s de visitas a las clases y otras actividades divertidas.&nbsp;<\/p>\n\n<\/div><\/div><\/div>\n\n<div class=\"gb-grid-column gb-grid-column-5a2f3943\"><div class=\"gb-container gb-container-5a2f3943\"><div class=\"gb-inside-container\">\n\n<figure class=\"wp-block-image size-large is-resized\"><img loading=\"lazy\" decoding=\"async\" width=\"768\" height=\"1024\" src=\"https:\/\/yamhill.demo.webriculture.com\/wp-content\/uploads\/2022\/08\/IMG_2232-768x1024.jpg\" alt=\"\" class=\"wp-image-2535\" style=\"width:397px;height:528px\" srcset=\"https:\/\/yamhillheadstart.org\/wp-content\/uploads\/2022\/08\/IMG_2232-768x1024.jpg 768w, https:\/\/yamhillheadstart.org\/wp-content\/uploads\/2022\/08\/IMG_2232-225x300.jpg 225w, https:\/\/yamhillheadstart.org\/wp-content\/uploads\/2022\/08\/IMG_2232-1152x1536.jpg 1152w, https:\/\/yamhillheadstart.org\/wp-content\/uploads\/2022\/08\/IMG_2232-9x12.jpg 9w, https:\/\/yamhillheadstart.org\/wp-content\/uploads\/2022\/08\/IMG_2232.jpg 1512w\" sizes=\"auto, (max-width: 768px) 100vw, 768px\" \/><\/figure>\n\n<\/div><\/div><\/div>\n<\/div>\n<\/div><\/div>\n\n\n<h2 class=\"wp-block-heading\"><strong>Comit\u00e9s de padres<\/strong><\/h2>\n\n\n\n<p class=\"has-medium-font-size\">Contamos con el aporte de los padres, el personal y los miembros de la comunidad para apoyar nuestro trabajo hacia la mejora continua del programa en las siguientes \u00e1reas:<\/p>\n\n\n\n<ul class=\"wp-block-list\">\n<li class=\"has-medium-font-size\">Planificaci\u00f3n de programas: Apoyar con nuestro presupuesto y procesos de autoevaluaci\u00f3n, as\u00ed como cualquier posible cambio en los servicios.<\/li>\n\n\n\n<li class=\"has-medium-font-size\">Preparaci\u00f3n Escolar: Colabor con distritos escolares asociados para apoyar transiciones exitosas para los ni\u00f1os y las familias. Revisar y sugerir nuevas evaluaciones infantiles y planes de estudio cuando sea necesario.<\/li>\n\n\n\n<li class=\"has-medium-font-size\">Inscripci\u00f3n, Reclutamiento, Selecci\u00f3n, Elegibilidad y Asistencia: Apoyar al personal en el reclutamiento de nuevos participantes; revisar, discutir y recomendar criterios de selecci\u00f3n para la inscripci\u00f3n a los \u00f3rganos de gobierno; apoyar en el proceso de selecci\u00f3n de participantes; recibir informes de datos sobre la inscripci\u00f3n y asistencia de HSYC.<\/li>\n\n\n\n<li class=\"has-medium-font-size\">Jardines del centro: Apoyar al personal y a otras familias con los jardines del centro HSYC. Esto incluye mantenimiento ocasional y la participaci\u00f3n en eventos de jardiner\u00eda.<\/li>\n\n\n\n<li class=\"has-medium-font-size\">Asesor\u00eda de Salud Mental y Servicios de Salud: Participar en 1-2 reuniones anuales por Zoom que se centran en los servicios de salud y resultados de HSYC, e incluyen aportes y participaci\u00f3n de agencias comunitarias relacionadas con la salud.<\/li>\n<\/ul>\n\n\n\n<p><\/p>","protected":false},"excerpt":{"rendered":"<p>Parent Involvement We believe parents are the most important influence on a child\u2019s development. Parent involvement is an essential part of every Head Start Program. Parent involvement means that families take an active role in their child\u2019s education and development, helping to make decisions about their program in partnership with other parents, staff, and program &#8230; <a title=\"Participaci\u00f3n de Padres\" class=\"read-more\" href=\"https:\/\/yamhillheadstart.org\/es\/parent-involvement\/\" aria-label=\"More on Parent Involvement\">Read more<\/a><\/p>","protected":false},"author":1,"featured_media":804,"parent":0,"menu_order":0,"comment_status":"closed","ping_status":"closed","template":"","meta":{"footnotes":""},"class_list":["post-592","page","type-page","status-publish","has-post-thumbnail"],"featured_image_src":"https:\/\/yamhillheadstart.org\/wp-content\/uploads\/2022\/05\/450.jpg","_links":{"self":[{"href":"https:\/\/yamhillheadstart.org\/es\/wp-json\/wp\/v2\/pages\/592","targetHints":{"allow":["GET"]}}],"collection":[{"href":"https:\/\/yamhillheadstart.org\/es\/wp-json\/wp\/v2\/pages"}],"about":[{"href":"https:\/\/yamhillheadstart.org\/es\/wp-json\/wp\/v2\/types\/page"}],"author":[{"embeddable":true,"href":"https:\/\/yamhillheadstart.org\/es\/wp-json\/wp\/v2\/users\/1"}],"replies":[{"embeddable":true,"href":"https:\/\/yamhillheadstart.org\/es\/wp-json\/wp\/v2\/comments?post=592"}],"version-history":[{"count":20,"href":"https:\/\/yamhillheadstart.org\/es\/wp-json\/wp\/v2\/pages\/592\/revisions"}],"predecessor-version":[{"id":9325,"href":"https:\/\/yamhillheadstart.org\/es\/wp-json\/wp\/v2\/pages\/592\/revisions\/9325"}],"wp:featuredmedia":[{"embeddable":true,"href":"https:\/\/yamhillheadstart.org\/es\/wp-json\/wp\/v2\/media\/804"}],"wp:attachment":[{"href":"https:\/\/yamhillheadstart.org\/es\/wp-json\/wp\/v2\/media?parent=592"}],"curies":[{"name":"wp","href":"https:\/\/api.w.org\/{rel}","templated":true}]}}