{"id":2207,"date":"2022-06-21T11:30:42","date_gmt":"2022-06-21T18:30:42","guid":{"rendered":"https:\/\/yamhill.demo.webriculture.com\/?page_id=2207"},"modified":"2024-07-01T11:41:47","modified_gmt":"2024-07-01T18:41:47","slug":"family-services","status":"publish","type":"page","link":"https:\/\/yamhillheadstart.org\/es\/family-services\/","title":{"rendered":"Servicios de Familia"},"content":{"rendered":"<div style=\"height:50px\" aria-hidden=\"true\" class=\"wp-block-spacer\"><\/div>\n\n\n\n<h1 class=\"wp-block-heading\">Servicios de Familia<\/h1>\n\n\n<div class=\"gb-container gb-container-67a6e179\"><div class=\"gb-inside-container\">\n<div class=\"gb-grid-wrapper gb-grid-wrapper-0c279f00\">\n<div class=\"gb-grid-column gb-grid-column-24cfea90\"><div class=\"gb-container gb-container-24cfea90\"><div class=\"gb-inside-container\">\n\n<h2 class=\"wp-block-heading\"><strong>Visitas familiares de Head Start<\/strong><\/h2>\n\n\n\n<p class=\"has-medium-font-size\">Nuestro objetivo es construir asociaciones s\u00f3lidas y positivas con los padres. Esto ocurre, con el tiempo, a medida que el personal se re\u00fane con las familias peri\u00f3dicamente. Los Apoyos Familiares programar\u00e1 un m\u00ednimo de (5) veces durante el a\u00f1o escolar para visitarlo.<\/p>\n\n\n\n<p class=\"has-medium-font-size\">Durante las visitas, el Apoyo Familiar tendr\u00e1 la oportunidad de compartir ideas, informaci\u00f3n y recursos en la comunidad. Las visitas familiares tambi\u00e9n son momentos para que los padres establezcan metas para ellos y sus hijos y exploren formas de alcanzarlas. Los Apoyos Familiares brindan apoyo y est\u00edmulo continuo a los padres para fortalecer e individualizar su experiencia en Head Start.<\/p>\n\n<\/div><\/div><\/div>\n\n<div class=\"gb-grid-column gb-grid-column-5a09c2d7\"><div class=\"gb-container gb-container-5a09c2d7\"><div class=\"gb-inside-container\">\n\n<figure class=\"wp-block-image size-large is-resized\"><img loading=\"lazy\" decoding=\"async\" width=\"1024\" height=\"576\" src=\"https:\/\/yamhill.demo.webriculture.com\/wp-content\/uploads\/2022\/10\/Family-Services-Video_Moment2-1024x576.jpg\" alt=\"\" class=\"wp-image-2772\" style=\"width:560px;height:315px\" srcset=\"https:\/\/yamhillheadstart.org\/wp-content\/uploads\/2022\/10\/Family-Services-Video_Moment2-1024x576.jpg 1024w, https:\/\/yamhillheadstart.org\/wp-content\/uploads\/2022\/10\/Family-Services-Video_Moment2-300x169.jpg 300w, https:\/\/yamhillheadstart.org\/wp-content\/uploads\/2022\/10\/Family-Services-Video_Moment2-768x432.jpg 768w, https:\/\/yamhillheadstart.org\/wp-content\/uploads\/2022\/10\/Family-Services-Video_Moment2-1536x864.jpg 1536w, https:\/\/yamhillheadstart.org\/wp-content\/uploads\/2022\/10\/Family-Services-Video_Moment2-18x10.jpg 18w, https:\/\/yamhillheadstart.org\/wp-content\/uploads\/2022\/10\/Family-Services-Video_Moment2.jpg 1920w\" sizes=\"auto, (max-width: 1024px) 100vw, 1024px\" \/><\/figure>\n\n<\/div><\/div><\/div>\n<\/div>\n<\/div><\/div>\n\n<div class=\"gb-container gb-container-65a15833\"><div class=\"gb-inside-container\">\n<div class=\"gb-grid-wrapper gb-grid-wrapper-d263b850 flex-mobile-column-reverse\">\n<div class=\"gb-grid-column gb-grid-column-a147bda4\"><div class=\"gb-container gb-container-a147bda4\"><div class=\"gb-inside-container\">\n\n<figure class=\"wp-block-image size-large\"><img loading=\"lazy\" decoding=\"async\" width=\"1024\" height=\"683\" src=\"https:\/\/yamhill.demo.webriculture.com\/wp-content\/uploads\/2022\/10\/EHS-HV-2-1024x683.jpg\" alt=\"\" class=\"wp-image-2776\" srcset=\"https:\/\/yamhillheadstart.org\/wp-content\/uploads\/2022\/10\/EHS-HV-2-1024x683.jpg 1024w, https:\/\/yamhillheadstart.org\/wp-content\/uploads\/2022\/10\/EHS-HV-2-300x200.jpg 300w, https:\/\/yamhillheadstart.org\/wp-content\/uploads\/2022\/10\/EHS-HV-2-768x512.jpg 768w, https:\/\/yamhillheadstart.org\/wp-content\/uploads\/2022\/10\/EHS-HV-2-1536x1024.jpg 1536w, https:\/\/yamhillheadstart.org\/wp-content\/uploads\/2022\/10\/EHS-HV-2-2048x1365.jpg 2048w, https:\/\/yamhillheadstart.org\/wp-content\/uploads\/2022\/10\/EHS-HV-2-18x12.jpg 18w\" sizes=\"auto, (max-width: 1024px) 100vw, 1024px\" \/><\/figure>\n\n<\/div><\/div><\/div>\n\n<div class=\"gb-grid-column gb-grid-column-94d6c9a2\"><div class=\"gb-container gb-container-94d6c9a2\"><div class=\"gb-inside-container\">\n\n<h2 class=\"wp-block-heading\"><strong>Visitas familiares de Early Head Start<\/strong><\/h2>\n\n\n\n<p class=\"has-medium-font-size\">Las visitas familiares con un educador familiar se realizan semanalmente durante todo el a\u00f1o para las familias de Early Head Start. Las visitas familiares son parte del plan para trabajar con usted para aprovechar al m\u00e1ximo el tiempo que tiene con su hijo.<\/p>\n\n\n\n<p class=\"has-medium-font-size\">Durante las visitas, las familias tienen la oportunidad de planificar y disfrutar de actividades de juego, compartir ideas, recibir actualizaciones continuas sobre informaci\u00f3n para padres y seguimiento de la salud, y recibir referencias a otros recursos seg\u00fan sea necesario. Las visitas familiares tambi\u00e9n son momentos para que los padres establezcan metas para ellos y sus hijos y exploren formas de alcanzarlas. Los educadores familiares brindan apoyo, aliento y comprensi\u00f3n continuos a los padres. Estas visitas familiares son oportunidades para que usted, su hijo y el educador familiar pasen tiempo juntos para fortalecer e individualizar su experiencia.<\/p>\n\n<\/div><\/div><\/div>\n<\/div>\n<\/div><\/div>","protected":false},"excerpt":{"rendered":"<p>Servicios de Familia<\/p>","protected":false},"author":1,"featured_media":2632,"parent":0,"menu_order":0,"comment_status":"closed","ping_status":"closed","template":"","meta":{"footnotes":""},"class_list":["post-2207","page","type-page","status-publish","has-post-thumbnail"],"featured_image_src":"https:\/\/yamhillheadstart.org\/wp-content\/uploads\/2022\/09\/Banner-9-3-scaled.jpg","_links":{"self":[{"href":"https:\/\/yamhillheadstart.org\/es\/wp-json\/wp\/v2\/pages\/2207","targetHints":{"allow":["GET"]}}],"collection":[{"href":"https:\/\/yamhillheadstart.org\/es\/wp-json\/wp\/v2\/pages"}],"about":[{"href":"https:\/\/yamhillheadstart.org\/es\/wp-json\/wp\/v2\/types\/page"}],"author":[{"embeddable":true,"href":"https:\/\/yamhillheadstart.org\/es\/wp-json\/wp\/v2\/users\/1"}],"replies":[{"embeddable":true,"href":"https:\/\/yamhillheadstart.org\/es\/wp-json\/wp\/v2\/comments?post=2207"}],"version-history":[{"count":16,"href":"https:\/\/yamhillheadstart.org\/es\/wp-json\/wp\/v2\/pages\/2207\/revisions"}],"predecessor-version":[{"id":6382,"href":"https:\/\/yamhillheadstart.org\/es\/wp-json\/wp\/v2\/pages\/2207\/revisions\/6382"}],"wp:featuredmedia":[{"embeddable":true,"href":"https:\/\/yamhillheadstart.org\/es\/wp-json\/wp\/v2\/media\/2632"}],"wp:attachment":[{"href":"https:\/\/yamhillheadstart.org\/es\/wp-json\/wp\/v2\/media?parent=2207"}],"curies":[{"name":"wp","href":"https:\/\/api.w.org\/{rel}","templated":true}]}}