{"id":2127,"date":"2022-06-20T15:29:28","date_gmt":"2022-06-20T22:29:28","guid":{"rendered":"https:\/\/yamhill.demo.webriculture.com\/?page_id=2127"},"modified":"2026-04-07T14:16:39","modified_gmt":"2026-04-07T21:16:39","slug":"menu","status":"publish","type":"page","link":"https:\/\/yamhillheadstart.org\/es\/menu\/","title":{"rendered":"Men\u00fa"},"content":{"rendered":"<div style=\"height:50px\" aria-hidden=\"true\" class=\"wp-block-spacer\"><\/div>\n\n\n<div class=\"gb-container gb-container-a602d08f\"><div class=\"gb-inside-container\">\n<div class=\"gb-grid-wrapper gb-grid-wrapper-0743956d\">\n<div class=\"gb-grid-column gb-grid-column-413fc2ac\"><div class=\"gb-container gb-container-413fc2ac\"><div class=\"gb-inside-container\">\n\n<h2 class=\"wp-block-heading\">April\/ Abril 2026 <strong>Menus<\/strong><\/h2>\n\n<\/div><\/div><\/div>\n<\/div>\n<\/div><\/div>\n\n\n<p>Los men\u00fas ahora son semanales. <\/p>\n\n\n\n<p>Si su hijo asiste a una clase de 4 horas por la ma\u00f1ana para ni\u00f1os de dos a\u00f1os, recibir\u00e1 desayuno y almuerzo.<br>Si su hijo asiste a una clase para ni\u00f1os de dos a\u00f1os de 4 horas por la tarde, recibir\u00e1 almuerzo y refrigerio por la tarde.<br>Si su hijo asiste a una clase preescolar de 6.25 o 7 horas, recibir\u00e1 desayuno, almuerzo y un refrigerio por la tarde.<\/p>\n\n\n\n<div class=\"wp-block-file\"><a id=\"wp-block-file--media-6117936b-6f97-42b5-9e3d-b43727e3ef00\" href=\"https:\/\/yamhillheadstart.org\/wp-content\/uploads\/2026\/04\/April-6-10-English-MEC-NEW-Praise-Mod-LAF.pdf\">April 6-10 (English) MEC\/NEW\/Praise\/MOD\/LAF<\/a><a href=\"https:\/\/yamhillheadstart.org\/wp-content\/uploads\/2026\/04\/April-6-10-English-MEC-NEW-Praise-Mod-LAF.pdf\" class=\"wp-block-file__button wp-element-button\" download aria-describedby=\"wp-block-file--media-6117936b-6f97-42b5-9e3d-b43727e3ef00\">Descargar<\/a><\/div>\n\n\n\n<div class=\"wp-block-file\"><a id=\"wp-block-file--media-f55cf0aa-7a0b-430a-b249-a684ddbb1a91\" href=\"https:\/\/yamhillheadstart.org\/wp-content\/uploads\/2026\/04\/April-6-10-Espanol-MEC-NEW-Praise-Mod-LAF.pdf\">April 6-10 (Espa\u00f1ol) MEC\/NEW\/Praise\/MOD\/LAF<\/a><a href=\"https:\/\/yamhillheadstart.org\/wp-content\/uploads\/2026\/04\/April-6-10-Espanol-MEC-NEW-Praise-Mod-LAF.pdf\" class=\"wp-block-file__button wp-element-button\" download aria-describedby=\"wp-block-file--media-f55cf0aa-7a0b-430a-b249-a684ddbb1a91\">Descargar<\/a><\/div>\n\n\n\n<div class=\"wp-block-file\"><a id=\"wp-block-file--media-0e6ad406-325e-473d-a3a1-36d833b906d9\" href=\"https:\/\/yamhillheadstart.org\/wp-content\/uploads\/2026\/04\/April-13-17-New-MEC-MOD-LAF-Praise-English.pdf\">April 13-17 (English) New, MEC, MOD, LAF, Praise<\/a><a href=\"https:\/\/yamhillheadstart.org\/wp-content\/uploads\/2026\/04\/April-13-17-New-MEC-MOD-LAF-Praise-English.pdf\" class=\"wp-block-file__button wp-element-button\" download aria-describedby=\"wp-block-file--media-0e6ad406-325e-473d-a3a1-36d833b906d9\">Descargar<\/a><\/div>\n\n\n\n<div class=\"wp-block-file\"><a id=\"wp-block-file--media-ae2a53b4-976b-4370-8831-72f70af818e2\" href=\"https:\/\/yamhillheadstart.org\/wp-content\/uploads\/2026\/04\/abril-13-17-espanol-MEC-NEW-Praise-MOD-LAF.pdf\">April 13-17 (Espa\u00f1ol) MEC, NEW, Praise, MOD, LAF<\/a><a href=\"https:\/\/yamhillheadstart.org\/wp-content\/uploads\/2026\/04\/abril-13-17-espanol-MEC-NEW-Praise-MOD-LAF.pdf\" class=\"wp-block-file__button wp-element-button\" download aria-describedby=\"wp-block-file--media-ae2a53b4-976b-4370-8831-72f70af818e2\">Descargar<\/a><\/div>\n\n\n\n<div class=\"wp-block-file\"><a id=\"wp-block-file--media-682a0737-2db5-4900-90d5-f4ee31317199\" href=\"https:\/\/yamhillheadstart.org\/wp-content\/uploads\/2026\/04\/April-20-24-English-MEC-NEW-Praise-MOD-LAF.pdf\">April 20-24 (English) MEC, NEW, Praise, MOD, LAF<\/a><a href=\"https:\/\/yamhillheadstart.org\/wp-content\/uploads\/2026\/04\/April-20-24-English-MEC-NEW-Praise-MOD-LAF.pdf\" class=\"wp-block-file__button wp-element-button\" download aria-describedby=\"wp-block-file--media-682a0737-2db5-4900-90d5-f4ee31317199\">Descargar<\/a><\/div>\n\n\n\n<div class=\"wp-block-file\"><a id=\"wp-block-file--media-81023c81-54f1-433b-8e90-7be5d50897b4\" href=\"https:\/\/yamhillheadstart.org\/wp-content\/uploads\/2026\/04\/abril-20-24-espanol-MEC-NEW-Praise-MOD-LAF.pdf\">April 20-24 (Espa\u00f1ol) MEC, NEW, Praise, MOD, LAF<\/a><a href=\"https:\/\/yamhillheadstart.org\/wp-content\/uploads\/2026\/04\/abril-20-24-espanol-MEC-NEW-Praise-MOD-LAF.pdf\" class=\"wp-block-file__button wp-element-button\" download aria-describedby=\"wp-block-file--media-81023c81-54f1-433b-8e90-7be5d50897b4\">Descargar<\/a><\/div>\n\n\n\n<div class=\"wp-block-file\"><a id=\"wp-block-file--media-293f7f34-1760-4f53-8dba-45e8f87e38b8\" href=\"https:\/\/yamhillheadstart.org\/wp-content\/uploads\/2026\/04\/April-6-10-English-WS.pdf\">April 6-10 (English) WS<\/a><a href=\"https:\/\/yamhillheadstart.org\/wp-content\/uploads\/2026\/04\/April-6-10-English-WS.pdf\" class=\"wp-block-file__button wp-element-button\" download aria-describedby=\"wp-block-file--media-293f7f34-1760-4f53-8dba-45e8f87e38b8\">Descargar<\/a><\/div>\n\n\n\n<div class=\"wp-block-file\"><a id=\"wp-block-file--media-95818cd1-164e-4d65-9155-539ed79890be\" href=\"https:\/\/yamhillheadstart.org\/wp-content\/uploads\/2026\/04\/April-6-10-Espanol-WS.pdf\">April 6-10 (Espa\u00f1ol) WS<\/a><a href=\"https:\/\/yamhillheadstart.org\/wp-content\/uploads\/2026\/04\/April-6-10-Espanol-WS.pdf\" class=\"wp-block-file__button wp-element-button\" download aria-describedby=\"wp-block-file--media-95818cd1-164e-4d65-9155-539ed79890be\">Descargar<\/a><\/div>\n\n\n\n<div class=\"wp-block-file\"><a id=\"wp-block-file--media-7e3483d2-1a80-41b6-a76a-eeae87b0abd0\" href=\"https:\/\/yamhillheadstart.org\/wp-content\/uploads\/2026\/04\/April-13-17-WS-English.pdf\" target=\"_blank\" rel=\"noreferrer noopener\">April 13-17 (English) WS <\/a><a href=\"https:\/\/yamhillheadstart.org\/wp-content\/uploads\/2026\/04\/April-13-17-WS-English.pdf\" class=\"wp-block-file__button wp-element-button\" download aria-describedby=\"wp-block-file--media-7e3483d2-1a80-41b6-a76a-eeae87b0abd0\">Descargar<\/a><\/div>\n\n\n\n<div class=\"wp-block-file\"><a id=\"wp-block-file--media-f78f9c2b-61bc-442d-a484-69fdcfb789c7\" href=\"https:\/\/yamhillheadstart.org\/wp-content\/uploads\/2026\/04\/abril-13-17-WS-espanol.pdf\">April 13-17 (Espa\u00f1ol) WS <\/a><a href=\"https:\/\/yamhillheadstart.org\/wp-content\/uploads\/2026\/04\/abril-13-17-WS-espanol.pdf\" class=\"wp-block-file__button wp-element-button\" download aria-describedby=\"wp-block-file--media-f78f9c2b-61bc-442d-a484-69fdcfb789c7\">Descargar<\/a><\/div>\n\n\n\n<div class=\"wp-block-file\"><a id=\"wp-block-file--media-f9b673fc-11c6-402b-b81d-b1f89ca973c9\" href=\"https:\/\/yamhillheadstart.org\/wp-content\/uploads\/2026\/04\/April-20-24-WS-English.pdf\">April 20-24 (English) WS <\/a><a href=\"https:\/\/yamhillheadstart.org\/wp-content\/uploads\/2026\/04\/April-20-24-WS-English.pdf\" class=\"wp-block-file__button wp-element-button\" download aria-describedby=\"wp-block-file--media-f9b673fc-11c6-402b-b81d-b1f89ca973c9\">Descargar<\/a><\/div>\n\n\n\n<div class=\"wp-block-file\"><a id=\"wp-block-file--media-614b298f-8046-4d89-a591-738a0e23dba1\" href=\"https:\/\/yamhillheadstart.org\/wp-content\/uploads\/2026\/04\/abril-20-24-WS-espanol.pdf\">April 20-24 (Espa\u00f1ol) WS <\/a><a href=\"https:\/\/yamhillheadstart.org\/wp-content\/uploads\/2026\/04\/abril-20-24-WS-espanol.pdf\" class=\"wp-block-file__button wp-element-button\" download aria-describedby=\"wp-block-file--media-614b298f-8046-4d89-a591-738a0e23dba1\">Descargar<\/a><\/div>\n\n\n\n<p><\/p>","protected":false},"excerpt":{"rendered":"<p>Menus are now shared by the week. If your child attends a 4-hour morning Toddler class, they will receive Breakfast and Lunch.If your child attends a 4-hour afternoon Toddler class, they will receive Lunch and PM Snack.If your child attends a 6.25-hour or 7-hour Pre-K class they will receive Breakfast, Lunch, and PM Snack.<\/p>","protected":false},"author":1,"featured_media":976,"parent":0,"menu_order":0,"comment_status":"closed","ping_status":"closed","template":"","meta":{"footnotes":""},"class_list":["post-2127","page","type-page","status-publish","has-post-thumbnail"],"featured_image_src":"https:\/\/yamhillheadstart.org\/wp-content\/uploads\/2022\/05\/243510613_1185181152006866_6517400522861479829_n.jpg","_links":{"self":[{"href":"https:\/\/yamhillheadstart.org\/es\/wp-json\/wp\/v2\/pages\/2127","targetHints":{"allow":["GET"]}}],"collection":[{"href":"https:\/\/yamhillheadstart.org\/es\/wp-json\/wp\/v2\/pages"}],"about":[{"href":"https:\/\/yamhillheadstart.org\/es\/wp-json\/wp\/v2\/types\/page"}],"author":[{"embeddable":true,"href":"https:\/\/yamhillheadstart.org\/es\/wp-json\/wp\/v2\/users\/1"}],"replies":[{"embeddable":true,"href":"https:\/\/yamhillheadstart.org\/es\/wp-json\/wp\/v2\/comments?post=2127"}],"version-history":[{"count":78,"href":"https:\/\/yamhillheadstart.org\/es\/wp-json\/wp\/v2\/pages\/2127\/revisions"}],"predecessor-version":[{"id":10693,"href":"https:\/\/yamhillheadstart.org\/es\/wp-json\/wp\/v2\/pages\/2127\/revisions\/10693"}],"wp:featuredmedia":[{"embeddable":true,"href":"https:\/\/yamhillheadstart.org\/es\/wp-json\/wp\/v2\/media\/976"}],"wp:attachment":[{"href":"https:\/\/yamhillheadstart.org\/es\/wp-json\/wp\/v2\/media?parent=2127"}],"curies":[{"name":"wp","href":"https:\/\/api.w.org\/{rel}","templated":true}]}}