{"id":202,"date":"2022-05-03T11:12:11","date_gmt":"2022-05-03T18:12:11","guid":{"rendered":"https:\/\/beta2.swrforum.com\/?page_id=202"},"modified":"2023-01-25T16:41:03","modified_gmt":"2023-01-25T23:41:03","slug":"volunteer","status":"publish","type":"page","link":"https:\/\/yamhillheadstart.org\/es\/volunteer\/","title":{"rendered":"Voluntariado"},"content":{"rendered":"<div class=\"gb-container gb-container-8ee7ddb5\"><div class=\"gb-inside-container\">\n\n<div style=\"height:50px\" aria-hidden=\"true\" class=\"wp-block-spacer\"><\/div>\n\n\n\n<h1 class=\"wp-block-heading\">\u00bfEst\u00e1 buscando una forma de dar de usted?<\/h1>\n\n\n\n<h4 class=\"wp-block-heading\">\u00a1Tenemos varias formas de ser voluntario con HSYC! \u00a1Su conocimiento, tiempo y talento pueden ayudar a marcar la diferencia en la vida de un ni\u00f1o!<\/h4>\n\n\n<div class=\"gb-container gb-container-ce1efe9f\"><div class=\"gb-inside-container\">\n<div class=\"gb-grid-wrapper gb-grid-wrapper-5c4b458f\">\n<div class=\"gb-grid-column gb-grid-column-a731bb59\"><div class=\"gb-container gb-container-a731bb59\"><div class=\"gb-inside-container\">\n\n<h2 class=\"wp-block-heading\"><strong>En el salon<\/strong><\/h2>\n\n\n\n<p class=\"has-medium-font-size\">En el sal\u00f3n de clases tendr\u00e1 la oportunidad de trabajar con los ni\u00f1os y el personal. Las actividades pueden incluir: leer con ni\u00f1os, jugar, apoyar en un proyecto especial, compartir una habilidad o inter\u00e9s particular con los ni\u00f1os o preparar materiales para el sal\u00f3n de clases.<\/p>\n\n\n<div class=\"gb-button-wrapper gb-button-wrapper-f6cdb820\">\n\n<a class=\"gb-button gb-button-841a0f01 gb-button-text\" href=\"\/es\/volunteer-form\/\">Aplicar para ser voluntario<\/a>\n\n<\/div>\n<\/div><\/div><\/div>\n\n<div class=\"gb-grid-column gb-grid-column-1cc61c62\"><div class=\"gb-container gb-container-1cc61c62\"><div class=\"gb-inside-container\">\n\n<figure class=\"wp-block-image size-large\"><img loading=\"lazy\" decoding=\"async\" width=\"1024\" height=\"683\" src=\"https:\/\/yamhillheadstart.org\/wp-content\/uploads\/2023\/01\/DSC_0749-2-1024x683.jpg\" alt=\"\" class=\"wp-image-3347\" srcset=\"https:\/\/yamhillheadstart.org\/wp-content\/uploads\/2023\/01\/DSC_0749-2-1024x683.jpg 1024w, https:\/\/yamhillheadstart.org\/wp-content\/uploads\/2023\/01\/DSC_0749-2-300x200.jpg 300w, https:\/\/yamhillheadstart.org\/wp-content\/uploads\/2023\/01\/DSC_0749-2-768x512.jpg 768w, https:\/\/yamhillheadstart.org\/wp-content\/uploads\/2023\/01\/DSC_0749-2-1536x1024.jpg 1536w, https:\/\/yamhillheadstart.org\/wp-content\/uploads\/2023\/01\/DSC_0749-2-2048x1365.jpg 2048w, https:\/\/yamhillheadstart.org\/wp-content\/uploads\/2023\/01\/DSC_0749-2-18x12.jpg 18w\" sizes=\"auto, (max-width: 1024px) 100vw, 1024px\" \/><\/figure>\n\n<\/div><\/div><\/div>\n<\/div>\n<\/div><\/div>\n\n<div class=\"gb-container gb-container-ea384ac8\"><div class=\"gb-inside-container\">\n<div class=\"gb-grid-wrapper gb-grid-wrapper-227a0f73 flex-mobile-column-reverse\">\n<div class=\"gb-grid-column gb-grid-column-25b2d33a\"><div class=\"gb-container gb-container-25b2d33a\"><div class=\"gb-inside-container\">\n\n<figure class=\"wp-block-image size-large\"><img loading=\"lazy\" decoding=\"async\" width=\"1024\" height=\"683\" src=\"https:\/\/yamhill.demo.webriculture.com\/wp-content\/uploads\/2022\/09\/DSC_0309-2-1024x683.jpg\" alt=\"\" class=\"wp-image-2564\" srcset=\"https:\/\/yamhillheadstart.org\/wp-content\/uploads\/2022\/09\/DSC_0309-2-1024x683.jpg 1024w, https:\/\/yamhillheadstart.org\/wp-content\/uploads\/2022\/09\/DSC_0309-2-300x200.jpg 300w, https:\/\/yamhillheadstart.org\/wp-content\/uploads\/2022\/09\/DSC_0309-2-768x512.jpg 768w, https:\/\/yamhillheadstart.org\/wp-content\/uploads\/2022\/09\/DSC_0309-2-1536x1024.jpg 1536w, https:\/\/yamhillheadstart.org\/wp-content\/uploads\/2022\/09\/DSC_0309-2-2048x1366.jpg 2048w, https:\/\/yamhillheadstart.org\/wp-content\/uploads\/2022\/09\/DSC_0309-2-18x12.jpg 18w\" sizes=\"auto, (max-width: 1024px) 100vw, 1024px\" \/><\/figure>\n\n<\/div><\/div><\/div>\n\n<div class=\"gb-grid-column gb-grid-column-6d36aac3\"><div class=\"gb-container gb-container-6d36aac3\"><div class=\"gb-inside-container\">\n\n<h2 class=\"wp-block-heading\"><strong>Fuera del salon<\/strong><\/h2>\n\n\n\n<p class=\"has-medium-font-size\">Algunas formas en que puede apoyar nuestro programa fuera del sal\u00f3n de clases incluyen: ayudar en la oficina, con excursiones, con proyectos al aire libre, o apoyar con el servicio de alimentos.<br>Hay oportunidades de pr\u00e1cticas y pasant\u00edas.<\/p>\n\n\n<div class=\"gb-button-wrapper gb-button-wrapper-90a3499d\">\n\n<a class=\"gb-button gb-button-5ec22b32 gb-button-text\" href=\"\/es\/volunteer-form\/\">Aplicar para ser voluntario<\/a>\n\n<\/div>\n<\/div><\/div><\/div>\n<\/div>\n<\/div><\/div>\n\n\n<p class=\"has-small-font-size\">Head Start of Yamhill County es proveedor con igualdad de oportunidad.<\/p>\n\n<\/div><\/div>","protected":false},"excerpt":{"rendered":"<p>Looking for a way to give back? We have several ways to volunteer with HSYC! Your knowledge, time, and talent can help make a difference in the life of a child! Head Start of Yamhill County is an equal opportunity provider.<\/p>","protected":false},"author":1,"featured_media":2638,"parent":0,"menu_order":0,"comment_status":"closed","ping_status":"closed","template":"","meta":{"footnotes":""},"class_list":["post-202","page","type-page","status-publish","has-post-thumbnail"],"featured_image_src":"https:\/\/yamhillheadstart.org\/wp-content\/uploads\/2022\/09\/Banner-22-2-scaled.jpg","_links":{"self":[{"href":"https:\/\/yamhillheadstart.org\/es\/wp-json\/wp\/v2\/pages\/202","targetHints":{"allow":["GET"]}}],"collection":[{"href":"https:\/\/yamhillheadstart.org\/es\/wp-json\/wp\/v2\/pages"}],"about":[{"href":"https:\/\/yamhillheadstart.org\/es\/wp-json\/wp\/v2\/types\/page"}],"author":[{"embeddable":true,"href":"https:\/\/yamhillheadstart.org\/es\/wp-json\/wp\/v2\/users\/1"}],"replies":[{"embeddable":true,"href":"https:\/\/yamhillheadstart.org\/es\/wp-json\/wp\/v2\/comments?post=202"}],"version-history":[{"count":28,"href":"https:\/\/yamhillheadstart.org\/es\/wp-json\/wp\/v2\/pages\/202\/revisions"}],"predecessor-version":[{"id":3349,"href":"https:\/\/yamhillheadstart.org\/es\/wp-json\/wp\/v2\/pages\/202\/revisions\/3349"}],"wp:featuredmedia":[{"embeddable":true,"href":"https:\/\/yamhillheadstart.org\/es\/wp-json\/wp\/v2\/media\/2638"}],"wp:attachment":[{"href":"https:\/\/yamhillheadstart.org\/es\/wp-json\/wp\/v2\/media?parent=202"}],"curies":[{"name":"wp","href":"https:\/\/api.w.org\/{rel}","templated":true}]}}