{"id":199,"date":"2022-05-03T11:10:59","date_gmt":"2022-05-03T18:10:59","guid":{"rendered":"https:\/\/beta2.swrforum.com\/?page_id=199"},"modified":"2022-09-12T15:46:38","modified_gmt":"2022-09-12T22:46:38","slug":"donate","status":"publish","type":"page","link":"https:\/\/yamhillheadstart.org\/es\/donate\/","title":{"rendered":"Donaciones"},"content":{"rendered":"<div style=\"height:50px\" aria-hidden=\"true\" class=\"wp-block-spacer\"><\/div>\n\n\n\n<h1 class=\"wp-block-heading\">Donar a Head Start<\/h1>\n\n\n<div class=\"gb-container gb-container-f7b6e507\"><div class=\"gb-inside-container\">\n<div class=\"gb-grid-wrapper gb-grid-wrapper-9277b39c\">\n<div class=\"gb-grid-column gb-grid-column-768e1917\"><div class=\"gb-container gb-container-768e1917\"><div class=\"gb-inside-container\">\n\n<p class=\"has-medium-font-size\">Las donaciones a Head Start of Yamhill County ayudan a apoyar el desarrollo saludable, la preparaci\u00f3n escolar y el bienestar de las familias y los ni\u00f1os peque\u00f1os.<\/p>\n\n\n\n<p class=\"has-medium-font-size\">Por favor donsidere hacer una contribuci\u00f3n individual para Head Start of Yamhill County.<\/p>\n\n\n\n<p><em>Todas las donaciones son deducibles de impuestos.<\/em>.<\/p>\n\n\n<div class=\"gb-container gb-container-808afad2\"><div class=\"gb-inside-container\">\n<div class=\"gb-button-wrapper gb-button-wrapper-75f59ff1\">\n\n<a class=\"gb-button gb-button-f3479b69 gb-button-text\" href=\"https:\/\/www.paypal.com\/donate\/?hosted_button_id=EMU5PL8N8MUR2\">Donar ahora<\/a>\n\n<\/div>\n<\/div><\/div>\n\n<div class=\"gb-container gb-container-14db0f0a\"><div class=\"gb-inside-container\">\n\n<p>Acuerdese de HSYC cuando compre en Amazon (<a href=\"https:\/\/smile.amazon.com\/ap\/signin?openid.pape.max_auth_age=3600&amp;openid.return_to=httpssmile.amazon.comcharity&amp;openid.identity=httpspecs.openid.netauth2.0identifier_select&amp;openid.assoc_handle=amzn_smile_mobile&amp;openid.mode=checkid_setup&amp;marketPlaceId=ATVPDKIKX0DER&amp;language=en_US&amp;openid.claimed_id=httpspecs.openid.netauth2.0identifier_select&amp;openid.ns=httpspecs.openid.netauth2.0\" data-type=\"URL\" data-id=\"https:\/\/smile.amazon.com\/ap\/signin?openid.pape.max_auth_age=3600&amp;openid.return_to=https%3A%2F%2Fsmile.amazon.com%2Fcharity&amp;openid.identity=http%3A%2F%2Fspecs.openid.net%2Fauth%2F2.0%2Fidentifier_select&amp;openid.assoc_handle=amzn_smile_mobile&amp;openid.mode=checkid_setup&amp;marketPlaceId=ATVPDKIKX0DER&amp;language=en_US&amp;openid.claimed_id=http%3A%2F%2Fspecs.openid.net%2Fauth%2F2.0%2Fidentifier_select&amp;openid.ns=http%3A%2F%2Fspecs.openid.net%2Fauth%2F2.0\" target=\"_blank\" rel=\"noreferrer noopener\">iniciar Amazon Smile<\/a>)<\/p>\n\n<\/div><\/div>\n\n<div class=\"gb-container gb-container-39550e74\"><div class=\"gb-inside-container\">\n\n<p class=\"has-medium-font-size\"><strong>Las donaciones tambi\u00e9n pueden enviarse por correo a:<\/strong><\/p>\n\n\n\n<p style=\"font-size:18px\">Head Start of Yamhill County<br>PO Box 1311<br>McMinnville, Oregon 97128<br><br>Por favor especifique \"Donaci\u00f3n\" en la l\u00ednea de memo. <\/p>\n\n\n\n<p style=\"font-size:18px\"><em>Los recibos est\u00e1n disponibles para todos los donantes y las donaciones son deducibles de impuestos.<\/em><\/p>\n\n<\/div><\/div>\n<\/div><\/div><\/div>\n\n<div class=\"gb-grid-column gb-grid-column-852ba4d3\"><div class=\"gb-container gb-container-852ba4d3\"><div class=\"gb-inside-container\">\n\n<figure class=\"wp-block-image size-large\"><img loading=\"lazy\" decoding=\"async\" width=\"768\" height=\"1024\" src=\"https:\/\/yamhill.demo.webriculture.com\/wp-content\/uploads\/2022\/09\/IMG_4762-2-768x1024.jpg\" alt=\"\" class=\"wp-image-2574\" srcset=\"https:\/\/yamhillheadstart.org\/wp-content\/uploads\/2022\/09\/IMG_4762-2-768x1024.jpg 768w, https:\/\/yamhillheadstart.org\/wp-content\/uploads\/2022\/09\/IMG_4762-2-225x300.jpg 225w, https:\/\/yamhillheadstart.org\/wp-content\/uploads\/2022\/09\/IMG_4762-2-1152x1536.jpg 1152w, https:\/\/yamhillheadstart.org\/wp-content\/uploads\/2022\/09\/IMG_4762-2-1536x2048.jpg 1536w, https:\/\/yamhillheadstart.org\/wp-content\/uploads\/2022\/09\/IMG_4762-2-9x12.jpg 9w, https:\/\/yamhillheadstart.org\/wp-content\/uploads\/2022\/09\/IMG_4762-2-scaled.jpg 1920w\" sizes=\"auto, (max-width: 768px) 100vw, 768px\" \/><\/figure>\n\n<\/div><\/div><\/div>\n<\/div>\n<\/div><\/div>","protected":false},"excerpt":{"rendered":"<p>Donar a Head Start<\/p>","protected":false},"author":1,"featured_media":2640,"parent":0,"menu_order":0,"comment_status":"closed","ping_status":"closed","template":"","meta":{"footnotes":""},"class_list":["post-199","page","type-page","status-publish","has-post-thumbnail"],"featured_image_src":"https:\/\/yamhillheadstart.org\/wp-content\/uploads\/2022\/09\/Banner-17-2-scaled.jpg","_links":{"self":[{"href":"https:\/\/yamhillheadstart.org\/es\/wp-json\/wp\/v2\/pages\/199","targetHints":{"allow":["GET"]}}],"collection":[{"href":"https:\/\/yamhillheadstart.org\/es\/wp-json\/wp\/v2\/pages"}],"about":[{"href":"https:\/\/yamhillheadstart.org\/es\/wp-json\/wp\/v2\/types\/page"}],"author":[{"embeddable":true,"href":"https:\/\/yamhillheadstart.org\/es\/wp-json\/wp\/v2\/users\/1"}],"replies":[{"embeddable":true,"href":"https:\/\/yamhillheadstart.org\/es\/wp-json\/wp\/v2\/comments?post=199"}],"version-history":[{"count":26,"href":"https:\/\/yamhillheadstart.org\/es\/wp-json\/wp\/v2\/pages\/199\/revisions"}],"predecessor-version":[{"id":2575,"href":"https:\/\/yamhillheadstart.org\/es\/wp-json\/wp\/v2\/pages\/199\/revisions\/2575"}],"wp:featuredmedia":[{"embeddable":true,"href":"https:\/\/yamhillheadstart.org\/es\/wp-json\/wp\/v2\/media\/2640"}],"wp:attachment":[{"href":"https:\/\/yamhillheadstart.org\/es\/wp-json\/wp\/v2\/media?parent=199"}],"curies":[{"name":"wp","href":"https:\/\/api.w.org\/{rel}","templated":true}]}}