{"id":1958,"date":"2022-06-17T13:21:49","date_gmt":"2022-06-17T20:21:49","guid":{"rendered":"https:\/\/yamhill.demo.webriculture.com\/?page_id=1958"},"modified":"2024-06-28T10:22:52","modified_gmt":"2024-06-28T17:22:52","slug":"early-head-start","status":"publish","type":"page","link":"https:\/\/yamhillheadstart.org\/es\/early-head-start\/","title":{"rendered":"Early Head Start"},"content":{"rendered":"<div style=\"height:50px\" aria-hidden=\"true\" class=\"wp-block-spacer\"><\/div>\n\n\n\n<h1 class=\"wp-block-heading\">Early Head Start<\/h1>\n\n\n\n<p class=\"has-medium-font-size\">Nuestro programa Early Head Start es un programa gratuito durante todo el a\u00f1o para beb\u00e9s, ni\u00f1os peque\u00f1os y personas embarazadas. El programa tiene como objetivo nutrir y apoyar fuertes v\u00ednculos entre padres e hijos y ayudar a los ni\u00f1os peque\u00f1os a crecer y desarrollarse.<\/p>\n\n\n<div class=\"gb-container gb-container-331271f7\"><div class=\"gb-inside-container\">\n<div class=\"gb-grid-wrapper gb-grid-wrapper-ad3e776b\">\n<div class=\"gb-grid-column gb-grid-column-78956b56\"><div class=\"gb-container gb-container-78956b56\"><div class=\"gb-inside-container\">\n\n<figure class=\"wp-block-image size-large is-resized\"><img loading=\"lazy\" decoding=\"async\" width=\"768\" height=\"1024\" src=\"https:\/\/yamhill.demo.webriculture.com\/wp-content\/uploads\/2022\/09\/Jaycee1-768x1024.jpg\" alt=\"\" class=\"wp-image-2605\" srcset=\"https:\/\/yamhillheadstart.org\/wp-content\/uploads\/2022\/09\/Jaycee1-768x1024.jpg 768w, https:\/\/yamhillheadstart.org\/wp-content\/uploads\/2022\/09\/Jaycee1-225x300.jpg 225w, https:\/\/yamhillheadstart.org\/wp-content\/uploads\/2022\/09\/Jaycee1-1152x1536.jpg 1152w, https:\/\/yamhillheadstart.org\/wp-content\/uploads\/2022\/09\/Jaycee1-1536x2048.jpg 1536w, https:\/\/yamhillheadstart.org\/wp-content\/uploads\/2022\/09\/Jaycee1-9x12.jpg 9w, https:\/\/yamhillheadstart.org\/wp-content\/uploads\/2022\/09\/Jaycee1-scaled.jpg 1920w\" sizes=\"auto, (max-width: 768px) 100vw, 768px\" \/><\/figure>\n\n<\/div><\/div><\/div>\n\n<div class=\"gb-grid-column gb-grid-column-53bdaec2\"><div class=\"gb-container gb-container-53bdaec2\"><div class=\"gb-inside-container\">\n\n<h2 class=\"wp-block-heading\"><strong>Programa basado en el hogar<\/strong><\/h2>\n\n\n\n<p class=\"has-medium-font-size\">Las familias reciben una visita familiar semanal de un educador familiar que brinda informaci\u00f3n sobre el desarrollo infantil y recursos para la familia. Las familias pueden asistir a socializaciones durante todo el a\u00f1o. Estas oportunidades conectan a familias y beb\u00e9s en nuestros centros y en la comunidad en lugares y eventos aptos para familias. Los participantes del programa basado en el hogar tienen prioridad para nuestro programa para ni\u00f1os de dos a\u00f1os. <\/p>\n\n\n<div class=\"gb-button-wrapper gb-button-wrapper-c7403efd\">\n\n<a class=\"gb-button gb-button-f442a9d2 gb-button-text\" href=\"\/es\/enrollment-application\/\">Aplicar para mi hijo(a)<\/a>\n\n<\/div>\n<\/div><\/div><\/div>\n<\/div>\n<\/div><\/div>\n\n<div class=\"gb-container gb-container-70ee79f0\"><div class=\"gb-inside-container\">\n<div class=\"gb-grid-wrapper gb-grid-wrapper-762da8d0\">\n<div class=\"gb-grid-column gb-grid-column-30d334d9\"><div class=\"gb-container gb-container-30d334d9\"><div class=\"gb-inside-container\">\n\n<figure class=\"wp-block-image size-large is-resized\"><img loading=\"lazy\" decoding=\"async\" width=\"1024\" height=\"901\" src=\"https:\/\/yamhill.demo.webriculture.com\/wp-content\/uploads\/2022\/09\/earlylearning-1024x901.jpeg\" alt=\"\" class=\"wp-image-2696\" srcset=\"https:\/\/yamhillheadstart.org\/wp-content\/uploads\/2022\/09\/earlylearning-1024x901.jpeg 1024w, https:\/\/yamhillheadstart.org\/wp-content\/uploads\/2022\/09\/earlylearning-300x264.jpeg 300w, https:\/\/yamhillheadstart.org\/wp-content\/uploads\/2022\/09\/earlylearning-768x676.jpeg 768w, https:\/\/yamhillheadstart.org\/wp-content\/uploads\/2022\/09\/earlylearning-1536x1352.jpeg 1536w, https:\/\/yamhillheadstart.org\/wp-content\/uploads\/2022\/09\/earlylearning-14x12.jpeg 14w, https:\/\/yamhillheadstart.org\/wp-content\/uploads\/2022\/09\/earlylearning.jpeg 1920w\" sizes=\"auto, (max-width: 1024px) 100vw, 1024px\" \/><\/figure>\n\n<\/div><\/div><\/div>\n\n<div class=\"gb-grid-column gb-grid-column-70e2bfef\"><div class=\"gb-container gb-container-70e2bfef\"><div class=\"gb-inside-container\">\n\n<h2 class=\"wp-block-heading\"><strong>Programa prenatal<\/strong><\/h2>\n\n\n\n<p class=\"has-medium-font-size\">Las futuras familias reciben educaci\u00f3n y apoyo durante las visitas de embarazo y posparto para garantizar el bienestar del beb\u00e9, la madre y la familia. El reci\u00e9n nacido queda inscrito autom\u00e1ticamente en nuestro programa Early Head Start despu\u00e9s del nacimiento.<\/p>\n\n\n<div class=\"gb-button-wrapper gb-button-wrapper-8f0d7ba1\">\n\n<a class=\"gb-button gb-button-54f891ed gb-button-text\" href=\"\/es\/enrollment-application\/\">Inscribirme<\/a>\n\n<\/div>\n<\/div><\/div><\/div>\n<\/div>\n<\/div><\/div>","protected":false},"excerpt":{"rendered":"<p>Early Head Start Our Early Head Start program is a free year-round program for infants, young toddlers, and pregnant persons. The program is intended to nurture and support strong parent\/ child bonds and help young children grow and develop.<\/p>","protected":false},"author":1,"featured_media":2624,"parent":0,"menu_order":0,"comment_status":"closed","ping_status":"closed","template":"","meta":{"footnotes":""},"class_list":["post-1958","page","type-page","status-publish","has-post-thumbnail"],"featured_image_src":"https:\/\/yamhillheadstart.org\/wp-content\/uploads\/2022\/09\/Banner-15-2-scaled.jpg","_links":{"self":[{"href":"https:\/\/yamhillheadstart.org\/es\/wp-json\/wp\/v2\/pages\/1958","targetHints":{"allow":["GET"]}}],"collection":[{"href":"https:\/\/yamhillheadstart.org\/es\/wp-json\/wp\/v2\/pages"}],"about":[{"href":"https:\/\/yamhillheadstart.org\/es\/wp-json\/wp\/v2\/types\/page"}],"author":[{"embeddable":true,"href":"https:\/\/yamhillheadstart.org\/es\/wp-json\/wp\/v2\/users\/1"}],"replies":[{"embeddable":true,"href":"https:\/\/yamhillheadstart.org\/es\/wp-json\/wp\/v2\/comments?post=1958"}],"version-history":[{"count":20,"href":"https:\/\/yamhillheadstart.org\/es\/wp-json\/wp\/v2\/pages\/1958\/revisions"}],"predecessor-version":[{"id":6322,"href":"https:\/\/yamhillheadstart.org\/es\/wp-json\/wp\/v2\/pages\/1958\/revisions\/6322"}],"wp:featuredmedia":[{"embeddable":true,"href":"https:\/\/yamhillheadstart.org\/es\/wp-json\/wp\/v2\/media\/2624"}],"wp:attachment":[{"href":"https:\/\/yamhillheadstart.org\/es\/wp-json\/wp\/v2\/media?parent=1958"}],"curies":[{"name":"wp","href":"https:\/\/api.w.org\/{rel}","templated":true}]}}