{"id":1956,"date":"2022-06-17T13:18:45","date_gmt":"2022-06-17T20:18:45","guid":{"rendered":"https:\/\/yamhill.demo.webriculture.com\/?page_id=1956"},"modified":"2025-09-25T09:55:35","modified_gmt":"2025-09-25T16:55:35","slug":"head-start","status":"publish","type":"page","link":"https:\/\/yamhillheadstart.org\/es\/head-start\/","title":{"rendered":"Preescolar"},"content":{"rendered":"<div style=\"height:50px\" aria-hidden=\"true\" class=\"wp-block-spacer\"><\/div>\n\n\n\n<h1 class=\"wp-block-heading\">Preescolar<\/h1>\n\n\n<div class=\"gb-container gb-container-88c3ecf5\"><div class=\"gb-inside-container\">\n<div class=\"gb-grid-wrapper gb-grid-wrapper-c6283545\">\n<div class=\"gb-grid-column gb-grid-column-cbd8291a\"><div class=\"gb-container gb-container-cbd8291a\"><div class=\"gb-inside-container\">\n\n<figure class=\"wp-block-image size-large\"><img loading=\"lazy\" decoding=\"async\" width=\"978\" height=\"1024\" src=\"https:\/\/yamhillheadstart.org\/wp-content\/uploads\/2023\/01\/Image2-2-978x1024.jpeg\" alt=\"\" class=\"wp-image-3313\" srcset=\"https:\/\/yamhillheadstart.org\/wp-content\/uploads\/2023\/01\/Image2-2-978x1024.jpeg 978w, https:\/\/yamhillheadstart.org\/wp-content\/uploads\/2023\/01\/Image2-2-286x300.jpeg 286w, https:\/\/yamhillheadstart.org\/wp-content\/uploads\/2023\/01\/Image2-2-768x804.jpeg 768w, https:\/\/yamhillheadstart.org\/wp-content\/uploads\/2023\/01\/Image2-2-1467x1536.jpeg 1467w, https:\/\/yamhillheadstart.org\/wp-content\/uploads\/2023\/01\/Image2-2-11x12.jpeg 11w, https:\/\/yamhillheadstart.org\/wp-content\/uploads\/2023\/01\/Image2-2.jpeg 1500w\" sizes=\"auto, (max-width: 978px) 100vw, 978px\" \/><\/figure>\n\n<\/div><\/div><\/div>\n\n<div class=\"gb-grid-column gb-grid-column-08b1d571\"><div class=\"gb-container gb-container-08b1d571\"><div class=\"gb-inside-container\">\n\n<h2 class=\"wp-block-heading\">Preescolar<\/h2>\n\n\n\n<p class=\"has-text-align-left\" style=\"font-size:24px\">Nuestro programa preescolar es gratuito para ni\u00f1os de 3 a 5 a\u00f1os y se centra en la preparaci\u00f3n escolar. A trav\u00e9s de un enfoque multidisciplinario, brindamos oportunidades pr\u00e1cticas para que los ni\u00f1os exploren, aprendan y crezcan.<\/p>\n\n<\/div><\/div><\/div>\n<\/div>\n<\/div><\/div>\n\n<div class=\"gb-container gb-container-1b189c01\"><div class=\"gb-inside-container\">\n<div class=\"gb-grid-wrapper gb-grid-wrapper-e8dcd4aa\">\n<div class=\"gb-grid-column gb-grid-column-3d503f9d\"><div class=\"gb-container gb-container-3d503f9d\"><div class=\"gb-inside-container\">\n\n<h3 class=\"wp-block-heading has-text-align-center\">Opci\u00f3n de d\u00eda completo, todo el a\u00f1o<\/h3>\n\n\n\n<p class=\"has-text-align-center\">Nuestra opci\u00f3n de d\u00eda completo se ofrece de septiembre a mediados de agosto, 6.25 horas por d\u00eda de lunes a jueves. Vea una muestra del horario abajo.<\/p>\n\n\n\n<div class=\"wp-block-file\"><a id=\"wp-block-file--media-25f5551d-8457-48f0-8bb6-c22c2f9c744c\" href=\"https:\/\/yamhill.demo.webriculture.com\/wp-content\/uploads\/2022\/07\/6-hour-class-schedule.pdf\" target=\"_blank\" rel=\"noreferrer noopener\">Ejemplo de horario de clases de 6.25 horas<br><\/a><\/div>\n\n\n<div class=\"gb-button-wrapper gb-button-wrapper-7919d240\">\n\n<a class=\"gb-button gb-button-9d8f9ba3 gb-button-text\" href=\"\/es\/enrollment-application\/\">Inscribir a mi hijo<\/a>\n\n<\/div>\n<\/div><\/div><\/div>\n\n<div class=\"gb-grid-column gb-grid-column-410e9328\"><div class=\"gb-container gb-container-410e9328\"><div class=\"gb-inside-container\">\n\n<h3 class=\"wp-block-heading has-text-align-center\">Opci\u00f3n de d\u00eda completo, solo durante el a\u00f1o escolar<\/h3>\n\n\n\n<p class=\"has-text-align-center\">Our full day school year option that mirrors school district calendars is offered 7 hours per day Monday-Thursday, plus 1 Friday per month. (sample schedule below)<\/p>\n\n\n\n<div class=\"wp-block-file\"><a id=\"wp-block-file--media-a2ec4e5a-5d39-4653-9b8d-1ba295919bc1\" href=\"https:\/\/yamhillheadstart.org\/wp-content\/uploads\/2025\/09\/1756479843652-1.png\" target=\"_blank\" rel=\"noreferrer noopener\">7 Hour Class Schedule Sample<\/a><\/div>\n\n\n<div class=\"gb-button-wrapper gb-button-wrapper-ee7e21cf\">\n\n<a class=\"gb-button gb-button-efdc32cd gb-button-text\" href=\"\/es\/enrollment-application\/\">Inscribir a mi hijo<\/a>\n\n<\/div>\n<\/div><\/div><\/div>\n\n<div class=\"gb-grid-column gb-grid-column-230169c8\"><div class=\"gb-container gb-container-230169c8\"><div class=\"gb-inside-container\">\n\n<h3 class=\"wp-block-heading has-text-align-center\">Opci\u00f3n de medio d\u00eda<\/h3>\n\n\n\n<p class=\"has-text-align-center\">Our half day option mirrors school district calendars, 4 hours per day. Toddlers attend two days a week yearlong. Preschoolers attend Monday through Thursday for the school year.<\/p>\n\n\n\n<div class=\"wp-block-file\"><a id=\"wp-block-file--media-fdec2fe3-50a4-4a64-ac30-a3d893511128\" href=\"https:\/\/yamhill.demo.webriculture.com\/wp-content\/uploads\/2022\/07\/4-hour-class-schedule.pdf\" target=\"_blank\" rel=\"noreferrer noopener\">Ejemplo de horario de clases de 4 horas<br><\/a><\/div>\n\n\n<div class=\"gb-button-wrapper gb-button-wrapper-9e619b99\">\n\n<a class=\"gb-button gb-button-5ad445fb gb-button-text\" href=\"\/es\/enrollment-application\/\">Inscribir a mi hijo<\/a>\n\n<\/div>\n<\/div><\/div><\/div>\n<\/div>\n<\/div><\/div>","protected":false},"excerpt":{"rendered":"<p>Preescolar<\/p>","protected":false},"author":1,"featured_media":2719,"parent":0,"menu_order":0,"comment_status":"closed","ping_status":"closed","template":"","meta":{"footnotes":""},"class_list":["post-1956","page","type-page","status-publish","has-post-thumbnail"],"featured_image_src":"https:\/\/yamhillheadstart.org\/wp-content\/uploads\/2022\/10\/Banner-3-3-scaled.jpg","_links":{"self":[{"href":"https:\/\/yamhillheadstart.org\/es\/wp-json\/wp\/v2\/pages\/1956","targetHints":{"allow":["GET"]}}],"collection":[{"href":"https:\/\/yamhillheadstart.org\/es\/wp-json\/wp\/v2\/pages"}],"about":[{"href":"https:\/\/yamhillheadstart.org\/es\/wp-json\/wp\/v2\/types\/page"}],"author":[{"embeddable":true,"href":"https:\/\/yamhillheadstart.org\/es\/wp-json\/wp\/v2\/users\/1"}],"replies":[{"embeddable":true,"href":"https:\/\/yamhillheadstart.org\/es\/wp-json\/wp\/v2\/comments?post=1956"}],"version-history":[{"count":39,"href":"https:\/\/yamhillheadstart.org\/es\/wp-json\/wp\/v2\/pages\/1956\/revisions"}],"predecessor-version":[{"id":9808,"href":"https:\/\/yamhillheadstart.org\/es\/wp-json\/wp\/v2\/pages\/1956\/revisions\/9808"}],"wp:featuredmedia":[{"embeddable":true,"href":"https:\/\/yamhillheadstart.org\/es\/wp-json\/wp\/v2\/media\/2719"}],"wp:attachment":[{"href":"https:\/\/yamhillheadstart.org\/es\/wp-json\/wp\/v2\/media?parent=1956"}],"curies":[{"name":"wp","href":"https:\/\/api.w.org\/{rel}","templated":true}]}}