{"id":152,"date":"2022-04-29T12:25:20","date_gmt":"2022-04-29T19:25:20","guid":{"rendered":"https:\/\/beta2.swrforum.com\/?page_id=152"},"modified":"2024-06-27T15:58:25","modified_gmt":"2024-06-27T22:58:25","slug":"transportation","status":"publish","type":"page","link":"https:\/\/yamhillheadstart.org\/es\/transportation\/","title":{"rendered":"Transporte"},"content":{"rendered":"<div style=\"height:50px\" aria-hidden=\"true\" class=\"wp-block-spacer\"><\/div>\n\n\n\n<h1 class=\"wp-block-heading\">Transporte<\/h1>\n\n\n<div class=\"gb-container gb-container-6c985a17\"><div class=\"gb-inside-container\">\n<div class=\"gb-grid-wrapper gb-grid-wrapper-a46f7c75\">\n<div class=\"gb-grid-column gb-grid-column-90b96feb\"><div class=\"gb-container gb-container-90b96feb\"><div class=\"gb-inside-container\">\n\n<h2 class=\"wp-block-heading\"><strong>Servicios de transporte en autob\u00fas<\/strong><\/h2>\n\n\n\n<p class=\"has-medium-font-size\">Nos esforzamos por brindar servicios de autob\u00fas a la mayor cantidad de ni\u00f1os posible para superar lo que consideramos la barrera m\u00e1s grande para la participaci\u00f3n en un condado rural. Nuestros servicios de transporte tienen prioridad para los ni\u00f1os que se encuentran en cuidado de crianza (foster care), las familias que se encuentran sin hogar, la falta de transporte personal y las familias que trabajan.<\/p>\n\n<\/div><\/div><\/div>\n\n<div class=\"gb-grid-column gb-grid-column-d9dc4ea7\"><div class=\"gb-container gb-container-d9dc4ea7\"><div class=\"gb-inside-container\">\n\n<figure class=\"wp-block-image size-full\"><img loading=\"lazy\" decoding=\"async\" width=\"1024\" height=\"683\" src=\"https:\/\/yamhill.demo.webriculture.com\/wp-content\/uploads\/2022\/06\/460.jpeg\" alt=\"\" class=\"wp-image-1459\" srcset=\"https:\/\/yamhillheadstart.org\/wp-content\/uploads\/2022\/06\/460.jpeg 1024w, https:\/\/yamhillheadstart.org\/wp-content\/uploads\/2022\/06\/460-300x200.jpeg 300w, https:\/\/yamhillheadstart.org\/wp-content\/uploads\/2022\/06\/460-768x512.jpeg 768w, https:\/\/yamhillheadstart.org\/wp-content\/uploads\/2022\/06\/460-18x12.jpeg 18w\" sizes=\"auto, (max-width: 1024px) 100vw, 1024px\" \/><\/figure>\n\n<\/div><\/div><\/div>\n<\/div>\n<\/div><\/div>\n\n<div class=\"gb-container gb-container-41e98d8b\"><div class=\"gb-inside-container\"><\/div><\/div>","protected":false},"excerpt":{"rendered":"<p>Transporte<\/p>","protected":false},"author":1,"featured_media":796,"parent":0,"menu_order":0,"comment_status":"closed","ping_status":"closed","template":"","meta":{"footnotes":""},"class_list":["post-152","page","type-page","status-publish","has-post-thumbnail"],"featured_image_src":"https:\/\/yamhillheadstart.org\/wp-content\/uploads\/2022\/05\/415.jpeg","_links":{"self":[{"href":"https:\/\/yamhillheadstart.org\/es\/wp-json\/wp\/v2\/pages\/152","targetHints":{"allow":["GET"]}}],"collection":[{"href":"https:\/\/yamhillheadstart.org\/es\/wp-json\/wp\/v2\/pages"}],"about":[{"href":"https:\/\/yamhillheadstart.org\/es\/wp-json\/wp\/v2\/types\/page"}],"author":[{"embeddable":true,"href":"https:\/\/yamhillheadstart.org\/es\/wp-json\/wp\/v2\/users\/1"}],"replies":[{"embeddable":true,"href":"https:\/\/yamhillheadstart.org\/es\/wp-json\/wp\/v2\/comments?post=152"}],"version-history":[{"count":16,"href":"https:\/\/yamhillheadstart.org\/es\/wp-json\/wp\/v2\/pages\/152\/revisions"}],"predecessor-version":[{"id":6246,"href":"https:\/\/yamhillheadstart.org\/es\/wp-json\/wp\/v2\/pages\/152\/revisions\/6246"}],"wp:featuredmedia":[{"embeddable":true,"href":"https:\/\/yamhillheadstart.org\/es\/wp-json\/wp\/v2\/media\/796"}],"wp:attachment":[{"href":"https:\/\/yamhillheadstart.org\/es\/wp-json\/wp\/v2\/media?parent=152"}],"curies":[{"name":"wp","href":"https:\/\/api.w.org\/{rel}","templated":true}]}}