{"id":150,"date":"2022-04-29T12:24:41","date_gmt":"2022-04-29T19:24:41","guid":{"rendered":"https:\/\/beta2.swrforum.com\/?page_id=150"},"modified":"2022-08-30T13:54:05","modified_gmt":"2022-08-30T20:54:05","slug":"specialized-services","status":"publish","type":"page","link":"https:\/\/yamhillheadstart.org\/es\/specialized-services\/","title":{"rendered":"Servicios Especializdos"},"content":{"rendered":"<div style=\"height:50px\" aria-hidden=\"true\" class=\"wp-block-spacer\"><\/div>\n\n\n\n<h1 class=\"wp-block-heading\">Servicios Especializdos<\/h1>\n\n\n<div class=\"gb-container gb-container-3757d684\"><div class=\"gb-inside-container\">\n<div class=\"gb-grid-wrapper gb-grid-wrapper-d23b48df\">\n<div class=\"gb-grid-column gb-grid-column-510538f2\"><div class=\"gb-container gb-container-510538f2\"><div class=\"gb-inside-container\">\n\n<h2 class=\"wp-block-heading\"><strong>Discapacidades y necesidades especiales<\/strong><\/h2>\n\n\n\n<p class=\"has-medium-font-size\">Los ni\u00f1os que experimentan discapacidades cognitivas, de desarrollo, f\u00edsicas y\/o de aprendizaje son bienvenidos en nuestro programa y se les anima a inscribirse. Nuestro personal capacitado ayuda con las evaluaciones de desarrollo dirigidas por los padres para cada ni\u00f1o, adem\u00e1s de apoyar a los padres a trav\u00e9s del proceso de obtener recursos en la comunidad. Nuestro especialista en inclusi\u00f3n apoya al maestro en la creaci\u00f3n de un ambiente de sal\u00f3n de clases inclusivo para apoyar las necesidades de todos los ni\u00f1os.&nbsp;<\/p>\n\n<\/div><\/div><\/div>\n\n<div class=\"gb-grid-column gb-grid-column-20b1bbee\"><div class=\"gb-container gb-container-20b1bbee\"><div class=\"gb-inside-container\">\n\n<figure class=\"wp-block-image size-large\"><img loading=\"lazy\" decoding=\"async\" width=\"1024\" height=\"683\" src=\"https:\/\/yamhill.demo.webriculture.com\/wp-content\/uploads\/2022\/08\/DSC_0080-1-1024x683.jpg\" alt=\"\" class=\"wp-image-2530\" srcset=\"https:\/\/yamhillheadstart.org\/wp-content\/uploads\/2022\/08\/DSC_0080-1-1024x683.jpg 1024w, https:\/\/yamhillheadstart.org\/wp-content\/uploads\/2022\/08\/DSC_0080-1-300x200.jpg 300w, https:\/\/yamhillheadstart.org\/wp-content\/uploads\/2022\/08\/DSC_0080-1-768x512.jpg 768w, https:\/\/yamhillheadstart.org\/wp-content\/uploads\/2022\/08\/DSC_0080-1-1536x1024.jpg 1536w, https:\/\/yamhillheadstart.org\/wp-content\/uploads\/2022\/08\/DSC_0080-1-2048x1365.jpg 2048w, https:\/\/yamhillheadstart.org\/wp-content\/uploads\/2022\/08\/DSC_0080-1-18x12.jpg 18w\" sizes=\"auto, (max-width: 1024px) 100vw, 1024px\" \/><\/figure>\n\n<\/div><\/div><\/div>\n<\/div>\n<\/div><\/div>\n\n<div class=\"gb-container gb-container-92570c40\"><div class=\"gb-inside-container\">\n<div class=\"gb-grid-wrapper gb-grid-wrapper-ec432ed8 flex-mobile-column-reverse\">\n<div class=\"gb-grid-column gb-grid-column-008e806a\"><div class=\"gb-container gb-container-008e806a\"><div class=\"gb-inside-container\">\n\n<figure class=\"wp-block-image size-large\"><img loading=\"lazy\" decoding=\"async\" width=\"1024\" height=\"768\" src=\"https:\/\/yamhill.demo.webriculture.com\/wp-content\/uploads\/2022\/06\/IMG_2960-1024x768.jpg\" alt=\"\" class=\"wp-image-1819\" srcset=\"https:\/\/yamhillheadstart.org\/wp-content\/uploads\/2022\/06\/IMG_2960-1024x768.jpg 1024w, https:\/\/yamhillheadstart.org\/wp-content\/uploads\/2022\/06\/IMG_2960-300x225.jpg 300w, https:\/\/yamhillheadstart.org\/wp-content\/uploads\/2022\/06\/IMG_2960-768x576.jpg 768w, https:\/\/yamhillheadstart.org\/wp-content\/uploads\/2022\/06\/IMG_2960-1536x1152.jpg 1536w, https:\/\/yamhillheadstart.org\/wp-content\/uploads\/2022\/06\/IMG_2960-2048x1536.jpg 2048w, https:\/\/yamhillheadstart.org\/wp-content\/uploads\/2022\/06\/IMG_2960-16x12.jpg 16w\" sizes=\"auto, (max-width: 1024px) 100vw, 1024px\" \/><\/figure>\n\n<\/div><\/div><\/div>\n\n<div class=\"gb-grid-column gb-grid-column-b5e42e37\"><div class=\"gb-container gb-container-b5e42e37\"><div class=\"gb-inside-container\">\n\n<h2 class=\"wp-block-heading\"><strong>Salud mental<\/strong><\/h2>\n\n\n\n<p class=\"has-medium-font-size\">Tenemos a miembros del personal que son profesionales y consultores de salud mental que brindan apoyo a los ni\u00f1os, las familias y al resto del personal. Realizan observaciones en el salon, observaciones de los ni\u00f1os, y platicas y revisiones relacionadas con los padres y el personal. Tambi\u00e9n trabajamos en estrecha colaboraci\u00f3n con las familias para referirlos a otras agencias o profesionales de la salud mental para que todos los miembros de la familia puedan tener acceso a cualquier apoyo adicional que puedan necesitar.<\/p>\n\n<\/div><\/div><\/div>\n<\/div>\n<\/div><\/div>","protected":false},"excerpt":{"rendered":"<p>Servicios Especializdos<\/p>","protected":false},"author":1,"featured_media":793,"parent":0,"menu_order":0,"comment_status":"closed","ping_status":"closed","template":"","meta":{"footnotes":""},"class_list":["post-150","page","type-page","status-publish","has-post-thumbnail"],"featured_image_src":"https:\/\/yamhillheadstart.org\/wp-content\/uploads\/2022\/05\/459.jpeg","_links":{"self":[{"href":"https:\/\/yamhillheadstart.org\/es\/wp-json\/wp\/v2\/pages\/150","targetHints":{"allow":["GET"]}}],"collection":[{"href":"https:\/\/yamhillheadstart.org\/es\/wp-json\/wp\/v2\/pages"}],"about":[{"href":"https:\/\/yamhillheadstart.org\/es\/wp-json\/wp\/v2\/types\/page"}],"author":[{"embeddable":true,"href":"https:\/\/yamhillheadstart.org\/es\/wp-json\/wp\/v2\/users\/1"}],"replies":[{"embeddable":true,"href":"https:\/\/yamhillheadstart.org\/es\/wp-json\/wp\/v2\/comments?post=150"}],"version-history":[{"count":25,"href":"https:\/\/yamhillheadstart.org\/es\/wp-json\/wp\/v2\/pages\/150\/revisions"}],"predecessor-version":[{"id":2531,"href":"https:\/\/yamhillheadstart.org\/es\/wp-json\/wp\/v2\/pages\/150\/revisions\/2531"}],"wp:featuredmedia":[{"embeddable":true,"href":"https:\/\/yamhillheadstart.org\/es\/wp-json\/wp\/v2\/media\/793"}],"wp:attachment":[{"href":"https:\/\/yamhillheadstart.org\/es\/wp-json\/wp\/v2\/media?parent=150"}],"curies":[{"name":"wp","href":"https:\/\/api.w.org\/{rel}","templated":true}]}}