{"id":148,"date":"2022-04-29T12:24:01","date_gmt":"2022-04-29T19:24:01","guid":{"rendered":"https:\/\/beta2.swrforum.com\/?page_id=148"},"modified":"2025-09-04T16:19:14","modified_gmt":"2025-09-04T23:19:14","slug":"health-and-nutrition","status":"publish","type":"page","link":"https:\/\/yamhillheadstart.org\/es\/health-and-nutrition\/","title":{"rendered":"Salud y Nutrici\u00f3n"},"content":{"rendered":"<div style=\"height:49px\" aria-hidden=\"true\" class=\"wp-block-spacer\"><\/div>\n\n\n\n<h1 class=\"wp-block-heading\">Salud y Nutrici\u00f3n<\/h1>\n\n\n<div class=\"gb-container gb-container-b771285d\"><div class=\"gb-inside-container\">\n<div class=\"gb-grid-wrapper gb-grid-wrapper-e83852b0\">\n<div class=\"gb-grid-column gb-grid-column-f8e0295b\"><div class=\"gb-container gb-container-f8e0295b\"><div class=\"gb-inside-container\">\n\n<h3 class=\"wp-block-heading\"><strong>Salud<\/strong><\/h3>\n\n\n\n<p class=\"has-medium-font-size\">Head Start provee ex\u00e1menes de audici\u00f3n, visi\u00f3n y dentales para todos los ni\u00f1os inscritos. Trabajamos con las familias para garantizar que tengan un hogar m\u00e9dico y dental para ayudar en el seguimiento de cualquier inquietud.&nbsp;<\/p>\n\n\n\n<div class=\"wp-block-file\"><a id=\"wp-block-file--media-d5783391-691f-4720-895c-e8ae2c092f30\" href=\"https:\/\/yamhillheadstart.org\/wp-content\/uploads\/2025\/03\/HSYC-Immunization-Data-March-2025.pdf\" target=\"_blank\" rel=\"noreferrer noopener\">HSYC Immunization Data March 2025 English<\/a><a href=\"https:\/\/yamhillheadstart.org\/wp-content\/uploads\/2025\/03\/HSYC-Immunization-Data-March-2025.pdf\" class=\"wp-block-file__button wp-element-button\" download aria-describedby=\"wp-block-file--media-d5783391-691f-4720-895c-e8ae2c092f30\">Descargar<\/a><\/div>\n\n\n\n<div class=\"wp-block-file\"><a id=\"wp-block-file--media-efc0febc-1bd6-47eb-b57b-fb2f6139b363\" href=\"https:\/\/yamhillheadstart.org\/wp-content\/uploads\/2025\/03\/HSYC-Immunization-Data-March-2025-Spanish.pdf\" target=\"_blank\" rel=\"noreferrer noopener\">HSYC Immunization Data March 2025 Spanish<\/a><a href=\"https:\/\/yamhillheadstart.org\/wp-content\/uploads\/2025\/03\/HSYC-Immunization-Data-March-2025-Spanish.pdf\" class=\"wp-block-file__button wp-element-button\" download aria-describedby=\"wp-block-file--media-efc0febc-1bd6-47eb-b57b-fb2f6139b363\">Descargar<\/a><\/div>\n\n\n\n<div class=\"wp-block-file\"><a id=\"wp-block-file--media-89d2dad1-1f1e-4eb9-8fc3-548fc243dac1\" href=\"https:\/\/yamhillheadstart.org\/wp-content\/uploads\/2025\/03\/Yamhill-County-Immunization-Data-March-2024.pdf\">Yamhill County Immunization Data March 2024<\/a><a href=\"https:\/\/yamhillheadstart.org\/wp-content\/uploads\/2025\/03\/Yamhill-County-Immunization-Data-March-2024.pdf\" class=\"wp-block-file__button wp-element-button\" download aria-describedby=\"wp-block-file--media-89d2dad1-1f1e-4eb9-8fc3-548fc243dac1\">Descargar<\/a><\/div>\n\n<\/div><\/div><\/div>\n\n<div class=\"gb-grid-column gb-grid-column-5593b1c0\"><div class=\"gb-container gb-container-5593b1c0\"><div class=\"gb-inside-container\">\n<div class=\"gb-container gb-container-60d84a54\"><div class=\"gb-inside-container\">\n\n<figure class=\"wp-block-image size-large\"><img loading=\"lazy\" decoding=\"async\" width=\"1024\" height=\"683\" src=\"https:\/\/yamhill.demo.webriculture.com\/wp-content\/uploads\/2022\/08\/DSC_0926-2-1024x683.jpg\" alt=\"\" class=\"wp-image-2526\" srcset=\"https:\/\/yamhillheadstart.org\/wp-content\/uploads\/2022\/08\/DSC_0926-2-1024x683.jpg 1024w, https:\/\/yamhillheadstart.org\/wp-content\/uploads\/2022\/08\/DSC_0926-2-300x200.jpg 300w, https:\/\/yamhillheadstart.org\/wp-content\/uploads\/2022\/08\/DSC_0926-2-768x512.jpg 768w, https:\/\/yamhillheadstart.org\/wp-content\/uploads\/2022\/08\/DSC_0926-2-1536x1025.jpg 1536w, https:\/\/yamhillheadstart.org\/wp-content\/uploads\/2022\/08\/DSC_0926-2-2048x1366.jpg 2048w, https:\/\/yamhillheadstart.org\/wp-content\/uploads\/2022\/08\/DSC_0926-2-18x12.jpg 18w\" sizes=\"auto, (max-width: 1024px) 100vw, 1024px\" \/><\/figure>\n\n<\/div><\/div>\n<\/div><\/div><\/div>\n<\/div>\n<\/div><\/div>\n\n<div class=\"gb-container gb-container-b60ae20e\"><div class=\"gb-inside-container\">\n<div class=\"gb-grid-wrapper gb-grid-wrapper-16c0905d flex-mobile-column-reverse\">\n<div class=\"gb-grid-column gb-grid-column-7861378e\"><div class=\"gb-container gb-container-7861378e\"><div class=\"gb-inside-container\">\n\n<figure class=\"wp-block-image size-large\"><img loading=\"lazy\" decoding=\"async\" width=\"1024\" height=\"683\" src=\"https:\/\/yamhill.demo.webriculture.com\/wp-content\/uploads\/2022\/08\/DSC_0950-1024x683.jpg\" alt=\"\" class=\"wp-image-2528\" srcset=\"https:\/\/yamhillheadstart.org\/wp-content\/uploads\/2022\/08\/DSC_0950-1024x683.jpg 1024w, https:\/\/yamhillheadstart.org\/wp-content\/uploads\/2022\/08\/DSC_0950-300x200.jpg 300w, https:\/\/yamhillheadstart.org\/wp-content\/uploads\/2022\/08\/DSC_0950-768x512.jpg 768w, https:\/\/yamhillheadstart.org\/wp-content\/uploads\/2022\/08\/DSC_0950-1536x1024.jpg 1536w, https:\/\/yamhillheadstart.org\/wp-content\/uploads\/2022\/08\/DSC_0950-2048x1365.jpg 2048w, https:\/\/yamhillheadstart.org\/wp-content\/uploads\/2022\/08\/DSC_0950-18x12.jpg 18w\" sizes=\"auto, (max-width: 1024px) 100vw, 1024px\" \/><\/figure>\n\n<\/div><\/div><\/div>\n\n<div class=\"gb-grid-column gb-grid-column-a8fdfc71\"><div class=\"gb-container gb-container-a8fdfc71\"><div class=\"gb-inside-container\">\n\n<h3 class=\"wp-block-heading has-text-align-left\"><strong>Nutrici\u00f3n<\/strong><\/h3>\n\n\n\n<p class=\"has-medium-font-size\">Los ni\u00f1os que asisten a Head Start reciben comidas gratuitas, saludables y nutritivas preparadas por nuestro personal de cocina capacitado. Todas las comidas y refrigerios cumplen con las pautas del Programa de Alimentos para el Cuidado de Ni\u00f1os y Adultos del USDA. Las comidas se sirven al estilo familiar, lo que permite a los ni\u00f1os la oportunidad de servirse solos y practicar sentarse a la mesa.<\/p>\n\n<\/div><\/div><\/div>\n<\/div>\n<\/div><\/div>\n\n\n<p>De acuerdo con la ley federal de derechos civiles y las normas y pol\u00edticas de derechos civiles del Departamento de Agricultura de los Estados Unidos (USDA), esta entidad est\u00e1 prohibida de discriminar por motivos de raza, color, origen nacional, sexo (incluyendo identidad de g\u00e9nero y orientaci\u00f3n sexual), discapacidad, edad, o represalia o retorsi\u00f3n por actividades previas de derechos civiles. <\/p>\n\n\n\n<p>La informaci\u00f3n sobre el programa puede estar disponible en otros idiomas que no sean el ingl\u00e9s. Las personas con discapacidades que requieren medios alternos de comunicaci\u00f3n para obtener la informaci\u00f3n del programa (por ejemplo, Braille, letra grande, cinta de audio, lenguaje de se\u00f1as americano (ASL), etc.) deben comunicarse con la agencia local o estatal responsable de administrar el programa o con el Centro TARGET del USDA al (202) 720-2600 (voz y TTY) o comun\u00edquese con el USDA a trav\u00e9s del Servicio Federal de Retransmisi\u00f3n al (800) 877-8339. <\/p>\n\n\n\n<p>Para presentar una queja por discriminaci\u00f3n en el programa, el reclamante debe llenar un formulario AD-3027, formulario de queja por discriminaci\u00f3n en el programa del USDA, el cual puede obtenerse en l\u00ednea en: https:\/\/www.usda.gov\/sites\/default\/files\/documents\/ad-3027s.pdf, de cualquier oficina de USDA, llamando al (866) 632-9992, o escribiendo una carta dirigida a USDA. La carta debe contener el nombre del demandante, la direcci\u00f3n, el n\u00famero de tel\u00e9fono y una descripci\u00f3n escrita de la acci\u00f3n discriminatoria alegada con suficiente detalle para informar al Subsecretario de Derechos Civiles (ASCR) sobre la naturaleza y fecha de una presunta violaci\u00f3n de derechos civiles. El formulario AD-3027 completado o la carta debe presentarse a USDA por: U.S. Department of Agriculture Office of the Assistant Secretary for Civil Rights 1400 Independence Avenue, SW Washington, D.C. 20250-9410; o fax: (833) 256-1665 o (202) 690-7442; o correo electronico: program.intake@usda.gov. <\/p>\n\n\n\n<p>Asistencia gratuita con el idioma, ayudas auxiliares y\/o adaptaciones est\u00e1n disponibles a solicitud. Por favor, p\u00f3ngase en contacto con nuestra oficina administrativa al 503-472-2000 o por correo electr\u00f3nico a\u00a0<strong>info@yamhillheadstart.org<\/strong>. HSYC es un proveedor que ofrece igualdad de oportunidades.<\/p>\n\n\n\n<p><\/p>","protected":false},"excerpt":{"rendered":"<p>Health &amp; Nutrition In accordance with Federal law and U.S. Department of Agriculture (USDA) civil rights regulations and policies, this institution is prohibited from discriminating on the basis of race, color, national origin, sex (including gender identity and sexual orientation), age, disability, and reprisal or retaliation for prior civil rights activity. Program information may be &#8230; <a title=\"Health &#038; Nutrition\" class=\"read-more\" href=\"https:\/\/yamhillheadstart.org\/es\/health-and-nutrition\/\" aria-label=\"More on Health &#038; Nutrition\">Read more<\/a><\/p>","protected":false},"author":1,"featured_media":799,"parent":0,"menu_order":0,"comment_status":"closed","ping_status":"closed","template":"","meta":{"footnotes":""},"class_list":["post-148","page","type-page","status-publish","has-post-thumbnail"],"featured_image_src":"https:\/\/yamhillheadstart.org\/wp-content\/uploads\/2022\/05\/457.jpg","_links":{"self":[{"href":"https:\/\/yamhillheadstart.org\/es\/wp-json\/wp\/v2\/pages\/148","targetHints":{"allow":["GET"]}}],"collection":[{"href":"https:\/\/yamhillheadstart.org\/es\/wp-json\/wp\/v2\/pages"}],"about":[{"href":"https:\/\/yamhillheadstart.org\/es\/wp-json\/wp\/v2\/types\/page"}],"author":[{"embeddable":true,"href":"https:\/\/yamhillheadstart.org\/es\/wp-json\/wp\/v2\/users\/1"}],"replies":[{"embeddable":true,"href":"https:\/\/yamhillheadstart.org\/es\/wp-json\/wp\/v2\/comments?post=148"}],"version-history":[{"count":61,"href":"https:\/\/yamhillheadstart.org\/es\/wp-json\/wp\/v2\/pages\/148\/revisions"}],"predecessor-version":[{"id":9614,"href":"https:\/\/yamhillheadstart.org\/es\/wp-json\/wp\/v2\/pages\/148\/revisions\/9614"}],"wp:featuredmedia":[{"embeddable":true,"href":"https:\/\/yamhillheadstart.org\/es\/wp-json\/wp\/v2\/media\/799"}],"wp:attachment":[{"href":"https:\/\/yamhillheadstart.org\/es\/wp-json\/wp\/v2\/media?parent=148"}],"curies":[{"name":"wp","href":"https:\/\/api.w.org\/{rel}","templated":true}]}}