{"id":138,"date":"2022-04-29T12:18:47","date_gmt":"2022-04-29T19:18:47","guid":{"rendered":"https:\/\/beta2.swrforum.com\/?page_id=138"},"modified":"2024-10-22T09:13:07","modified_gmt":"2024-10-22T16:13:07","slug":"all-programs","status":"publish","type":"page","link":"https:\/\/yamhillheadstart.org\/es\/all-programs\/","title":{"rendered":"Nuestros Programas"},"content":{"rendered":"<div style=\"height:50px\" aria-hidden=\"true\" class=\"wp-block-spacer\"><\/div>\n\n\n\n<h1 class=\"wp-block-heading\">Programas disponibles<\/h1>\n\n\n<div class=\"gb-container gb-container-17981389\"><div class=\"gb-inside-container\">\n\n<p class=\"has-medium-font-size\">Head Start of Yamhill County brinda servicios gratuitos para ni\u00f1os en un programa integral de educaci\u00f3n y cuidado de la primera infancia centrado en la familia. <\/p>\n\n\n\n<p class=\"has-medium-font-size\">Atendemos a ni\u00f1os y familias desde el momento prenatal hasta que hacen la transici\u00f3n al jard\u00edn de infantes.<\/p>\n\n\n\n<p class=\"has-medium-font-size\">El fundamento de nuestro programa es la participaci\u00f3n y educaci\u00f3n de los padres. Nuestro personal colabora con los padres para apoyar el desarrollo de cada ni\u00f1o de una manera que respete las necesidades, culturas y valores de las familias.<\/p>\n\n<\/div><\/div>\n\n<div class=\"gb-container gb-container-df1b80d8\"><div class=\"gb-inside-container\">\n\n<div class=\"wp-block-columns is-layout-flex wp-container-core-columns-is-layout-9d6595d7 wp-block-columns-is-layout-flex\">\n<div class=\"wp-block-column is-layout-flow wp-block-column-is-layout-flow\" style=\"flex-basis:100%\">\n<div class=\"wp-block-columns is-layout-flex wp-container-core-columns-is-layout-9d6595d7 wp-block-columns-is-layout-flex\">\n<div class=\"wp-block-column is-layout-flow wp-block-column-is-layout-flow\" style=\"flex-basis:100%\"><div class=\"gb-grid-wrapper gb-grid-wrapper-4e668881\">\n<div class=\"gb-grid-column gb-grid-column-07d22473\"><div class=\"gb-container gb-container-07d22473\"><div class=\"gb-inside-container\">\n<div class=\"oxi-addons-container   oxi-addons-flipbox-template-style1\">        <div class=\"oxilab-flip-box-wrapper\">\n                                <div class=\"oxilab-flip-box-col-1 oxilab-flip-box-padding-1\"\n                        sa-data-animation=\"\"\n                        sa-data-animation-offset=\"100%\"\n                        sa-data-animation-delay=\"0ms\"\n                        sa-data-animation-duration=\" 2000ms\"\n                        >\n                        <div class=\"oxilab-flip-box-body-1 oxilab-flip-box-body-1-1\">\n                                                        <div class=\"oxilab-flip-box-body-absulote\">\n                                <div class=\"oxilab-flip-box-flip oxilab-flip-box-flip-left-to-right\">\n                                    <div class=\"oxilab-flip-box-style-data easing_easeInOutCirc\">\n                                        <div class=\"oxilab-flip-box-style\">\n                                            <div class=\"oxilab-flip-box-front\">\n                                                <div class=\"oxilab-flip-box-1\">\n                                                    <div class=\"oxilab-flip-box-1-data\">\n                                                        <div class=\"oxilab-flip-box-1-image\">\n                                                            <img decoding=\"async\" src=\"https:\/\/yamhill.demo.webriculture.com\/wp-content\/uploads\/2022\/09\/headstart.jpeg\" \n                                                            alt=\"\"                                                            >\n\n                                                            <div class=\"oxilab-flip-box-1-image-icon\">\n                                                                        <i class=\"fas fa-star oxi-icons\"><\/i>\n                                                                    <\/div>\n                                                        <\/div>\n                                                        <div class=\"oxilab-flip-box-1-heading\">\n                                                            <div class=\"oxilab-flip-box-1-heading-data\">\n                                                                Preescolar                                                            <\/div>\n                                                        <\/div>\n                                                    <\/div>\n                                                <\/div>\n                                            <\/div>\n                                            <div class=\"oxilab-flip-box-back\">\n                                                <div class=\"oxilab-flip-box-back-1\">\n                                                    <div class=\"oxilab-flip-box-back-1-data\">\n                                                        <div class=\"oxilab-flip-box-back-1-file\">\n                                                            <div class=\"oxilab-info\">\n                                                                Nuestro programa preescolar es para ni\u00f1os de 3 a 5 a\u00f1os y se enfoca en la preparaci\u00f3n escolar.                                                            <\/div>\n                                                                                                                            <div class=\"oxilab-button\">\n                                                                    <a href=\"\/es\/head-start\/\" target=\"\">\n                                                                        <span class=\"oxilab-button-data\">\n                                                                            Aprenda mas                                                                        <\/span>\n                                                                    <\/a>\n                                                                <\/div>\n                                                                                                                        <\/div>\n                                                    <\/div>\n                                                <\/div>\n                                            <\/div>\n                                        <\/div>\n                                    <\/div>\n                                <\/div>\n                            <\/div>\n                                                    <\/div>\n\n                                            <\/div>\n                    \n        <\/div>\n            <\/div>\n\n<\/div><\/div><\/div>\n\n<div class=\"gb-grid-column gb-grid-column-20998b00\"><div class=\"gb-container gb-container-20998b00\"><div class=\"gb-inside-container\">\n<div class=\"oxi-addons-container   oxi-addons-flipbox-template-style1\">        <div class=\"oxilab-flip-box-wrapper\">\n                                <div class=\"oxilab-flip-box-col-1 oxilab-flip-box-padding-3\"\n                        sa-data-animation=\"\"\n                        sa-data-animation-offset=\"100%\"\n                        sa-data-animation-delay=\"0ms\"\n                        sa-data-animation-duration=\" 2000ms\"\n                        >\n                        <div class=\"oxilab-flip-box-body-3 oxilab-flip-box-body-3-3\">\n                                                        <div class=\"oxilab-flip-box-body-absulote\">\n                                <div class=\"oxilab-flip-box-flip oxilab-flip-box-flip-left-to-right\">\n                                    <div class=\"oxilab-flip-box-style-data easing_easeInOutCirc\">\n                                        <div class=\"oxilab-flip-box-style\">\n                                            <div class=\"oxilab-flip-box-front\">\n                                                <div class=\"oxilab-flip-box-3\">\n                                                    <div class=\"oxilab-flip-box-3-data\">\n                                                        <div class=\"oxilab-flip-box-3-image\">\n                                                            <img decoding=\"async\" src=\"https:\/\/yamhillheadstart.org\/wp-content\/uploads\/2024\/06\/DSC_0007-scaled.jpg\" \n                                                            alt=\"\"                                                            >\n\n                                                            <div class=\"oxilab-flip-box-3-image-icon\">\n                                                                        <i class=\"fas fa-star oxi-icons\"><\/i>\n                                                                    <\/div>\n                                                        <\/div>\n                                                        <div class=\"oxilab-flip-box-3-heading\">\n                                                            <div class=\"oxilab-flip-box-3-heading-data\">\n                                                                Dos A\u00f1os                                                            <\/div>\n                                                        <\/div>\n                                                    <\/div>\n                                                <\/div>\n                                            <\/div>\n                                            <div class=\"oxilab-flip-box-back\">\n                                                <div class=\"oxilab-flip-box-back-3\">\n                                                    <div class=\"oxilab-flip-box-back-3-data\">\n                                                        <div class=\"oxilab-flip-box-back-3-file\">\n                                                            <div class=\"oxilab-info\">\n                                                                Nuestro programa para ni\u00f1os de dos a\u00f1os es para ni\u00f1os que cumplen 24 meses antes del 1 de septiembre y los prepara para el preescolar.                                                            <\/div>\n                                                                                                                            <div class=\"oxilab-button\">\n                                                                    <a href=\"\/es\/toddler\/\" target=\"\">\n                                                                        <span class=\"oxilab-button-data\">\n                                                                            Aprenda mas                                                                        <\/span>\n                                                                    <\/a>\n                                                                <\/div>\n                                                                                                                        <\/div>\n                                                    <\/div>\n                                                <\/div>\n                                            <\/div>\n                                        <\/div>\n                                    <\/div>\n                                <\/div>\n                            <\/div>\n                                                    <\/div>\n\n                                            <\/div>\n                    \n        <\/div>\n            <\/div>\n\n<\/div><\/div><\/div>\n\n<div class=\"gb-grid-column gb-grid-column-75296318\"><div class=\"gb-container gb-container-75296318\"><div class=\"gb-inside-container\">\n<div class=\"oxi-addons-container   oxi-addons-flipbox-template-style1\">        <div class=\"oxilab-flip-box-wrapper\">\n                                <div class=\"oxilab-flip-box-col-1 oxilab-flip-box-padding-2\"\n                        sa-data-animation=\"\"\n                        sa-data-animation-offset=\"100%\"\n                        sa-data-animation-delay=\"0ms\"\n                        sa-data-animation-duration=\" 2000ms\"\n                        >\n                        <div class=\"oxilab-flip-box-body-2 oxilab-flip-box-body-2-2\">\n                                                        <div class=\"oxilab-flip-box-body-absulote\">\n                                <div class=\"oxilab-flip-box-flip oxilab-flip-box-flip-left-to-right\">\n                                    <div class=\"oxilab-flip-box-style-data easing_easeInOutCirc\">\n                                        <div class=\"oxilab-flip-box-style\">\n                                            <div class=\"oxilab-flip-box-front\">\n                                                <div class=\"oxilab-flip-box-2\">\n                                                    <div class=\"oxilab-flip-box-2-data\">\n                                                        <div class=\"oxilab-flip-box-2-image\">\n                                                            <img decoding=\"async\" src=\"https:\/\/yamhill.demo.webriculture.com\/wp-content\/uploads\/2022\/09\/earlylearning.jpeg\" \n                                                            alt=\"\"                                                            >\n\n                                                            <div class=\"oxilab-flip-box-2-image-icon\">\n                                                                        <i class=\"fas fa-star oxi-icons\"><\/i>\n                                                                    <\/div>\n                                                        <\/div>\n                                                        <div class=\"oxilab-flip-box-2-heading\">\n                                                            <div class=\"oxilab-flip-box-2-heading-data\">\n                                                                Early Head Start                                                            <\/div>\n                                                        <\/div>\n                                                    <\/div>\n                                                <\/div>\n                                            <\/div>\n                                            <div class=\"oxilab-flip-box-back\">\n                                                <div class=\"oxilab-flip-box-back-2\">\n                                                    <div class=\"oxilab-flip-box-back-2-data\">\n                                                        <div class=\"oxilab-flip-box-back-2-file\">\n                                                            <div class=\"oxilab-info\">\n                                                                Nuestro programa Early Head Start es para beb\u00e9s, ni\u00f1os peque\u00f1os y personas embarazadas.                                                            <\/div>\n                                                                                                                            <div class=\"oxilab-button\">\n                                                                    <a href=\"\/es\/early-head-start\/\" target=\"\">\n                                                                        <span class=\"oxilab-button-data\">\n                                                                            Aprenda mas                                                                        <\/span>\n                                                                    <\/a>\n                                                                <\/div>\n                                                                                                                        <\/div>\n                                                    <\/div>\n                                                <\/div>\n                                            <\/div>\n                                        <\/div>\n                                    <\/div>\n                                <\/div>\n                            <\/div>\n                                                    <\/div>\n\n                                            <\/div>\n                    \n        <\/div>\n            <\/div>\n\n<\/div><\/div><\/div>\n<\/div><\/div>\n<\/div>\n<\/div>\n<\/div>\n\n<\/div><\/div>","protected":false},"excerpt":{"rendered":"<p>Programs We Offer Head Start of Yamhill County provides free services for children in a comprehensive, family-focused, early childhood care and education program. We serve children and families prenatally until they transition to kindergarten. The cornerstone of our program is parent involvement and education. Our staff partner with parents to support the development of each &#8230; <a title=\"Nuestros Programas\" class=\"read-more\" href=\"https:\/\/yamhillheadstart.org\/es\/all-programs\/\" aria-label=\"More on All Programs\">Read more<\/a><\/p>","protected":false},"author":1,"featured_media":2717,"parent":0,"menu_order":0,"comment_status":"closed","ping_status":"closed","template":"","meta":{"footnotes":""},"class_list":["post-138","page","type-page","status-publish","has-post-thumbnail"],"featured_image_src":"https:\/\/yamhillheadstart.org\/wp-content\/uploads\/2022\/10\/Banner-1-4-scaled.jpg","_links":{"self":[{"href":"https:\/\/yamhillheadstart.org\/es\/wp-json\/wp\/v2\/pages\/138","targetHints":{"allow":["GET"]}}],"collection":[{"href":"https:\/\/yamhillheadstart.org\/es\/wp-json\/wp\/v2\/pages"}],"about":[{"href":"https:\/\/yamhillheadstart.org\/es\/wp-json\/wp\/v2\/types\/page"}],"author":[{"embeddable":true,"href":"https:\/\/yamhillheadstart.org\/es\/wp-json\/wp\/v2\/users\/1"}],"replies":[{"embeddable":true,"href":"https:\/\/yamhillheadstart.org\/es\/wp-json\/wp\/v2\/comments?post=138"}],"version-history":[{"count":124,"href":"https:\/\/yamhillheadstart.org\/es\/wp-json\/wp\/v2\/pages\/138\/revisions"}],"predecessor-version":[{"id":7285,"href":"https:\/\/yamhillheadstart.org\/es\/wp-json\/wp\/v2\/pages\/138\/revisions\/7285"}],"wp:featuredmedia":[{"embeddable":true,"href":"https:\/\/yamhillheadstart.org\/es\/wp-json\/wp\/v2\/media\/2717"}],"wp:attachment":[{"href":"https:\/\/yamhillheadstart.org\/es\/wp-json\/wp\/v2\/media?parent=138"}],"curies":[{"name":"wp","href":"https:\/\/api.w.org\/{rel}","templated":true}]}}