{"id":106,"date":"2022-04-28T15:20:07","date_gmt":"2022-04-28T22:20:07","guid":{"rendered":"https:\/\/beta2.swrforum.com\/?page_id=106"},"modified":"2026-04-08T08:15:24","modified_gmt":"2026-04-08T15:15:24","slug":"current-job-openings","status":"publish","type":"page","link":"https:\/\/yamhillheadstart.org\/es\/current-job-openings\/","title":{"rendered":"Puestos Disponibles"},"content":{"rendered":"<div class=\"gb-container gb-container-5c495aec\"><div class=\"gb-inside-container\">\n\n<div style=\"height:50px\" aria-hidden=\"true\" class=\"wp-block-spacer\"><\/div>\n\n\n\n<h1 class=\"wp-block-heading\">\u00a1Unase a nuestro equipo! <\/h1>\n\n\n\n<p class=\"has-medium-font-size\">\u00bfEst\u00e1 interesado en unirse a la familia HSYC? \u00a1Creemos que nuestros empleados son nuestro recurso m\u00e1s valioso! Estamos comprometidos a crear un ambiente que apoye el crecimiento personal y el aprendizaje. Sea parte de un equipo que crea oportunidades para que los ni\u00f1os y las familias prosperen y crezcan.<\/p>\n\n\n<div class=\"gb-container gb-container-9f573935\"><div class=\"gb-inside-container\">\n<div class=\"gb-grid-wrapper gb-grid-wrapper-61ffb05a\">\n<div class=\"gb-grid-column gb-grid-column-4dea8294\"><div class=\"gb-container gb-container-4dea8294\"><div class=\"gb-inside-container\">\n\n<h2 class=\"wp-block-heading\">Res\u00famen de beneficios<\/h2>\n\n\n\n<p>Ofrecemos salarios competitivos y beneficios durante todo el a\u00f1o a los empleados que trabajan al menos 30 horas por semana.<\/p>\n\n\n<ul style=\"padding-left: 1.1em; text-align: left; --ub-list-item-icon-top: 3px;; --ub-list-item-icon-size: 0.9em; --ub-list-item-background-image: url('data:image\/svg+xml;utf8,&lt;svg xmlns=&quot;http:\/\/www.w3.org\/2000\/svg&quot; viewBox=&quot;0 0 512 512&quot;&gt;&lt;path fill=&quot;%23000000&quot; d=&quot;M470.6 105.4c12.5 12.5 12.5 32.8 0 45.3l-256 256c-12.5 12.5-32.8 12.5-45.3 0l-128-128c-12.5-12.5-12.5-32.8 0-45.3s32.8-12.5 45.3 0L192 338.7 425.4 105.4c12.5-12.5 32.8-12.5 45.3 0z&quot;&gt;&lt;\/path&gt;&lt;\/svg&gt;'); --ub-list-item-fa-li-top: 3px; --ub-list-item-spacing: 0px; \" class=\"wp-block-ub-styled-list ub_styled_list\" id=\"ub_styled_list-98ced89b-b03a-4c8a-9f58-25d0a02baa18\"><div class=\"ub-block-list__layout\" style=\"text-align: left; column-count: 1; --ub-list-mobile-column-count: 1; \">\n<li class=\"ub_styled_list_item\" style=\"--ub-list-item-icon-top: 3px; --ub-list-item-icon-size: 0.9em; --ub-list-item-background-image: url('data:image\/svg+xml;utf8,&lt;svg xmlns=&quot;http:\/\/www.w3.org\/2000\/svg&quot; viewBox=&quot;0 0 512 512&quot;&gt;&lt;path fill=&quot;%23000000&quot; d=&quot;M470.6 105.4c12.5 12.5 12.5 32.8 0 45.3l-256 256c-12.5 12.5-32.8 12.5-45.3 0l-128-128c-12.5-12.5-12.5-32.8 0-45.3s32.8-12.5 45.3 0L192 338.7 425.4 105.4c12.5-12.5 32.8-12.5 45.3 0z&quot;&gt;&lt;\/path&gt;&lt;\/svg&gt;'); \" id=\"ub-styled-list-item-7aff8587-5578-4900-a981-bcdd1320f34b\">\n\t\t\t<div class=\"ub_list_item_content\">\n\t\t\t\t<span class=\"ub_list_item_icon\">\n\t\t\t\t\t<svg width=\"0.9em\" height=\"0.9em\" xmlns=\"http:\/\/www.w3.org\/2000\/svg\" viewbox=\"0 0 512 512\"><path fill=\"#000000\" d=\"M470.6 105.4c12.5 12.5 12.5 32.8 0 45.3l-256 256c-12.5 12.5-32.8 12.5-45.3 0l-128-128c-12.5-12.5-12.5-32.8 0-45.3s32.8-12.5 45.3 0L192 338.7 425.4 105.4c12.5-12.5 32.8-12.5 45.3 0z\"><\/path><\/svg>\n\t\t\t\t<\/span>\n\t\t\t\t<span class=\"ub_list_item_text\">Seguro m\u00e9dico<\/span>\n\t\t\t<\/div>\n\t\t\t\n\t\t<\/li>\n\n<li class=\"ub_styled_list_item\" style=\"--ub-list-item-icon-top: 3px; --ub-list-item-icon-size: 0.9em; --ub-list-item-background-image: url('data:image\/svg+xml;utf8,&lt;svg xmlns=&quot;http:\/\/www.w3.org\/2000\/svg&quot; viewBox=&quot;0 0 512 512&quot;&gt;&lt;path fill=&quot;%23000000&quot; d=&quot;M470.6 105.4c12.5 12.5 12.5 32.8 0 45.3l-256 256c-12.5 12.5-32.8 12.5-45.3 0l-128-128c-12.5-12.5-12.5-32.8 0-45.3s32.8-12.5 45.3 0L192 338.7 425.4 105.4c12.5-12.5 32.8-12.5 45.3 0z&quot;&gt;&lt;\/path&gt;&lt;\/svg&gt;'); \" id=\"ub-styled-list-item-7b371b9e-a2f4-406a-9c66-d62bcccbc0d3\">\n\t\t\t<div class=\"ub_list_item_content\">\n\t\t\t\t<span class=\"ub_list_item_icon\">\n\t\t\t\t\t<svg width=\"0.9em\" height=\"0.9em\" xmlns=\"http:\/\/www.w3.org\/2000\/svg\" viewbox=\"0 0 512 512\"><path fill=\"#000000\" d=\"M470.6 105.4c12.5 12.5 12.5 32.8 0 45.3l-256 256c-12.5 12.5-32.8 12.5-45.3 0l-128-128c-12.5-12.5-12.5-32.8 0-45.3s32.8-12.5 45.3 0L192 338.7 425.4 105.4c12.5-12.5 32.8-12.5 45.3 0z\"><\/path><\/svg>\n\t\t\t\t<\/span>\n\t\t\t\t<span class=\"ub_list_item_text\">Seguro dental<\/span>\n\t\t\t<\/div>\n\t\t\t\n\t\t<\/li>\n\n<li class=\"ub_styled_list_item\" style=\"--ub-list-item-icon-top: 3px; --ub-list-item-icon-size: 0.9em; --ub-list-item-background-image: url('data:image\/svg+xml;utf8,&lt;svg xmlns=&quot;http:\/\/www.w3.org\/2000\/svg&quot; viewBox=&quot;0 0 512 512&quot;&gt;&lt;path fill=&quot;%23000000&quot; d=&quot;M470.6 105.4c12.5 12.5 12.5 32.8 0 45.3l-256 256c-12.5 12.5-32.8 12.5-45.3 0l-128-128c-12.5-12.5-12.5-32.8 0-45.3s32.8-12.5 45.3 0L192 338.7 425.4 105.4c12.5-12.5 32.8-12.5 45.3 0z&quot;&gt;&lt;\/path&gt;&lt;\/svg&gt;'); \" id=\"ub-styled-list-item-41b1ee8c-cb33-4615-b437-4fb77a122e86\">\n\t\t\t<div class=\"ub_list_item_content\">\n\t\t\t\t<span class=\"ub_list_item_icon\">\n\t\t\t\t\t<svg width=\"0.9em\" height=\"0.9em\" xmlns=\"http:\/\/www.w3.org\/2000\/svg\" viewbox=\"0 0 512 512\"><path fill=\"#000000\" d=\"M470.6 105.4c12.5 12.5 12.5 32.8 0 45.3l-256 256c-12.5 12.5-32.8 12.5-45.3 0l-128-128c-12.5-12.5-12.5-32.8 0-45.3s32.8-12.5 45.3 0L192 338.7 425.4 105.4c12.5-12.5 32.8-12.5 45.3 0z\"><\/path><\/svg>\n\t\t\t\t<\/span>\n\t\t\t\t<span class=\"ub_list_item_text\">Seguro de vista<\/span>\n\t\t\t<\/div>\n\t\t\t\n\t\t<\/li>\n\n<li class=\"ub_styled_list_item\" style=\"--ub-list-item-icon-top: 3px; --ub-list-item-icon-size: 0.9em; --ub-list-item-background-image: url('data:image\/svg+xml;utf8,&lt;svg xmlns=&quot;http:\/\/www.w3.org\/2000\/svg&quot; viewBox=&quot;0 0 512 512&quot;&gt;&lt;path fill=&quot;%23000000&quot; d=&quot;M470.6 105.4c12.5 12.5 12.5 32.8 0 45.3l-256 256c-12.5 12.5-32.8 12.5-45.3 0l-128-128c-12.5-12.5-12.5-32.8 0-45.3s32.8-12.5 45.3 0L192 338.7 425.4 105.4c12.5-12.5 32.8-12.5 45.3 0z&quot;&gt;&lt;\/path&gt;&lt;\/svg&gt;'); \" id=\"ub-styled-list-item-4ae03d62-d8f0-401c-bfee-5364f2aa3674\">\n\t\t\t<div class=\"ub_list_item_content\">\n\t\t\t\t<span class=\"ub_list_item_icon\">\n\t\t\t\t\t<svg width=\"0.9em\" height=\"0.9em\" xmlns=\"http:\/\/www.w3.org\/2000\/svg\" viewbox=\"0 0 512 512\"><path fill=\"#000000\" d=\"M470.6 105.4c12.5 12.5 12.5 32.8 0 45.3l-256 256c-12.5 12.5-32.8 12.5-45.3 0l-128-128c-12.5-12.5-12.5-32.8 0-45.3s32.8-12.5 45.3 0L192 338.7 425.4 105.4c12.5-12.5 32.8-12.5 45.3 0z\"><\/path><\/svg>\n\t\t\t\t<\/span>\n\t\t\t\t<span class=\"ub_list_item_text\">401K con hasta un 7% de aporte de HSYC<\/span>\n\t\t\t<\/div>\n\t\t\t\n\t\t<\/li>\n\n<li class=\"ub_styled_list_item\" style=\"--ub-list-item-icon-top: 3px; --ub-list-item-icon-size: 0.9em; --ub-list-item-background-image: url('data:image\/svg+xml;utf8,&lt;svg xmlns=&quot;http:\/\/www.w3.org\/2000\/svg&quot; viewBox=&quot;0 0 512 512&quot;&gt;&lt;path fill=&quot;%23000000&quot; d=&quot;M470.6 105.4c12.5 12.5 12.5 32.8 0 45.3l-256 256c-12.5 12.5-32.8 12.5-45.3 0l-128-128c-12.5-12.5-12.5-32.8 0-45.3s32.8-12.5 45.3 0L192 338.7 425.4 105.4c12.5-12.5 32.8-12.5 45.3 0z&quot;&gt;&lt;\/path&gt;&lt;\/svg&gt;'); \" id=\"ub-styled-list-item-b41234e4-3762-4b87-839e-071f111aba54\">\n\t\t\t<div class=\"ub_list_item_content\">\n\t\t\t\t<span class=\"ub_list_item_icon\">\n\t\t\t\t\t<svg width=\"0.9em\" height=\"0.9em\" xmlns=\"http:\/\/www.w3.org\/2000\/svg\" viewbox=\"0 0 512 512\"><path fill=\"#000000\" d=\"M470.6 105.4c12.5 12.5 12.5 32.8 0 45.3l-256 256c-12.5 12.5-32.8 12.5-45.3 0l-128-128c-12.5-12.5-12.5-32.8 0-45.3s32.8-12.5 45.3 0L192 338.7 425.4 105.4c12.5-12.5 32.8-12.5 45.3 0z\"><\/path><\/svg>\n\t\t\t\t<\/span>\n\t\t\t\t<span class=\"ub_list_item_text\">Seguro de vida<\/span>\n\t\t\t<\/div>\n\t\t\t\n\t\t<\/li>\n\n<li class=\"ub_styled_list_item\" style=\"--ub-list-item-icon-top: 3px; --ub-list-item-icon-size: 0.9em; --ub-list-item-background-image: url('data:image\/svg+xml;utf8,&lt;svg xmlns=&quot;http:\/\/www.w3.org\/2000\/svg&quot; viewBox=&quot;0 0 512 512&quot;&gt;&lt;path fill=&quot;%23000000&quot; d=&quot;M470.6 105.4c12.5 12.5 12.5 32.8 0 45.3l-256 256c-12.5 12.5-32.8 12.5-45.3 0l-128-128c-12.5-12.5-12.5-32.8 0-45.3s32.8-12.5 45.3 0L192 338.7 425.4 105.4c12.5-12.5 32.8-12.5 45.3 0z&quot;&gt;&lt;\/path&gt;&lt;\/svg&gt;'); \" id=\"ub-styled-list-item-ccab8326-67c6-4654-a745-8bd7f96cd5d4\">\n\t\t\t<div class=\"ub_list_item_content\">\n\t\t\t\t<span class=\"ub_list_item_icon\">\n\t\t\t\t\t<svg width=\"0.9em\" height=\"0.9em\" xmlns=\"http:\/\/www.w3.org\/2000\/svg\" viewbox=\"0 0 512 512\"><path fill=\"#000000\" d=\"M470.6 105.4c12.5 12.5 12.5 32.8 0 45.3l-256 256c-12.5 12.5-32.8 12.5-45.3 0l-128-128c-12.5-12.5-12.5-32.8 0-45.3s32.8-12.5 45.3 0L192 338.7 425.4 105.4c12.5-12.5 32.8-12.5 45.3 0z\"><\/path><\/svg>\n\t\t\t\t<\/span>\n\t\t\t\t<span class=\"ub_list_item_text\">Seguro de discapacidad a largo plazo<\/span>\n\t\t\t<\/div>\n\t\t\t\n\t\t<\/li>\n\n<li class=\"ub_styled_list_item\" style=\"--ub-list-item-icon-top: 3px; --ub-list-item-icon-size: 0.9em; --ub-list-item-background-image: url('data:image\/svg+xml;utf8,&lt;svg xmlns=&quot;http:\/\/www.w3.org\/2000\/svg&quot; viewBox=&quot;0 0 512 512&quot;&gt;&lt;path fill=&quot;%23000000&quot; d=&quot;M470.6 105.4c12.5 12.5 12.5 32.8 0 45.3l-256 256c-12.5 12.5-32.8 12.5-45.3 0l-128-128c-12.5-12.5-12.5-32.8 0-45.3s32.8-12.5 45.3 0L192 338.7 425.4 105.4c12.5-12.5 32.8-12.5 45.3 0z&quot;&gt;&lt;\/path&gt;&lt;\/svg&gt;'); \" id=\"ub-styled-list-item-d6825f20-4109-46b2-a7ca-8324cda99cdd\">\n\t\t\t<div class=\"ub_list_item_content\">\n\t\t\t\t<span class=\"ub_list_item_icon\">\n\t\t\t\t\t<svg width=\"0.9em\" height=\"0.9em\" xmlns=\"http:\/\/www.w3.org\/2000\/svg\" viewbox=\"0 0 512 512\"><path fill=\"#000000\" d=\"M470.6 105.4c12.5 12.5 12.5 32.8 0 45.3l-256 256c-12.5 12.5-32.8 12.5-45.3 0l-128-128c-12.5-12.5-12.5-32.8 0-45.3s32.8-12.5 45.3 0L192 338.7 425.4 105.4c12.5-12.5 32.8-12.5 45.3 0z\"><\/path><\/svg>\n\t\t\t\t<\/span>\n\t\t\t\t<span class=\"ub_list_item_text\">Seguro de vida voluntario<\/span>\n\t\t\t<\/div>\n\t\t\t\n\t\t<\/li>\n\n<li class=\"ub_styled_list_item\" style=\"--ub-list-item-icon-top: 3px; --ub-list-item-icon-size: 0.9em; --ub-list-item-background-image: url('data:image\/svg+xml;utf8,&lt;svg xmlns=&quot;http:\/\/www.w3.org\/2000\/svg&quot; viewBox=&quot;0 0 512 512&quot;&gt;&lt;path fill=&quot;%23000000&quot; d=&quot;M470.6 105.4c12.5 12.5 12.5 32.8 0 45.3l-256 256c-12.5 12.5-32.8 12.5-45.3 0l-128-128c-12.5-12.5-12.5-32.8 0-45.3s32.8-12.5 45.3 0L192 338.7 425.4 105.4c12.5-12.5 32.8-12.5 45.3 0z&quot;&gt;&lt;\/path&gt;&lt;\/svg&gt;'); \" id=\"ub-styled-list-item-233c5457-3f4d-473c-bc2a-0978000d9826\">\n\t\t\t<div class=\"ub_list_item_content\">\n\t\t\t\t<span class=\"ub_list_item_icon\">\n\t\t\t\t\t<svg width=\"0.9em\" height=\"0.9em\" xmlns=\"http:\/\/www.w3.org\/2000\/svg\" viewbox=\"0 0 512 512\"><path fill=\"#000000\" d=\"M470.6 105.4c12.5 12.5 12.5 32.8 0 45.3l-256 256c-12.5 12.5-32.8 12.5-45.3 0l-128-128c-12.5-12.5-12.5-32.8 0-45.3s32.8-12.5 45.3 0L192 338.7 425.4 105.4c12.5-12.5 32.8-12.5 45.3 0z\"><\/path><\/svg>\n\t\t\t\t<\/span>\n\t\t\t\t<span class=\"ub_list_item_text\">Planes m\u00e9dicos de gastos flexibles<\/span>\n\t\t\t<\/div>\n\t\t\t\n\t\t<\/li>\n\n<li class=\"ub_styled_list_item\" style=\"--ub-list-item-icon-top: 3px; --ub-list-item-icon-size: 0.9em; --ub-list-item-background-image: url('data:image\/svg+xml;utf8,&lt;svg xmlns=&quot;http:\/\/www.w3.org\/2000\/svg&quot; viewBox=&quot;0 0 512 512&quot;&gt;&lt;path fill=&quot;%23000000&quot; d=&quot;M470.6 105.4c12.5 12.5 12.5 32.8 0 45.3l-256 256c-12.5 12.5-32.8 12.5-45.3 0l-128-128c-12.5-12.5-12.5-32.8 0-45.3s32.8-12.5 45.3 0L192 338.7 425.4 105.4c12.5-12.5 32.8-12.5 45.3 0z&quot;&gt;&lt;\/path&gt;&lt;\/svg&gt;'); \" id=\"ub-styled-list-item-f2a941a9-72e0-492c-8d95-ec68ff7d998c\">\n\t\t\t<div class=\"ub_list_item_content\">\n\t\t\t\t<span class=\"ub_list_item_icon\">\n\t\t\t\t\t<svg width=\"0.9em\" height=\"0.9em\" xmlns=\"http:\/\/www.w3.org\/2000\/svg\" viewbox=\"0 0 512 512\"><path fill=\"#000000\" d=\"M470.6 105.4c12.5 12.5 12.5 32.8 0 45.3l-256 256c-12.5 12.5-32.8 12.5-45.3 0l-128-128c-12.5-12.5-12.5-32.8 0-45.3s32.8-12.5 45.3 0L192 338.7 425.4 105.4c12.5-12.5 32.8-12.5 45.3 0z\"><\/path><\/svg>\n\t\t\t\t<\/span>\n\t\t\t\t<span class=\"ub_list_item_text\">Programa de asistencia al empleado<\/span>\n\t\t\t<\/div>\n\t\t\t\n\t\t<\/li>\n<\/div><\/ul>\n<\/div><\/div><\/div>\n\n<div class=\"gb-grid-column gb-grid-column-0b680fc7\"><div class=\"gb-container gb-container-0b680fc7\"><div class=\"gb-inside-container\">\n\n<figure class=\"wp-block-image size-large\"><img loading=\"lazy\" decoding=\"async\" width=\"1024\" height=\"720\" src=\"https:\/\/yamhill.demo.webriculture.com\/wp-content\/uploads\/2022\/08\/DSC_0005-2-1024x720.jpg\" alt=\"\" class=\"wp-image-2518\" srcset=\"https:\/\/yamhillheadstart.org\/wp-content\/uploads\/2022\/08\/DSC_0005-2-1024x720.jpg 1024w, https:\/\/yamhillheadstart.org\/wp-content\/uploads\/2022\/08\/DSC_0005-2-300x211.jpg 300w, https:\/\/yamhillheadstart.org\/wp-content\/uploads\/2022\/08\/DSC_0005-2-768x540.jpg 768w, https:\/\/yamhillheadstart.org\/wp-content\/uploads\/2022\/08\/DSC_0005-2-1536x1080.jpg 1536w, https:\/\/yamhillheadstart.org\/wp-content\/uploads\/2022\/08\/DSC_0005-2-2048x1441.jpg 2048w, https:\/\/yamhillheadstart.org\/wp-content\/uploads\/2022\/08\/DSC_0005-2-18x12.jpg 18w\" sizes=\"auto, (max-width: 1024px) 100vw, 1024px\" \/><\/figure>\n\n<\/div><\/div><\/div>\n<\/div>\n<\/div><\/div>\n\n<div class=\"gb-container gb-container-cfb80fbe\"><div class=\"gb-inside-container\">\n<div class=\"gb-grid-wrapper gb-grid-wrapper-e3e523d6 flex-mobile-column-reverse\">\n<div class=\"gb-grid-column gb-grid-column-33c85794\"><div class=\"gb-container gb-container-33c85794\"><div class=\"gb-inside-container\">\n\n<figure class=\"wp-block-image size-large\"><img loading=\"lazy\" decoding=\"async\" width=\"1024\" height=\"683\" src=\"https:\/\/yamhillheadstart.org\/wp-content\/uploads\/2023\/01\/DSC_0177-1024x683.jpg\" alt=\"\" class=\"wp-image-3311\" srcset=\"https:\/\/yamhillheadstart.org\/wp-content\/uploads\/2023\/01\/DSC_0177-1024x683.jpg 1024w, https:\/\/yamhillheadstart.org\/wp-content\/uploads\/2023\/01\/DSC_0177-300x200.jpg 300w, https:\/\/yamhillheadstart.org\/wp-content\/uploads\/2023\/01\/DSC_0177-768x512.jpg 768w, https:\/\/yamhillheadstart.org\/wp-content\/uploads\/2023\/01\/DSC_0177-1536x1024.jpg 1536w, https:\/\/yamhillheadstart.org\/wp-content\/uploads\/2023\/01\/DSC_0177-2048x1365.jpg 2048w, https:\/\/yamhillheadstart.org\/wp-content\/uploads\/2023\/01\/DSC_0177-18x12.jpg 18w\" sizes=\"auto, (max-width: 1024px) 100vw, 1024px\" \/><\/figure>\n\n<\/div><\/div><\/div>\n\n<div class=\"gb-grid-column gb-grid-column-5340f7db\"><div class=\"gb-container gb-container-5340f7db\"><div class=\"gb-inside-container\">\n\n<h2 class=\"wp-block-heading\"><strong>Puestos actualmente disponibles<\/strong><\/h2>\n\n\n\n<p class=\"has-medium-font-size\">Las aplicaciones se aceptan en cualquier momento para cualquiera de nuestros puestos y se mantendr\u00e1n archivadas por un a\u00f1o. Biling\u00fce: se prefiere ingl\u00e9s-espa\u00f1ol para la mayor\u00eda de los puestos. Los requisitos, las preferencias y la compensaci\u00f3n se anotan en descripciones de los puestos.<\/p>\n\n\n\n<div class=\"wp-block-file\"><a id=\"wp-block-file--media-841bcf92-3db3-498c-9108-549735e6a3b8\" href=\"https:\/\/yamhillheadstart.org\/wp-content\/uploads\/2026\/04\/Enrollment-and-Administrative-Specialist-Job-Description.pdf\" target=\"_blank\" rel=\"noreferrer noopener\">Enrollment and Administrative Specialist<\/a><\/div>\n\n\n\n<div class=\"wp-block-file\"><a id=\"wp-block-file--media-94d26b55-9c77-4084-93a5-6b91650a61d7\" href=\"https:\/\/yamhillheadstart.org\/wp-content\/uploads\/2025\/09\/Teacher-job-description-12.2023.pdf\" target=\"_blank\" rel=\"noreferrer noopener\">Maestro<\/a><\/div>\n\n<\/div><\/div><\/div>\n<\/div>\n<\/div><\/div>\n\n<div class=\"gb-container gb-container-ffea400e\"><div class=\"gb-inside-container\">\n<div class=\"gb-grid-wrapper gb-grid-wrapper-79073be2\">\n<div class=\"gb-grid-column gb-grid-column-46d2142d\"><div class=\"gb-container gb-container-46d2142d\"><div class=\"gb-inside-container\">\n\n<h3 class=\"wp-block-heading\"><strong>Para aplicar<\/strong><\/h3>\n\n\n\n<p class=\"has-medium-font-size\">Se requiere completar una aplicacion de empleo de Head Start y entregar un curr\u00edculum para ser considerado para el empleo. Env\u00ede su curr\u00edculum por correo electr\u00f3nico a <a href=\"mailto:hr@yamhillheadstart.org\">hr@yamhillheadstart.org<\/a><\/p>\n\n\n<div class=\"gb-button-wrapper gb-button-wrapper-431a1d75\">\n\n<a class=\"gb-button gb-button-8e8dbf2e gb-button-text\" href=\"\/es\/apply-online\/\">Aplique ahora<\/a>\n\n<\/div>\n<\/div><\/div><\/div>\n\n<div class=\"gb-grid-column gb-grid-column-714d7acc\"><div class=\"gb-container gb-container-714d7acc\"><div class=\"gb-inside-container\">\n\n<figure class=\"wp-block-image size-large\"><img loading=\"lazy\" decoding=\"async\" width=\"1024\" height=\"738\" src=\"https:\/\/yamhillheadstart.org\/wp-content\/uploads\/2023\/01\/DSC_0590-1024x738.jpg\" alt=\"\" class=\"wp-image-3312\" srcset=\"https:\/\/yamhillheadstart.org\/wp-content\/uploads\/2023\/01\/DSC_0590-1024x738.jpg 1024w, https:\/\/yamhillheadstart.org\/wp-content\/uploads\/2023\/01\/DSC_0590-300x216.jpg 300w, https:\/\/yamhillheadstart.org\/wp-content\/uploads\/2023\/01\/DSC_0590-768x553.jpg 768w, https:\/\/yamhillheadstart.org\/wp-content\/uploads\/2023\/01\/DSC_0590-1536x1107.jpg 1536w, https:\/\/yamhillheadstart.org\/wp-content\/uploads\/2023\/01\/DSC_0590-2048x1476.jpg 2048w, https:\/\/yamhillheadstart.org\/wp-content\/uploads\/2023\/01\/DSC_0590-18x12.jpg 18w\" sizes=\"auto, (max-width: 1024px) 100vw, 1024px\" \/><\/figure>\n\n<\/div><\/div><\/div>\n<\/div>\n<\/div><\/div>\n\n<div class=\"gb-container gb-container-5615af97\"><div class=\"gb-inside-container\">\n<div class=\"gb-grid-wrapper gb-grid-wrapper-f498a9b3 flex-mobile-column-reverse\">\n<div class=\"gb-grid-column gb-grid-column-66b7ffc0\"><div class=\"gb-container gb-container-66b7ffc0\"><div class=\"gb-inside-container\">\n\n<figure class=\"wp-block-image size-large\"><img loading=\"lazy\" decoding=\"async\" width=\"978\" height=\"1024\" src=\"https:\/\/yamhillheadstart.org\/wp-content\/uploads\/2023\/01\/Image2-2-978x1024.jpeg\" alt=\"\" class=\"wp-image-3313\" srcset=\"https:\/\/yamhillheadstart.org\/wp-content\/uploads\/2023\/01\/Image2-2-978x1024.jpeg 978w, https:\/\/yamhillheadstart.org\/wp-content\/uploads\/2023\/01\/Image2-2-286x300.jpeg 286w, https:\/\/yamhillheadstart.org\/wp-content\/uploads\/2023\/01\/Image2-2-768x804.jpeg 768w, https:\/\/yamhillheadstart.org\/wp-content\/uploads\/2023\/01\/Image2-2-1467x1536.jpeg 1467w, https:\/\/yamhillheadstart.org\/wp-content\/uploads\/2023\/01\/Image2-2-11x12.jpeg 11w, https:\/\/yamhillheadstart.org\/wp-content\/uploads\/2023\/01\/Image2-2.jpeg 1500w\" sizes=\"auto, (max-width: 978px) 100vw, 978px\" \/><\/figure>\n\n<\/div><\/div><\/div>\n\n<div class=\"gb-grid-column gb-grid-column-f68b3e55\"><div class=\"gb-container gb-container-f68b3e55\"><div class=\"gb-inside-container\">\n\n<h3 class=\"wp-block-heading\"><strong>Empleados actuales<\/strong><\/h3>\n\n\n\n<p class=\"has-medium-font-size\">Current employees wishing to apply for open&nbsp;positions, please complete an&nbsp;Employee Transfer or Promotion Application&nbsp;form and submit to Human Resources.<\/p>\n\n\n\n<div class=\"wp-block-file\"><a id=\"wp-block-file--media-0b51f8d9-ac2e-4069-b4aa-24022eac1a59\" href=\"https:\/\/yamhill.demo.webriculture.com\/wp-content\/uploads\/2022\/10\/TRANSFER-OR-PROMOTION-APPLICATION.pdf\">Solicitud de Transferencia o Promoci\u00f3n<\/a><\/div>\n\n\n\n<div class=\"wp-block-file\"><a id=\"wp-block-file--media-2a382e06-c755-462b-9234-045f7c7612de\" href=\"https:\/\/yamhillheadstart.org\/wp-content\/uploads\/2023\/02\/Employment-Application-10.2022.pdf\">Aplicacion de Empleo<\/a><\/div>\n\n<\/div><\/div><\/div>\n<\/div>\n<\/div><\/div>\n<\/div><\/div>\n\n\n<p class=\"has-small-font-size\"><em>Head Start of Yamhill County es proveedor con igualdad de oportunidad.<\/em><\/p>","protected":false},"excerpt":{"rendered":"<p>Join our team! Are you interested in joining the HSYC family?&nbsp;We believe our employees are our most valuable resource! We are committed to creating an environment which supports personal growth and learning. Be part of a team who creates opportunities for children and families to thrive and grow. Head Start of Yamhill County&nbsp;is an equal &#8230; <a title=\"Puestos Disponibles\" class=\"read-more\" href=\"https:\/\/yamhillheadstart.org\/es\/current-job-openings\/\" aria-label=\"More on Current Job Openings\">Read more<\/a><\/p>","protected":false},"author":1,"featured_media":2630,"parent":0,"menu_order":0,"comment_status":"closed","ping_status":"closed","template":"","meta":{"footnotes":""},"class_list":["post-106","page","type-page","status-publish","has-post-thumbnail"],"featured_image_src":"https:\/\/yamhillheadstart.org\/wp-content\/uploads\/2022\/09\/Banner-7-2-1.jpg","_links":{"self":[{"href":"https:\/\/yamhillheadstart.org\/es\/wp-json\/wp\/v2\/pages\/106","targetHints":{"allow":["GET"]}}],"collection":[{"href":"https:\/\/yamhillheadstart.org\/es\/wp-json\/wp\/v2\/pages"}],"about":[{"href":"https:\/\/yamhillheadstart.org\/es\/wp-json\/wp\/v2\/types\/page"}],"author":[{"embeddable":true,"href":"https:\/\/yamhillheadstart.org\/es\/wp-json\/wp\/v2\/users\/1"}],"replies":[{"embeddable":true,"href":"https:\/\/yamhillheadstart.org\/es\/wp-json\/wp\/v2\/comments?post=106"}],"version-history":[{"count":161,"href":"https:\/\/yamhillheadstart.org\/es\/wp-json\/wp\/v2\/pages\/106\/revisions"}],"predecessor-version":[{"id":10697,"href":"https:\/\/yamhillheadstart.org\/es\/wp-json\/wp\/v2\/pages\/106\/revisions\/10697"}],"wp:featuredmedia":[{"embeddable":true,"href":"https:\/\/yamhillheadstart.org\/es\/wp-json\/wp\/v2\/media\/2630"}],"wp:attachment":[{"href":"https:\/\/yamhillheadstart.org\/es\/wp-json\/wp\/v2\/media?parent=106"}],"curies":[{"name":"wp","href":"https:\/\/api.w.org\/{rel}","templated":true}]}}